{"id":92012,"date":"2025-03-05T08:10:21","date_gmt":"2025-03-05T08:10:21","guid":{"rendered":"https:\/\/zelenydrak.cz\/velkoobchod\/?post_type=product&#038;p=92012"},"modified":"2025-03-05T08:10:25","modified_gmt":"2025-03-05T08:10:25","slug":"spetka-thajska-oolong-sypany-caj","status":"publish","type":"product","link":"https:\/\/zelenydrak.cz\/velkoobchod\/produkt\/spetka-thajska-oolong-sypany-caj\/","title":{"rendered":"\u0160PETKA THAJSKA &#8211; oolong sypan\u00fd \u010daj"},"content":{"rendered":"<h2>\u0160PETKA THAJSKA<\/h2>\n<p>Slo\u017een\u00ed \u010daje: China Oolong, citronov\u00e1 k\u016fra, \u010dern\u00fd \u010daj Golden Yunnan OP, mrkev, p\u0159\u00edrodn\u00ed aroma, bazalka. Pr\u00e9miov\u00e1 sm\u011bs s p\u0159\u00edsadami z udr\u017eiteln\u00e9ho p\u011bstov\u00e1n\u00ed a p\u0159\u00edrodn\u00edm aroma.<\/p>\n<p>\u0160PETKA THAJSKA polofermentovan\u00fd \u010daj vyroben s p\u00e9\u010d\u00ed a preciznost\u00ed, je pr\u00e9miovou sm\u011bs\u00ed z ingredienc\u00ed z udr\u017eiteln\u00e9ho p\u011bstov\u00e1n\u00ed a p\u0159\u00edrodn\u00edch aromat. Mezi jeho kl\u00ed\u010dov\u00e9 slo\u017eky pat\u0159\u00ed China Oolong, citronov\u00e1 k\u016fra, \u010dern\u00fd \u010daj Golden Yunnan OP, mrkev, p\u0159\u00edrodn\u00ed aroma a bazalka. Tyto ingredience se dokonale spojuj\u00ed a vytv\u00e1\u0159ej\u00ed jedine\u010dn\u00fd a lahodn\u00fd \u010dajov\u00fd z\u00e1\u017eitek. Jednou z v\u011bc\u00ed, kter\u00e1 odli\u0161uje \u0160petku thajska, je jeho dokonal\u00e1 rovnov\u00e1ha chut\u00ed. T\u00f3ny citronu a merun\u011bk dokonale dopl\u0148uje bohat\u00e1 a tr\u00e1vov\u00e1 chu\u0165 \u010daje Oolong. D\u00edky t\u00e9to rovnov\u00e1ze chut\u00ed je \u0160petka thajska skv\u011blou volbou pro ka\u017edou denn\u00ed dobu, a\u0165 u\u017e za\u010d\u00edn\u00e1te r\u00e1no \u0161\u00e1lkem \u010daje nebo odpo\u010d\u00edv\u00e1te po dlouh\u00e9m dni.<\/p>\n<p>A\u0165 u\u017e jste znalci \u010daje nebo jen hled\u00e1te nov\u00fd \u010daj k ochutn\u00e1n\u00ed,\u0160petka thajska rozhodn\u011b stoj\u00ed za vyzkou\u0161en\u00ed. Jeho jedine\u010dn\u00fd chu\u0165ov\u00fd profil, z\u00e1vazek k udr\u017eitelnosti a pr\u00e9miov\u00e1 sm\u011bs ingredienc\u00ed z n\u011bj \u010din\u00ed v\u00fdjime\u010dnou volbu mezi ostatn\u00edmi \u010daji na trhu.<\/p>\n<p>Tak pro\u010d \u010dekat? Objednejte si vlastn\u00ed s\u00e1\u010dek \u0161petky Thajska je\u0161t\u011b dnes a zjist\u011bte, pro\u010d si tolik lid\u00ed zamilovalo tento lahodn\u00fd a jedine\u010dn\u00fd \u010daj. D\u00edky citronovo-meru\u0148kov\u00e9 chuti, dokonal\u00e9 rovnov\u00e1ze chut\u00ed a z\u00e1vazku k udr\u017eitelnosti se jist\u011b stane nov\u00fdm favoritem ve va\u0161\u00ed sb\u00edrce \u010daj\u016f.<\/p>\n<p>\u010caj je mi l\u00e1skou, k\u00e1va v\u00e1\u0161n\u00ed<\/p>\n<p><em>(LEA<\/em>)<\/p>\n<p><img decoding=\"async\" src=\"https:\/\/caj-a-kava.cz\/obrazky\/uvod\/dobalouhovani\/oolong.jpg\" alt=\"Prodej \u017elut\u00e9ho (oolong) \u010daje. P\u0159\u00edprava \u010daje od Zelen\u00fd Drak \u010daj a k\u00e1va\" \/><\/p>\n","protected":false},"excerpt":{"rendered":"<p>Oolong &#8211; ochucen\u00fd \u010daj<\/p>\n<p><p><img loading=\"lazy\" decoding=\"async\" class=\"size-full wp-image-2970 alignleft\" src=\"https:\/\/zelenydrak.cz\/wp-content\/uploads\/2024\/08\/konvice-caj.png\" alt=\"\" width=\"48\" height=\"48\" \/>   V\u016fn\u011b a chu\u0165: citron a meru\u0148ka<\/p>\n","protected":false},"featured_media":92026,"comment_status":"open","ping_status":"closed","template":"","meta":[],"product_brand":[],"product_cat":[392],"product_tag":[],"class_list":{"0":"post-92012","1":"product","2":"type-product","3":"status-publish","4":"has-post-thumbnail","6":"product_cat-oolong-sypany-caj-ochuceny","8":"first","9":"instock","10":"product-type-variable","11":"has-default-attributes"},"_links":{"self":[{"href":"https:\/\/zelenydrak.cz\/velkoobchod\/wp-json\/wp\/v2\/product\/92012","targetHints":{"allow":["GET"]}}],"collection":[{"href":"https:\/\/zelenydrak.cz\/velkoobchod\/wp-json\/wp\/v2\/product"}],"about":[{"href":"https:\/\/zelenydrak.cz\/velkoobchod\/wp-json\/wp\/v2\/types\/product"}],"replies":[{"embeddable":true,"href":"https:\/\/zelenydrak.cz\/velkoobchod\/wp-json\/wp\/v2\/comments?post=92012"}],"wp:featuredmedia":[{"embeddable":true,"href":"https:\/\/zelenydrak.cz\/velkoobchod\/wp-json\/wp\/v2\/media\/92026"}],"wp:attachment":[{"href":"https:\/\/zelenydrak.cz\/velkoobchod\/wp-json\/wp\/v2\/media?parent=92012"}],"wp:term":[{"taxonomy":"product_brand","embeddable":true,"href":"https:\/\/zelenydrak.cz\/velkoobchod\/wp-json\/wp\/v2\/product_brand?post=92012"},{"taxonomy":"product_cat","embeddable":true,"href":"https:\/\/zelenydrak.cz\/velkoobchod\/wp-json\/wp\/v2\/product_cat?post=92012"},{"taxonomy":"product_tag","embeddable":true,"href":"https:\/\/zelenydrak.cz\/velkoobchod\/wp-json\/wp\/v2\/product_tag?post=92012"}],"curies":[{"name":"wp","href":"https:\/\/api.w.org\/{rel}","templated":true}]}}