{"id":92009,"date":"2025-03-05T08:10:21","date_gmt":"2025-03-05T08:10:21","guid":{"rendered":"https:\/\/zelenydrak.cz\/velkoobchod\/?post_type=product&#038;p=92009"},"modified":"2025-03-05T08:10:24","modified_gmt":"2025-03-05T08:10:24","slug":"tajemstvi-cervene-karkulky-cerny-sypany-caj","status":"publish","type":"product","link":"https:\/\/zelenydrak.cz\/velkoobchod\/produkt\/tajemstvi-cervene-karkulky-cerny-sypany-caj\/","title":{"rendered":"TAJEMSTV\u00cd \u010cERVEN\u00c9 KARKULKY &#8211; \u010dern\u00fd sypan\u00fd \u010daj"},"content":{"rendered":"<h2>TAJEMSTV\u00cd \u010cERVEN\u00c9 KARKULKY<\/h2>\n<p>Slo\u017een\u00ed \u010daje: \u010dern\u00fd \u010daj Assam, -ji\u017en\u00ed Indie, hroznov\u00e9 v\u00edno (hroznov\u00e9, rostlinn\u00fd olej), kakaov\u00e9 boby, p\u0159\u00edrodn\u00ed aroma, aronie, maliny, \u010derven\u00fd ryb\u00edz, jahoda. Pr\u00e9miov\u00e1 sm\u011bs s p\u0159\u00edsadami z udr\u017eiteln\u00e9ho p\u011bstov\u00e1n\u00ed a p\u0159\u00edrodn\u00edmi p\u0159\u00edchut\u011bmi.<\/p>\n<p>Jste milovn\u00edkem \u010daje a hled\u00e1te novou sm\u011bs, kterou byste mohli vyzkou\u0161et? Zkuste Tajemstv\u00ed \u010cerven\u00e9 Karkulky \u2013 sypanou sm\u011bs \u010dern\u00e9ho \u010daje, kter\u00e1 jist\u011b uspokoj\u00ed va\u0161e chu\u0165ov\u00e9 poh\u00e1rky sv\u00fdm jedine\u010dn\u00fdm chu\u0165ov\u00fdm profilem.<\/p>\n<p>Tajemstv\u00ed \u010cerven\u00e9 Karkulky je pr\u00e9miov\u00e1 sm\u011bs vyroben\u00e1 z ingredienc\u00ed z udr\u017eiteln\u00e9ho p\u011bstov\u00e1n\u00ed a p\u0159\u00edrodn\u00edch p\u0159\u00edchut\u00ed. Sm\u011bs obsahuje \u010dern\u00fd \u010daj Assam z ji\u017en\u00ed Indie, hroznov\u00e9 v\u00edno (hroznov\u00e9, rostlinn\u00fd olej), kakaov\u00e9 boby, p\u0159\u00edrodn\u00ed aroma, aronie, maliny, \u010derven\u00fd ryb\u00edz a jahody. Tato kombinace ingredienc\u00ed vytv\u00e1\u0159\u00ed komplexn\u00ed chu\u0165ov\u00fd profil, kter\u00fd je ovocn\u00fd i sladk\u00fd, s n\u00e1dechem kakaa.<\/p>\n<p>Dal\u0161\u00ed z chut\u00ed v t\u00e9to sm\u011bsi je chu\u0165 lesn\u00edch plod\u016f. Kombinace aronie, malin, \u010derven\u00e9ho ryb\u00edzu a jahod vytv\u00e1\u0159\u00ed ovocnou a lehce pikantn\u00ed chu\u0165, kter\u00e1 p\u0159ipom\u00edn\u00e1 kompot z lesn\u00edch plod\u016f. P\u0159\u00edrodn\u00ed aroma pou\u017eit\u00e9 ve sm\u011bsi pom\u00e1h\u00e1 vylep\u0161it tento chu\u0165ov\u00fd profil a dod\u00e1v\u00e1 mu lehce nasl\u00e1dlou a kv\u011btinovou chu\u0165.<\/p>\n<p>\u010cern\u00fd \u010daj Assam pou\u017eit\u00fd v Tajemstv\u00ed \u010cerven\u00e9 Karkulky dod\u00e1v\u00e1 sm\u011bsi siln\u00fd a robustn\u00ed z\u00e1klad. M\u00e1 sladovou chu\u0165 s lehkou ho\u0159kost\u00ed, kter\u00e1 je charakteristick\u00e1 pro \u010dern\u00e9 \u010daje. Tato z\u00e1kladn\u00ed chu\u0165 je vyv\u00e1\u017eena ovocnou a sladkou chut\u00ed ostatn\u00edch ingredienc\u00ed, co\u017e vytv\u00e1\u0159\u00ed dob\u0159e zaoblen\u00fd a komplexn\u00ed chu\u0165ov\u00fd z\u00e1\u017eitek. <\/p>\n<p>Dal\u0161\u00ed z jedine\u010dn\u00fdch ingredienc\u00ed v t\u00e9to sm\u011bsi jsou kakaov\u00e9 boby. Tyto mal\u00e9 kousky pra\u017een\u00fdch kakaov\u00fdch bob\u016f dod\u00e1vaj\u00ed \u010daji jemnou \u010dokol\u00e1dovou chu\u0165 a p\u011bkn\u011b dopl\u0148uj\u00ed chu\u0165 lesn\u00edch plod\u016f. Kakaov\u00e9 boby jsou p\u0159\u00edjemn\u00fdm p\u0159ekvapen\u00edm p\u0159i pop\u00edjen\u00ed \u010daje.<\/p>\n<p>Celkov\u011b je Tajemstv\u00ed \u010cerven\u00e9 Karkulky lahodn\u00e1 a jedine\u010dn\u00e1 \u010dajov\u00e1 sm\u011bs, kter\u00e1 je ide\u00e1ln\u00ed pro milovn\u00edky \u010daje, kte\u0159\u00ed hledaj\u00ed n\u011bco nov\u00e9ho k vyzkou\u0161en\u00ed. D\u00edky p\u0159\u00edrodn\u00edm p\u0159\u00edchut\u00edm a udr\u017eiteln\u00fdm ingredienc\u00edm je sm\u011bs skv\u011blou volbou pro ty, kte\u0159\u00ed si uv\u011bdomuj\u00ed dopad sv\u00e9ho v\u00fdb\u011bru potravin. <\/p>\n<p>Pokud m\u00e1te z\u00e1jem Tajemstv\u00ed \u010cerven\u00e9 Karkulky vyzkou\u0161et, m\u016f\u017eete si ho zakoupit jako sypan\u00fd \u010daj. Chcete-li \u010daj uva\u0159it, jednodu\u0161e p\u0159idejte l\u017ei\u010dku sypk\u00fdch l\u00edstk\u016f do s\u00edtka nebo louhova\u010de a louhujte v hork\u00e9 vod\u011b po dobu 3-5 minut. Dobu louhov\u00e1n\u00ed m\u016f\u017eete upravit podle sv\u00fdch osobn\u00edch preferenc\u00ed ohledn\u011b s\u00edly \u010daje.<\/p>\n<p>Z\u00e1v\u011brem lze \u0159\u00edci, \u017ee Tajemstv\u00ed \u010cerven\u00e9 Karkulky je pr\u00e9miov\u00e1 sypan\u00e1 sm\u011bs \u010dern\u00e9ho \u010daje, kter\u00e1 jist\u011b zap\u016fsob\u00ed na milovn\u00edky \u010daje sv\u00fdm jedine\u010dn\u00fdm chu\u0165ov\u00fdm profilem. A\u0165 u\u017e jste fanou\u0161kem ovocn\u00fdch \u010daj\u016f nebo d\u00e1v\u00e1te p\u0159ednost robustn\u011bj\u0161\u00edmu \u010dern\u00e9mu \u010daji, tato sm\u011bs jist\u011b uspokoj\u00ed va\u0161e chu\u0165ov\u00e9 poh\u00e1rky. Vyzkou\u0161ejte ji a objevte Tajemstv\u00ed \u010derven\u00e9 karkulky na vlastn\u00ed k\u016f\u017ei!<\/p>\n<p>\u010caj je mi l\u00e1skou, k\u00e1va v\u00e1\u0161n\u00ed<\/p>\n<p>(LEA)<\/p>\n<p><p><img decoding=\"async\" src=\"https:\/\/caj-a-kava.cz\/obrazky\/uvod\/dobalouhovani\/cerny_caj.jpg\" alt=\"Prodej \u010dern\u00e9ho \u010daje. P\u0159\u00edprava \u010dern\u00e9ho \u010daje od Zelen\u00fd Drak \u010daj a k\u00e1va\" \/><\/p>\n","protected":false},"excerpt":{"rendered":"<p><img loading=\"lazy\" decoding=\"async\" class=\"size-full wp-image-2970 alignleft\" src=\"https:\/\/zelenydrak.cz\/wp-content\/uploads\/2024\/08\/konvice-caj.png\" alt=\"\" width=\"48\" height=\"48\" \/> <\/p>\n<p>\u010cern\u00fd ochucen\u00fd \u010daj s chut\u00ed lesn\u00edch plod\u016f<\/p>\n","protected":false},"featured_media":92017,"comment_status":"open","ping_status":"closed","template":"","meta":[],"product_brand":[],"product_cat":[389],"product_tag":[],"class_list":{"0":"post-92009","1":"product","2":"type-product","3":"status-publish","4":"has-post-thumbnail","6":"product_cat-cerny-sypany-caj-ochuceny","8":"first","9":"instock","10":"product-type-variable","11":"has-default-attributes"},"_links":{"self":[{"href":"https:\/\/zelenydrak.cz\/velkoobchod\/wp-json\/wp\/v2\/product\/92009","targetHints":{"allow":["GET"]}}],"collection":[{"href":"https:\/\/zelenydrak.cz\/velkoobchod\/wp-json\/wp\/v2\/product"}],"about":[{"href":"https:\/\/zelenydrak.cz\/velkoobchod\/wp-json\/wp\/v2\/types\/product"}],"replies":[{"embeddable":true,"href":"https:\/\/zelenydrak.cz\/velkoobchod\/wp-json\/wp\/v2\/comments?post=92009"}],"wp:featuredmedia":[{"embeddable":true,"href":"https:\/\/zelenydrak.cz\/velkoobchod\/wp-json\/wp\/v2\/media\/92017"}],"wp:attachment":[{"href":"https:\/\/zelenydrak.cz\/velkoobchod\/wp-json\/wp\/v2\/media?parent=92009"}],"wp:term":[{"taxonomy":"product_brand","embeddable":true,"href":"https:\/\/zelenydrak.cz\/velkoobchod\/wp-json\/wp\/v2\/product_brand?post=92009"},{"taxonomy":"product_cat","embeddable":true,"href":"https:\/\/zelenydrak.cz\/velkoobchod\/wp-json\/wp\/v2\/product_cat?post=92009"},{"taxonomy":"product_tag","embeddable":true,"href":"https:\/\/zelenydrak.cz\/velkoobchod\/wp-json\/wp\/v2\/product_tag?post=92009"}],"curies":[{"name":"wp","href":"https:\/\/api.w.org\/{rel}","templated":true}]}}