{"id":91963,"date":"2025-03-05T08:10:11","date_gmt":"2025-03-05T08:10:11","guid":{"rendered":"https:\/\/zelenydrak.cz\/velkoobchod\/?post_type=product&#038;p=91963"},"modified":"2025-03-05T08:10:21","modified_gmt":"2025-03-05T08:10:21","slug":"ruzovy-raj-cerny-sypany-caj","status":"publish","type":"product","link":"https:\/\/zelenydrak.cz\/velkoobchod\/produkt\/ruzovy-raj-cerny-sypany-caj\/","title":{"rendered":"R\u016e\u017dOV\u00dd R\u00c1J &#8211; \u010dern\u00fd sypan\u00fd \u010daj"},"content":{"rendered":"<h2>R\u016e\u017dOV\u00dd R\u00c1J<\/h2>\n<p>Slo\u017een\u00ed \u010daje: \u010dern\u00fd \u010daj Cejlon, -Ji\u017en\u00ed Indie, -\u010c\u00edna, ananas (ananas, cukr), pap\u00e1ja (pap\u00e1ja, cukr), hroznov\u00e9 v\u00edno (hroznov\u00e9 v\u00edno, rostlinn\u00fd olej), okv\u011btn\u00ed l\u00edstky r\u016f\u017e\u00ed (7%), p\u0159\u00edrodn\u00ed aroma, chrpa modr\u00e1.<\/p>\n<p>Jedn\u00edm z hlavn\u00edch l\u00e1kadel R\u016f\u017eov\u00e9ho r\u00e1je je unik\u00e1tn\u00ed sm\u011bs \u010dern\u00fdch \u010daj\u016f z Cejlonu, ji\u017en\u00ed Indie a \u010c\u00edny. Ka\u017ed\u00fd z t\u011bchto \u010daj\u016f p\u0159in\u00e1\u0161\u00ed sv\u016fj vlastn\u00ed odli\u0161n\u00fd chu\u0165ov\u00fd profil, jeho\u017e v\u00fdsledkem je harmonick\u00fd a dob\u0159e vyv\u00e1\u017een\u00fd \u0161\u00e1lek \u010daje. Bohat\u00e1 a robustn\u00ed chu\u0165 cejlonsk\u00e9ho \u010daje ve spojen\u00ed s jemnou sladkost\u00ed jihoindick\u00e9ho \u010daje a zemit\u00fdmi podt\u00f3ny \u010d\u00ednsk\u00e9ho \u010daje vytv\u00e1\u0159\u00ed skute\u010dn\u011b v\u00fdjime\u010dnou sm\u011bs.<\/p>\n<p>T\u00edm v\u0161ak dobrota nekon\u010d\u00ed. R\u016f\u017eov\u00fd r\u00e1j posouv\u00e1 svou chu\u0165 na dal\u0161\u00ed \u00farove\u0148 p\u0159id\u00e1n\u00edm pe\u010dliv\u011b vybran\u00fdch ingredienc\u00ed. Ananas, pap\u00e1ja a hroznov\u00e9 v\u00edno dod\u00e1vaj\u00ed n\u00e1dech ovocnosti, kter\u00fd dokonale dopl\u0148uje p\u0159irozen\u00e9 chut\u011b \u010daje. Ananas a pap\u00e1ja, oba oslazen\u00e9 \u0161petkou cukru, prop\u016fj\u010duj\u00ed ka\u017ed\u00e9mu dou\u0161ku tropick\u00fd n\u00e1dech, zat\u00edmco hroznov\u00e9 v\u00edno napu\u0161t\u011bn\u00e9 rostlinn\u00fdm olejem dod\u00e1v\u00e1 jedine\u010dnou hloubku chuti. Tyto ingredience pracuj\u00ed v harmonii se sm\u011bs\u00ed \u010dern\u00e9ho \u010daje a vytv\u00e1\u0159ej\u00ed symfonii chut\u00ed, kter\u00e1 je skute\u010dn\u011b nezapomenuteln\u00e1.<\/p>\n<p>Pro zv\u00fd\u0161en\u00ed vizu\u00e1ln\u00ed p\u0159ita\u017elivosti R\u016f\u017eov\u00e9ho r\u00e1je je \u010daj ozdoben jemn\u00fdmi okv\u011btn\u00edmi l\u00edstky r\u016f\u017e\u00ed. Nejen, \u017ee tyto okv\u011btn\u00ed l\u00edstky dodaj\u00ed va\u0161emu \u010dajov\u00e9mu z\u00e1\u017eitku n\u00e1dech elegance, ale tak\u00e9 p\u0159isp\u00edvaj\u00ed jemn\u00fdm kv\u011btinov\u00fdm t\u00f3nem, kter\u00fd zv\u00fdraz\u0148uje celkov\u00e9 aroma. P\u0159irozen\u00e9 aroma \u010daje je d\u00e1le umocn\u011bno zahrnut\u00edm modr\u00e9 chrpy, \u010d\u00edm\u017e vznik\u00e1 vizu\u00e1ln\u011b ohromuj\u00edc\u00ed n\u00e1lev, kter\u00fd je stejn\u011b kr\u00e1sn\u00fd jako lahodn\u00fd.<\/p>\n<p>P\u0159i va\u0159en\u00ed R\u016f\u017eov\u00e9ho r\u00e1je se doporu\u010duje pou\u017e\u00edt jednu \u010dajovou l\u017ei\u010dku \u010daje na \u0161\u00e1lek hork\u00e9 vody. Nechte \u010daj louhovat 3-5 minut, aby se extrahovala pln\u00e1 chu\u0165 a aroma. Jakmile se \u010daj vyluhuje, p\u0159iv\u00edt\u00e1 v\u00e1s podmaniv\u00e1 v\u016fn\u011b, kter\u00e1 probud\u00ed va\u0161e smysly. Jakmile skon\u010d\u00ed doba louhov\u00e1n\u00ed, \u010daj sce\u010fte a vychutnejte si okam\u017eik prvn\u00edho dou\u0161ku t\u00e9to vynikaj\u00edc\u00ed sm\u011bsi.<\/p>\n<p>R\u016f\u017eov\u00fd r\u00e1j je v\u00edc ne\u017e jen \u010daj; Je to z\u00e1\u017eitek. A\u0165 u\u017e si ho vychutn\u00e1te r\u00e1no na nastartov\u00e1n\u00ed dne nebo odpoledne jako uklid\u0148uj\u00edc\u00ed p\u0159est\u00e1vku, tato sypan\u00e1 sm\u011bs \u010dern\u00e9ho \u010daje jist\u011b vnese radost do va\u0161eho \u010dajov\u00e9ho ritu\u00e1lu. Jeho komplexn\u00ed chu\u0165 a podmaniv\u00e1 v\u016fn\u011b z n\u011bj d\u011blaj\u00ed v\u0161estrann\u00fd \u010daj, kter\u00fd si m\u016f\u017eete vychutnat samotn\u00fd nebo s trochou ml\u00e9ka a medu.<\/p>\n<p>Pokud se tedy chcete vydat na \u010dajovou cestu jako \u017e\u00e1dn\u00e1 jin\u00e1, vyzkou\u0161ejte R\u016f\u017eov\u00fd r\u00e1j. Nechte se okouzlit kr\u00e1sou jeho chut\u00ed, nechte se jeho v\u016fn\u00ed p\u0159en\u00e9st do r\u00e1je r\u016f\u017e\u00ed a za\u017eijte pravou podstatu sypan\u00e9ho ochucen\u00e9ho \u010dern\u00e9ho \u010daje. R\u016f\u017eov\u00fd r\u00e1j je \u010daj, kter\u00fd ve v\u00e1s zanech\u00e1 touhu po dal\u0161\u00edm dou\u0161ku za dou\u0161kem.<\/p>\n<p>\u010caj je mi l\u00e1skou, k\u00e1va v\u00e1\u0161n\u00ed<\/p>\n<p>(LEA)<\/p>\n<p><p><img decoding=\"async\" src=\"https:\/\/caj-a-kava.cz\/obrazky\/uvod\/dobalouhovani\/cerny_caj.jpg\" alt=\"Prodej \u010dern\u00e9ho \u010daje. P\u0159\u00edprava \u010dern\u00e9ho \u010daje od Zelen\u00fd Drak \u010daj a k\u00e1va\" \/><\/p>\n","protected":false},"excerpt":{"rendered":"<p><img loading=\"lazy\" decoding=\"async\" class=\"size-full wp-image-2970 alignleft\" src=\"https:\/\/zelenydrak.cz\/wp-content\/uploads\/2024\/08\/konvice-caj.png\" alt=\"\" width=\"48\" height=\"48\" \/> <\/p>\n<p>\u010cern\u00fd ochucen\u00fd \u010daj<\/p>\n<p>R\u016f\u017eov\u00fd r\u00e1j: perfektn\u00ed sypan\u00e1 sm\u011bs \u010dern\u00e9ho \u010daje pro v\u0161echny milovn\u00edky \u010daje.<\/p>\n","protected":false},"featured_media":92002,"comment_status":"open","ping_status":"closed","template":"","meta":[],"product_brand":[],"product_cat":[389],"product_tag":[],"class_list":{"0":"post-91963","1":"product","2":"type-product","3":"status-publish","4":"has-post-thumbnail","6":"product_cat-cerny-sypany-caj-ochuceny","8":"first","9":"instock","10":"product-type-variable","11":"has-default-attributes"},"_links":{"self":[{"href":"https:\/\/zelenydrak.cz\/velkoobchod\/wp-json\/wp\/v2\/product\/91963","targetHints":{"allow":["GET"]}}],"collection":[{"href":"https:\/\/zelenydrak.cz\/velkoobchod\/wp-json\/wp\/v2\/product"}],"about":[{"href":"https:\/\/zelenydrak.cz\/velkoobchod\/wp-json\/wp\/v2\/types\/product"}],"replies":[{"embeddable":true,"href":"https:\/\/zelenydrak.cz\/velkoobchod\/wp-json\/wp\/v2\/comments?post=91963"}],"wp:featuredmedia":[{"embeddable":true,"href":"https:\/\/zelenydrak.cz\/velkoobchod\/wp-json\/wp\/v2\/media\/92002"}],"wp:attachment":[{"href":"https:\/\/zelenydrak.cz\/velkoobchod\/wp-json\/wp\/v2\/media?parent=91963"}],"wp:term":[{"taxonomy":"product_brand","embeddable":true,"href":"https:\/\/zelenydrak.cz\/velkoobchod\/wp-json\/wp\/v2\/product_brand?post=91963"},{"taxonomy":"product_cat","embeddable":true,"href":"https:\/\/zelenydrak.cz\/velkoobchod\/wp-json\/wp\/v2\/product_cat?post=91963"},{"taxonomy":"product_tag","embeddable":true,"href":"https:\/\/zelenydrak.cz\/velkoobchod\/wp-json\/wp\/v2\/product_tag?post=91963"}],"curies":[{"name":"wp","href":"https:\/\/api.w.org\/{rel}","templated":true}]}}