{"id":91962,"date":"2025-03-05T08:10:11","date_gmt":"2025-03-05T08:10:11","guid":{"rendered":"https:\/\/zelenydrak.cz\/velkoobchod\/?post_type=product&#038;p=91962"},"modified":"2025-03-05T08:10:21","modified_gmt":"2025-03-05T08:10:21","slug":"ruze-z-konga-cerny-sypany-caj","status":"publish","type":"product","link":"https:\/\/zelenydrak.cz\/velkoobchod\/produkt\/ruze-z-konga-cerny-sypany-caj\/","title":{"rendered":"R\u016e\u017dE Z KONGA &#8211; \u010dern\u00fd sypan\u00fd \u010daj"},"content":{"rendered":"<h2>R\u016e\u017dE Z KONGA<\/h2>\n<p>Slo\u017een\u00ed \u010daje: \u010dern\u00fd \u010daj Cejlon, -Ji\u017en\u00ed Indie, -\u010c\u00edna, okv\u011btn\u00ed l\u00edstky r\u016f\u017e\u00ed (7%), p\u0159\u00edrodn\u00ed kv\u011btov\u00e9 aroma.<\/p>\n<p>R\u016f\u017ee z Konga: Lahodn\u00e1 sm\u011bs \u010dern\u00e9ho \u010daje a okv\u011btn\u00edch l\u00edstk\u016f r\u016f\u017e\u00ed. Milovn\u00edci \u010daje radujte se! Dnes pro v\u00e1s m\u00e1me lah\u016fdku \u2013 jedine\u010dn\u00fd a vynikaj\u00edc\u00ed \u010dern\u00fd sypan\u00fd \u010daj s n\u00e1zvem R\u016f\u017ee z Konga. Tato lahodn\u00e1 sm\u011bs kombinuje bohatost \u010dern\u00e9ho \u010daje z Cejlonu, ji\u017en\u00ed Indie a \u010c\u00edny s jemnou v\u016fn\u00ed okv\u011btn\u00edch l\u00edstk\u016f r\u016f\u017e\u00ed a vytv\u00e1\u0159\u00ed skute\u010dn\u011b po\u017eitk\u00e1\u0159sk\u00fd \u010dajov\u00fd z\u00e1\u017eitek. Slo\u017een\u00ed \u010daje R\u016f\u017ee z Konga je pe\u010dliv\u011b vytvo\u0159eno tak, aby poskytovalo dokonalou rovnov\u00e1hu chut\u00ed. Z\u00e1kladem t\u00e9to sm\u011bsi je kombinace vysoce kvalitn\u00edch \u010dern\u00fdch \u010daj\u016f poch\u00e1zej\u00edc\u00edch z Cejlonu, ji\u017en\u00ed Indie a \u010c\u00edny. Ka\u017ed\u00fd z t\u011bchto \u010daj\u016f p\u0159in\u00e1\u0161\u00ed do sm\u011bsi sv\u00e9 odli\u0161n\u00e9 vlastnosti, co\u017e vede k harmonick\u00e9mu a komplexn\u00edmu chu\u0165ov\u00e9mu profilu. To, co odli\u0161uje prav\u00fd \u010dern\u00fd \u010daj od R\u016f\u017ee z Konga, je p\u0159id\u00e1n\u00ed okv\u011btn\u00edch l\u00edstk\u016f r\u016f\u017e\u00ed. Tyto okv\u011btn\u00ed l\u00edstky, kter\u00e9 tvo\u0159\u00ed 7 % slo\u017een\u00ed, prop\u016fj\u010duj\u00ed \u010daji jemn\u00fd kv\u011btinov\u00fd n\u00e1dech. Poch\u00e1zej\u00ed z t\u011bch nejlep\u0161\u00edch r\u016f\u017e\u00ed, co\u017e zaji\u0161\u0165uje, \u017ee v\u016fn\u011b je p\u0159irozen\u00e1 a podmaniv\u00e1. Kombinace \u010dern\u00e9ho \u010daje a okv\u011btn\u00edch l\u00edstk\u016f r\u016f\u017e\u00ed vytv\u00e1\u0159\u00ed symfonii chut\u00ed, kter\u00e1 je velmi uklid\u0148uj\u00edc\u00ed. <\/p>\n<p>Jak \u010daj za\u010dnete va\u0159\u00edt, v\u016fn\u011b napln\u00ed vzduch a p\u0159enese v\u00e1s do klidn\u00e9 zahrady kvetouc\u00ed vo\u0148av\u00fdmi r\u016f\u017eemi. Je to n\u00e1dhern\u00e1 v\u016fn\u011b , kter\u00e1 probouz\u00ed va\u0161e smysly a p\u0159in\u00e1\u0161\u00ed pocit klidu. P\u0159i va\u0159en\u00ed R\u016f\u017ee z Konga se doporu\u010duje pou\u017e\u00edvat \u010derstv\u011b p\u0159eva\u0159enou vodu. Nechte \u010daj louhovat asi 3-5 minut, aby se extrahovaly v\u0161echny chut\u011b a v\u016fn\u011b. Dobu louhov\u00e1n\u00ed m\u016f\u017eete upravit podle sv\u00fdch osobn\u00edch preferenc\u00ed pro siln\u011bj\u0161\u00ed nebo jemn\u011bj\u0161\u00ed \u0161\u00e1lek \u010daje. V\u00fdsledn\u00fd n\u00e1lev m\u00e1 kr\u00e1snou \u010dervenohn\u011bdou barvu, kter\u00e1 je stejn\u011b vizu\u00e1ln\u011b p\u0159ita\u017eliv\u00e1 jako lahodn\u00e1.<\/p>\n<p>Chu\u0165 R\u016f\u017ee z Konga je opravdov\u00fdm pot\u011b\u0161en\u00edm. Z\u00e1klad \u010dern\u00e9ho \u010daje poskytuje robustn\u00ed a sladovou chu\u0165, kter\u00e1 je dopln\u011bna jemnou sladkost\u00ed okv\u011btn\u00edch l\u00edstk\u016f r\u016f\u017e\u00ed. Kv\u011btinov\u00e9 t\u00f3ny jsou jemn\u00e9 a nejsou p\u0159\u00edli\u0161 siln\u00e9, co\u017e umo\u017e\u0148uje \u010dajov\u00fdm l\u00edstk\u016fm zaz\u00e1\u0159it. Jedn\u00e1 se o vyv\u00e1\u017een\u00fd \u0161\u00e1lek, kter\u00fd si m\u016f\u017eete vychutnat samotn\u00fd nebo s n\u00e1dechem medu \u010di ml\u00e9ka, podle va\u0161ich preferenc\u00ed. D\u00edky pe\u010dliv\u011b vytvo\u0159en\u00e9mu slo\u017een\u00ed \u010dern\u00e9ho \u010daje z Cejlonu, ji\u017en\u00ed Indie a \u010c\u00edny v kombinaci s okv\u011btn\u00edmi l\u00edstky r\u016f\u017e\u00ed a p\u0159\u00edrodn\u00ed v\u016fn\u00ed kv\u011btin je tento \u010daj skute\u010dn\u00fdm pot\u011b\u0161en\u00edm pro smysly<\/p>\n<p>\u010caj je mi l\u00e1skou, k\u00e1va v\u00e1\u0161n\u00ed<\/p>\n<p>(LEA)<\/p>\n<p><p><img decoding=\"async\" src=\"https:\/\/caj-a-kava.cz\/obrazky\/uvod\/dobalouhovani\/cerny_caj.jpg\" alt=\"Prodej \u010dern\u00e9ho \u010daje. P\u0159\u00edprava \u010dern\u00e9ho \u010daje od Zelen\u00fd Drak \u010daj a k\u00e1va\" \/><\/p>\n","protected":false},"excerpt":{"rendered":"<p><img loading=\"lazy\" decoding=\"async\" class=\"size-full wp-image-2970 alignleft\" src=\"https:\/\/zelenydrak.cz\/wp-content\/uploads\/2024\/08\/konvice-caj.png\" alt=\"\" width=\"48\" height=\"48\" \/> <\/p>\n<p>\u010cern\u00fd ochucen\u00fd \u010daj<\/p>\n<p>Jste \u010dajov\u00fd nad\u0161enec a hled\u00e1te lahodn\u00fd a vo\u0148av\u00fd \u010daj??? Zkuste n\u00e1\u0161 \u010dern\u00fd \u010daj R\u016f\u017ei z Konga<\/p>\n","protected":false},"featured_media":91999,"comment_status":"open","ping_status":"closed","template":"","meta":[],"product_brand":[],"product_cat":[389],"product_tag":[],"class_list":{"0":"post-91962","1":"product","2":"type-product","3":"status-publish","4":"has-post-thumbnail","6":"product_cat-cerny-sypany-caj-ochuceny","8":"first","9":"instock","10":"product-type-variable","11":"has-default-attributes"},"_links":{"self":[{"href":"https:\/\/zelenydrak.cz\/velkoobchod\/wp-json\/wp\/v2\/product\/91962","targetHints":{"allow":["GET"]}}],"collection":[{"href":"https:\/\/zelenydrak.cz\/velkoobchod\/wp-json\/wp\/v2\/product"}],"about":[{"href":"https:\/\/zelenydrak.cz\/velkoobchod\/wp-json\/wp\/v2\/types\/product"}],"replies":[{"embeddable":true,"href":"https:\/\/zelenydrak.cz\/velkoobchod\/wp-json\/wp\/v2\/comments?post=91962"}],"wp:featuredmedia":[{"embeddable":true,"href":"https:\/\/zelenydrak.cz\/velkoobchod\/wp-json\/wp\/v2\/media\/91999"}],"wp:attachment":[{"href":"https:\/\/zelenydrak.cz\/velkoobchod\/wp-json\/wp\/v2\/media?parent=91962"}],"wp:term":[{"taxonomy":"product_brand","embeddable":true,"href":"https:\/\/zelenydrak.cz\/velkoobchod\/wp-json\/wp\/v2\/product_brand?post=91962"},{"taxonomy":"product_cat","embeddable":true,"href":"https:\/\/zelenydrak.cz\/velkoobchod\/wp-json\/wp\/v2\/product_cat?post=91962"},{"taxonomy":"product_tag","embeddable":true,"href":"https:\/\/zelenydrak.cz\/velkoobchod\/wp-json\/wp\/v2\/product_tag?post=91962"}],"curies":[{"name":"wp","href":"https:\/\/api.w.org\/{rel}","templated":true}]}}