{"id":91960,"date":"2025-03-05T08:10:11","date_gmt":"2025-03-05T08:10:11","guid":{"rendered":"https:\/\/zelenydrak.cz\/velkoobchod\/?post_type=product&#038;p=91960"},"modified":"2025-03-05T08:10:21","modified_gmt":"2025-03-05T08:10:21","slug":"zimni-slunovrat","status":"publish","type":"product","link":"https:\/\/zelenydrak.cz\/velkoobchod\/produkt\/zimni-slunovrat\/","title":{"rendered":"ZIMN\u00cd SLUNOVRAT"},"content":{"rendered":"<h2>ZIMN\u00cd SLUNOVRAT &#8211; wellness \u010daj<\/h2>\n<p>Slo\u017een\u00ed: kousky jablek, pomeran\u010dov\u00e1 k\u016fra, kv\u011bty ibi\u0161ku, listy ostru\u017ein, pl\u00e1tky mandl\u00ed, strouhan\u00e1 mrkev, bady\u00e1n, ty\u010dinky sko\u0159ice, kv\u011bty limetky st\u0159\u00edbrn\u00e9, aroma, mrazem su\u0161en\u00e1 jablka, pomeran\u010dov\u00e1 k\u016fra, kousky brusinek, sem\u00ednka gran\u00e1tov\u00e9ho jablka, okv\u011btn\u00ed l\u00edstky r\u016f\u017e\u00ed.<\/strong><\/p>\n<h2>P\u0159\u00edprava bylinn\u00e9ho a wellness \u010daje:<\/h2>\n<p>p\u0159elijte bylinky vrouc\u00ed vodou a nechte luhovat nejm\u00e9n\u011b 15 minut. U wellness \u010daj\u016f je doba louhov\u00e1n\u00ed 7-10 minut.<\/p>\n<p>V\u0161echny louky a hou\u0161t\u00ed, v\u0161echny hory a kopce jsou l\u00e9k\u00e1rnou.<\/p>\n<p>(Paracelsus)<\/p>\n<p><img decoding=\"async\" src=\"http:\/\/caj-a-kava.cz\/obrazky\/uvod\/dobalouhovani\/wellness_caj.jpg\" alt=\"Prodej wellness \u010daj\u016f. P\u0159\u00edprava \u010daje od Zelen\u00fd Drak \u010daj a k\u00e1va\" \/>\u00a0<\/p>\n","protected":false},"excerpt":{"rendered":"<p>Zimn\u00ed slunovrat, zn\u00e1m\u00fd tak\u00e9 jako Yule, je protikladem letn\u00edho slunovratu a znamen\u00e1 nad\u011bji: po 21. prosinci \u2013 nejni\u017e\u0161\u00edm bod\u011b tmy \u2013 se dny op\u011bt prodlu\u017euj\u00ed! Je to za\u010d\u00e1tek obdob\u00ed znamen\u00ed zv\u011brokruhu Kozoroh a\u017e Bl\u00ed\u017eenci. Proto\u017ee v\u0161ak druhou polovinu roku zahrnuj\u00ed \u010dty\u0159i \u017eivly dvan\u00e1cti astrologick\u00fdch znamen\u00ed \u2013 vzduch, zem\u011b, ohe\u0148 a voda \u2013 jsme p\u0159esv\u011bd\u010deni, \u017ee h\u0159ejiv\u00e9 t\u00f3ny karamelizovan\u00e9ho gran\u00e1tov\u00e9ho jablka v kombinaci se zimn\u00edm ko\u0159en\u00edm jsou tak\u00e9 prvkem pot\u011b\u0161en\u00ed a paprskem nad\u011bje pro znamen\u00ed Raka do St\u0159elce! <\/p>\n","protected":false},"featured_media":91993,"comment_status":"open","ping_status":"closed","template":"","meta":[],"product_brand":[],"product_cat":[304,307],"product_tag":[],"class_list":{"0":"post-91960","1":"product","2":"type-product","3":"status-publish","4":"has-post-thumbnail","6":"product_cat-bylinny-caj-a-smesi","7":"product_cat-wellness-caj-stihla-linie","9":"first","10":"instock","11":"product-type-variable","12":"has-default-attributes"},"_links":{"self":[{"href":"https:\/\/zelenydrak.cz\/velkoobchod\/wp-json\/wp\/v2\/product\/91960","targetHints":{"allow":["GET"]}}],"collection":[{"href":"https:\/\/zelenydrak.cz\/velkoobchod\/wp-json\/wp\/v2\/product"}],"about":[{"href":"https:\/\/zelenydrak.cz\/velkoobchod\/wp-json\/wp\/v2\/types\/product"}],"replies":[{"embeddable":true,"href":"https:\/\/zelenydrak.cz\/velkoobchod\/wp-json\/wp\/v2\/comments?post=91960"}],"wp:featuredmedia":[{"embeddable":true,"href":"https:\/\/zelenydrak.cz\/velkoobchod\/wp-json\/wp\/v2\/media\/91993"}],"wp:attachment":[{"href":"https:\/\/zelenydrak.cz\/velkoobchod\/wp-json\/wp\/v2\/media?parent=91960"}],"wp:term":[{"taxonomy":"product_brand","embeddable":true,"href":"https:\/\/zelenydrak.cz\/velkoobchod\/wp-json\/wp\/v2\/product_brand?post=91960"},{"taxonomy":"product_cat","embeddable":true,"href":"https:\/\/zelenydrak.cz\/velkoobchod\/wp-json\/wp\/v2\/product_cat?post=91960"},{"taxonomy":"product_tag","embeddable":true,"href":"https:\/\/zelenydrak.cz\/velkoobchod\/wp-json\/wp\/v2\/product_tag?post=91960"}],"curies":[{"name":"wp","href":"https:\/\/api.w.org\/{rel}","templated":true}]}}