{"id":91959,"date":"2025-03-05T08:10:11","date_gmt":"2025-03-05T08:10:11","guid":{"rendered":"https:\/\/zelenydrak.cz\/velkoobchod\/?post_type=product&#038;p=91959"},"modified":"2025-03-05T08:10:21","modified_gmt":"2025-03-05T08:10:21","slug":"malinovy-kosik","status":"publish","type":"product","link":"https:\/\/zelenydrak.cz\/velkoobchod\/produkt\/malinovy-kosik\/","title":{"rendered":"MALINOV\u00dd KO\u0160\u00cdK"},"content":{"rendered":"<h2>MALINOV\u00dd KO\u0160\u00cdK<\/h2>\n<p> Slo\u017een\u00ed: kousky jablek, kv\u011bty ibi\u0161ku, kostky ananasu (ananas, cukr), fialov\u00e9 kostky dra\u010d\u00edho ovoce (dra\u010d\u00ed ovoce, r\u00fd\u017eov\u00e1 mouka), aroma, acai kostky (3%) (ovoce acai, jablko, koncentr\u00e1t jable\u010dn\u00e9 \u0161\u0165\u00e1vy, r\u00fd\u017eov\u00e1 mou\u010dka, okyselova\u010d: kyselina citronov\u00e1), mrazem su\u0161en\u00e9 maliny, okv\u011btn\u00ed l\u00edstky r\u016f\u017e\u00ed, semena gran\u00e1tov\u00e9ho jablka, mrazem su\u0161en\u00fd \u010derven\u00fd ryb\u00edz. <\/p>\n<p>Pr\u016fm\u011brn\u00e9 nutri\u010dn\u00ed hodnoty na 100 ml: Energie v kJ 28 KJ, Energie v kcal 7 KCAL, Tuk 0,1 G, z toho nasycen\u00e9 mastn\u00e9 kyseliny < 0,1 G, Karbohydr\u00e1ty 1,3 G, z toho cukry 1,1 G, B\u00edlkovina 0,1 G, S\u016fl < 0,01 G, Nutri\u010dn\u00ed informace byly vypo\u010dteny na z\u00e1klad\u011b receptury. Nutri\u010dn\u00ed informace nep\u0159edstavuj\u00ed analytick\u00e1 m\u011b\u0159en\u00ed. Nutri\u010dn\u00ed hodnoty se vztahuj\u00ed na 100 ml n\u00e1levu na 2,5 g \u010daje a 10-12 minut louhov\u00e1n\u00ed.\n\n<h4>P\u0159\u00edprava ovocn\u00e9ho \u010daje: Pro fantastick\u00fd ovocn\u00fd \u010daj pou\u017eijte v\u017edy minim\u00e1ln\u011b 14-18g \u010daje na jeden litr vody. Toto mno\u017estv\u00ed V\u00e1m nab\u00eddne opravdov\u00fd ovocn\u00fd \u010daj s \u00fa\u017easnou v\u016fn\u00ed ovoce a sytou barvou n\u00e1levu. V kr\u00e1sn\u00e9m letn\u00edm obdob\u00edm m\u016f\u017eeme ovocn\u00fd \u010daj vychladit, p\u0159idat kousky ledu a zakapat pomeran\u010dem pro opravdu p\u0159\u00edjemn\u00e9 letn\u00ed osv\u011b\u017een\u00ed.<\/p>\n<p>L\u00edb\u00e1n\u00ed \u2013 to je, jako kdyby \u010dlov\u011bk cht\u011bl p\u00edt ze s\u00edtka, nikdy toho nem\u00e1 dost.<\/p>\n<p>(\u010c\u00ednsk\u00e9 p\u0159\u00edslov\u00ed)<\/p>\n<p><img decoding=\"async\" src=\"http:\/\/caj-a-kava.cz\/obrazky\/uvod\/dobalouhovani\/ovocny_caj.jpg\" alt=\"Prodej ovocn\u00fdch \u010daj\u016f. P\u0159\u00edprava \u010daje od Zelen\u00fd Drak \u010daj a k\u00e1va\" \/><\/p>\n","protected":false},"excerpt":{"rendered":"<p>Sladkokysel\u00e1 malina se sv\u00fdm nov\u00fdm p\u0159\u00edtelem, zemit\u00fdmi bobulemi acai tvo\u0159\u00ed nekone\u010dn\u011b ovocno-kysel\u00e9 \u0161\u00edlenstv\u00ed, kter\u00e9 pr\u00e1v\u011b za\u010d\u00edn\u00e1.<\/p>\n","protected":false},"featured_media":91990,"comment_status":"open","ping_status":"closed","template":"","meta":[],"product_brand":[],"product_cat":[323],"product_tag":[],"class_list":{"0":"post-91959","1":"product","2":"type-product","3":"status-publish","4":"has-post-thumbnail","6":"product_cat-ovocny-caj-s-ibiskem","8":"first","9":"instock","10":"product-type-variable","11":"has-default-attributes"},"_links":{"self":[{"href":"https:\/\/zelenydrak.cz\/velkoobchod\/wp-json\/wp\/v2\/product\/91959","targetHints":{"allow":["GET"]}}],"collection":[{"href":"https:\/\/zelenydrak.cz\/velkoobchod\/wp-json\/wp\/v2\/product"}],"about":[{"href":"https:\/\/zelenydrak.cz\/velkoobchod\/wp-json\/wp\/v2\/types\/product"}],"replies":[{"embeddable":true,"href":"https:\/\/zelenydrak.cz\/velkoobchod\/wp-json\/wp\/v2\/comments?post=91959"}],"wp:featuredmedia":[{"embeddable":true,"href":"https:\/\/zelenydrak.cz\/velkoobchod\/wp-json\/wp\/v2\/media\/91990"}],"wp:attachment":[{"href":"https:\/\/zelenydrak.cz\/velkoobchod\/wp-json\/wp\/v2\/media?parent=91959"}],"wp:term":[{"taxonomy":"product_brand","embeddable":true,"href":"https:\/\/zelenydrak.cz\/velkoobchod\/wp-json\/wp\/v2\/product_brand?post=91959"},{"taxonomy":"product_cat","embeddable":true,"href":"https:\/\/zelenydrak.cz\/velkoobchod\/wp-json\/wp\/v2\/product_cat?post=91959"},{"taxonomy":"product_tag","embeddable":true,"href":"https:\/\/zelenydrak.cz\/velkoobchod\/wp-json\/wp\/v2\/product_tag?post=91959"}],"curies":[{"name":"wp","href":"https:\/\/api.w.org\/{rel}","templated":true}]}}