{"id":91956,"date":"2025-03-05T08:10:11","date_gmt":"2025-03-05T08:10:11","guid":{"rendered":"https:\/\/zelenydrak.cz\/velkoobchod\/?post_type=product&#038;p=91956"},"modified":"2025-03-05T08:10:20","modified_gmt":"2025-03-05T08:10:20","slug":"reiky","status":"publish","type":"product","link":"https:\/\/zelenydrak.cz\/velkoobchod\/produkt\/reiky\/","title":{"rendered":"REIKY"},"content":{"rendered":"<h2>REIKY &#8211; wellness \u010daj<\/h2>\n<p>Slo\u017een\u00ed: sult\u00e1nky, kousky jablek, kostky manga (mango, cukr), citronov\u00e1 tr\u00e1va, \u0161\u00edpkov\u00e9 slupky, kv\u011bty ibi\u0161ku, pomeran\u010dov\u00e1 k\u016fra, strouhan\u00e1 mrkev, listy kop\u0159ivy, listy sladk\u00fdch ostru\u017ein, mrazem su\u0161en\u00e9 houby, kousky plod\u016f mandarinky, modr\u00e9 okv\u011btn\u00ed l\u00edstky chrpy, kv\u011bty sl\u00e9zu, okv\u011btn\u00ed l\u00edstky m\u011bs\u00ed\u010dku, okv\u011btn\u00ed l\u00edstky r\u016f\u017e\u00ed, poupata r\u016f\u017e\u00ed, sv\u011btlice barv\u00ed\u0159sk\u00e1.<\/strong>Pr\u016fm\u011brn\u00e9 nutri\u010dn\u00ed hodnoty na 100 ml: Energie v kJ 30 KJ, Energie v kcal 7 KCAL, Tuk < 0,1 G, z toho nasycen\u00e9 mastn\u00e9 kyseliny < 0,1 G, Karbohydr\u00e1ty 1,3 G, z toho cukry 1,1 G, B\u00edlkovina 0,2 G, S\u016fl < 0,01 G. Nutri\u010dn\u00ed informace byly vypo\u010dteny na z\u00e1klad\u011b receptury. Nutri\u010dn\u00ed informace nep\u0159edstavuj\u00ed analytick\u00e1 m\u011b\u0159en\u00ed. Nutri\u010dn\u00ed hodnoty se vztahuj\u00ed na 100 ml n\u00e1levu na 2,5 g \u010daje a 10-12 minut louhov\u00e1n\u00ed.<\/p>\n<h2>Wellness \u010daj. Bylinn\u00fd \u010daj. Bylinky.<\/h2>\n<p>Navzdory v\u0161emu vyrostla bylinka. A\u0165 ji\u017e vyu\u017eijeme jako na\u0161e babi\u010dky he\u0159m\u00e1nek nebo fenykl p\u0159i \u017ealude\u010dn\u00edch obt\u00ed\u017e\u00edch, ryb\u00edz nebo m\u00e1tu peprnou p\u0159i nachlazen\u00ed, v\u017edy spoj\u00edme mo\u017en\u00fd blahod\u00e1rn\u00fd \u00fa\u010dinek s p\u0159irozen\u00fdm po\u017eitkem. Bylinn\u00e9 \u010daje jsou ide\u00e1ln\u00ed proti \u017e\u00edzni a obstaraj\u00ed svou rozmanitost\u00ed lahodnou zm\u011bnu chut\u00ed \u0161\u00e1lek za \u0161\u00e1lkem.<\/p>\n<h2>P\u0159\u00edchu\u0165 bylinn\u00fdch \u010daj\u016f nezn\u00e1 mez\u00ed.<\/h2>\n<p>Um\u011bt vyu\u017e\u00edt s\u00edlu bylinek je prad\u00e1vn\u00e1 tradice. Zelen\u00fd Drak\u00ae V\u00e1m nab\u00edz\u00ed nejen z\u00e1kladn\u00ed byliny vysok\u00e9 kvality, ale i star\u00e9 a obnoven\u00e9 \u010dajov\u00e9 sm\u011bsi. Pou\u017e\u00edvaj\u00ed se listy, kv\u011bty, ovoce a aroma, v kombinaci s m\u00e1tu peprnou, z\u00e1zvorem, ananasem, kop\u0159ivou, citr\u00f3novou tr\u00e1vou a mnoha dal\u0161\u00edmi. Jednou vznikne ovocn\u00e9 osv\u011b\u017een\u00ed, jednou ko\u0159en\u011bn\u00fd plnohodnotn\u00fd \u010daj. Ale poka\u017ed\u00e9 vznikne opravdov\u00fd chu\u0165ov\u00fd z\u00e1\u017eitek. Mimochodem: bylinkov\u00e9 \u010daje neobsahuj\u00ed (a\u017e na m\u00e1tu) \u017e\u00e1dn\u00fd kofein a jsou obl\u00edben\u00e9 u v\u0161ech v\u011bkov\u00fdch skupin.<\/p>\n<h2>P\u0159\u00edprava bylinn\u00e9ho a wellness \u010daje:<\/h2>\n<p>p\u0159elijte bylinky vrouc\u00ed vodou a nechte luhovat nejm\u00e9n\u011b 5 minut. U wellness \u010daj\u016f je doba louhov\u00e1n\u00ed 7-10 minut.<\/p>\n<p>V\u0161echny louky a hou\u0161t\u00ed, v\u0161echny hory a kopce jsou l\u00e9k\u00e1rnou.<\/p>\n<p>(Paracelsus)<\/p>\n<p><img decoding=\"async\" src=\"http:\/\/caj-a-kava.cz\/obrazky\/uvod\/dobalouhovani\/wellness_caj.jpg\" alt=\"Prodej wellness \u010daj\u016f. P\u0159\u00edprava \u010daje od Zelen\u00fd Drak \u010daj a k\u00e1va\" \/>\u00a0<\/p>\n","protected":false},"excerpt":{"rendered":"<p>Term\u00edn reiki poch\u00e1z\u00ed z japonsk\u00fdch slov rei (kosmos) a ki (\u017eivotn\u00ed energie). Jedn\u00e1 se o starobylou holistickou filozofii, kter\u00e1 je zam\u011b\u0159ena zejm\u00e9na na harmonizaci t\u011bla, mysli a ducha. Tuto pohodu jsme si tak\u00e9 stanovili jako c\u00edl na\u0161\u00ed \u010dajov\u00e9 tvorby! Vyv\u00e1\u017een\u00e1 sm\u011bs bylinek, ovoce a kv\u011btin s jejich kulatou sladkost\u00ed, d\u00edky ovocn\u00fdm kousk\u016fm manga a jablek, stejn\u011b jako pikantn\u00ed sv\u011b\u017eest\u00ed d\u00edky citronov\u00e9 tr\u00e1v\u011b, je \u010dist\u00fdm z\u00e1\u017eitkem p\u0159\u00edrody &#8211; bez p\u0159idan\u00fdch v\u016fn\u00ed a aromat.<\/p>\n","protected":false},"featured_media":91981,"comment_status":"open","ping_status":"closed","template":"","meta":[],"product_brand":[],"product_cat":[304,307],"product_tag":[],"class_list":{"0":"post-91956","1":"product","2":"type-product","3":"status-publish","4":"has-post-thumbnail","6":"product_cat-bylinny-caj-a-smesi","7":"product_cat-wellness-caj-stihla-linie","9":"first","10":"instock","11":"product-type-variable","12":"has-default-attributes"},"_links":{"self":[{"href":"https:\/\/zelenydrak.cz\/velkoobchod\/wp-json\/wp\/v2\/product\/91956","targetHints":{"allow":["GET"]}}],"collection":[{"href":"https:\/\/zelenydrak.cz\/velkoobchod\/wp-json\/wp\/v2\/product"}],"about":[{"href":"https:\/\/zelenydrak.cz\/velkoobchod\/wp-json\/wp\/v2\/types\/product"}],"replies":[{"embeddable":true,"href":"https:\/\/zelenydrak.cz\/velkoobchod\/wp-json\/wp\/v2\/comments?post=91956"}],"wp:featuredmedia":[{"embeddable":true,"href":"https:\/\/zelenydrak.cz\/velkoobchod\/wp-json\/wp\/v2\/media\/91981"}],"wp:attachment":[{"href":"https:\/\/zelenydrak.cz\/velkoobchod\/wp-json\/wp\/v2\/media?parent=91956"}],"wp:term":[{"taxonomy":"product_brand","embeddable":true,"href":"https:\/\/zelenydrak.cz\/velkoobchod\/wp-json\/wp\/v2\/product_brand?post=91956"},{"taxonomy":"product_cat","embeddable":true,"href":"https:\/\/zelenydrak.cz\/velkoobchod\/wp-json\/wp\/v2\/product_cat?post=91956"},{"taxonomy":"product_tag","embeddable":true,"href":"https:\/\/zelenydrak.cz\/velkoobchod\/wp-json\/wp\/v2\/product_tag?post=91956"}],"curies":[{"name":"wp","href":"https:\/\/api.w.org\/{rel}","templated":true}]}}