{"id":91951,"date":"2025-03-05T08:10:10","date_gmt":"2025-03-05T08:10:10","guid":{"rendered":"https:\/\/zelenydrak.cz\/velkoobchod\/?post_type=product&#038;p=91951"},"modified":"2025-03-05T08:10:20","modified_gmt":"2025-03-05T08:10:20","slug":"harmonie","status":"publish","type":"product","link":"https:\/\/zelenydrak.cz\/velkoobchod\/produkt\/harmonie\/","title":{"rendered":"HARMONIE"},"content":{"rendered":"<h2>HARMONIE<\/h2>\n<p>Slo\u017een\u00ed \u010daje: zelen\u00fd \u010daj (94 %), aroma, kv\u011bty sl\u00e9zu, kv\u011bty r\u016f\u017ee, lyofilizovan\u00e9 kousky jahod,  mrazem su\u0161en\u00e9 JOGURTOV\u00c9 KOUSKY, lyofilizovan\u00e9 cel\u00e9 ostru\u017einy, lyofilizovan\u00e9 cel\u00e9 maliny.<\/p>\n<p>\u010caj je mi l\u00e1skou, k\u00e1va v\u00e1\u0161n\u00ed<\/p>\n<p><img decoding=\"async\" src=\"https:\/\/caj-a-kava.cz\/obrazky\/uvod\/lea.png\" alt=\"Prodej zelen\u00e9ho, sypan\u00e9ho \u010daje\" \/><\/p>\n<h4>P\u0159\u00edprava fantastick\u00e9ho zelen\u00e9ho ochucen\u00e9ho \u010daje:<\/h4>\n<\/th>\n<td style=\"text-align: justify;\">Na jeden litr \u010daje pou\u017eijeme 12 &#8211; 15g \u010daje. Toto mno\u017estv\u00ed \u010daje je my\u0161leno na velmi siln\u00fd prav\u00fd \u010daj. Pokud m\u00e1me r\u00e1di \u010daje jemn\u011bj\u0161\u00ed, d\u00e1vkov\u00e1n\u00ed uprav\u00edme na polovinu. Vodu p\u0159eva\u0159\u00edme a nech\u00e1me zhruba 2-3 minutky vychladnout aby voda m\u011bla kolem 60 &#8211; 70\u00b0C. Takto je to ofici\u00e1ln\u00ed.<\/p>\n<p><strong>Podle Zelen\u00e9ho Draka je v\u0161ak mo\u017en\u00e9<\/strong> (a na V\u00e1s ponech\u00e1me zda lep\u0161\u00ed) nejprve nal\u00edt studenou vodu na \u010daj. Pokuste se pou\u017e\u00edvat kvalitn\u00ed vodu. Nekvalitn\u00ed voda dok\u00e1\u017ee ud\u011blat z jak\u00e9hokoli \u010daje ne\u010daj. Nalit\u00edm studen\u00e9 vody na \u010daj doc\u00edl\u00edme toho, \u017ee se \u010dajov\u00e9 l\u00edstky nepop\u00e1l\u00ed. Ono toti\u017e i 60 \u00b0C tepl\u00e1 voda dok\u00e1\u017ee pop\u00e1lit \u010dlov\u011bka, nato\u017e \u010daj. Studen\u00e9 vody nal\u00e9v\u00e1me v\u017edy maxim\u00e1ln\u011b 1\/4 n\u00e1doby v kter\u00e9 \u010daj p\u0159ipravujeme. Ihned pot\u00e9 nalijeme v\u0159elou vodu a nech\u00e1me 2-3 minuty louhovat. <\/p>\n<p>Zp\u016fsob p\u0159\u00edpravy je mo\u017en\u00e9 u v\u0161ech zelen\u00fdch \u010daj\u016f Zelen\u00e9ho Draka opakovat. O tomto \u010daji to plat\u00ed t\u00e9\u017e. Snad jen chu\u0165 p\u0159\u00edsad bude m\u00e9n\u011b v\u00fdrazn\u00e1, ale zelen\u00fd \u010daj se d\u00edky jeho kvalit\u011b bude chovat stejn\u011b jako se chov\u00e1 zelen\u00fd prav\u00fd \u010daj (\u010daj bez p\u0159idan\u00fdch ingredienc\u00ed) to jest, d\u00e1 se n\u011bkolikr\u00e1t vylouhovat. T\u00edmto zp\u016fsobem p\u0159\u00edpravy si ka\u017ed\u00fd typ zelen\u00e9ho \u010daje zachov\u00e1 svoje specifick\u00e9 \u00fa\u010dinky a jedine\u010dnou chu\u0165. Zkuste oba dva zp\u016fsoby p\u0159\u00edravy \u010daje nar\u00e1z a napi\u0161te n\u00e1m, kter\u00fd se V\u00e1m zd\u00e1 lep\u0161\u00ed. Budeme r\u00e1di za Va\u0161e zku\u0161enosti.<\/p>\n<p><strong> Tip na letn\u00ed osv\u011b\u017een\u00ed:<\/strong> v letn\u00edm obdob\u00ed p\u0159ipraven\u00fd \u010daj doporu\u010dujeme vychladit, zak\u00e1pnout limetkou a touto ozdobit, pokud m\u00e1me l\u017e\u00edci r\u016f\u017eov\u00e9ho sirupu je to lep\u0161\u00ed. Nezapomeneme na led a m\u00e1me opravdu super letn\u00ed osv\u011b\u017een\u00ed.<\/p>\n<p><img decoding=\"async\" src=\"http:\/\/caj-a-kava.cz\/obrazky\/uvod\/dobalouhovani\/zeleny_caj_ochuceny.jpg\" alt=\"Prodej zelen\u00e9ho, sypan\u00e9ho \u010daje. P\u0159\u00edprava \u010daje od Zelen\u00fd Drak \u010daj a k\u00e1va\" \/><\/p>\n","protected":false},"excerpt":{"rendered":"<p> Zelen\u00fd ochucen\u00fd \u010daj<\/p>\n<p>Jedine\u010dn\u00e1 v\u016fn\u011b t\u00e9to sm\u011bsi zelen\u00e9ho \u010daje prostup\u00ed celou m\u00edstnost. \u0160\u0165avnat\u00e9 bobule v tomto \u010daji uk\u00e1\u017e\u00ed celou jejich s\u00edlu a obohat\u00ed \u010daj skv\u011bl\u00edm aroma. Tato sm\u011bs zaujme malinami a ostru\u017einami i kousky jahod a jogurtu. P\u0159\u00eddavek kv\u011bt\u016f r\u016f\u017ee a sl\u00e9zu dod\u00e1v\u00e1 t\u00e9to kompozici lesk. Pln\u00e9 , ovocn\u00e9 aroma se nemus\u00ed stad\u011bt srovn\u00e1n\u00ed s \u010derstv\u00fdm ovocem z ke\u0159\u016f.<\/p>\n","protected":false},"featured_media":91968,"comment_status":"open","ping_status":"closed","template":"","meta":[],"product_brand":[],"product_cat":[297],"product_tag":[],"class_list":{"0":"post-91951","1":"product","2":"type-product","3":"status-publish","4":"has-post-thumbnail","6":"product_cat-zeleny-caj-ochuceny","8":"first","9":"instock","10":"product-type-variable","11":"has-default-attributes"},"_links":{"self":[{"href":"https:\/\/zelenydrak.cz\/velkoobchod\/wp-json\/wp\/v2\/product\/91951","targetHints":{"allow":["GET"]}}],"collection":[{"href":"https:\/\/zelenydrak.cz\/velkoobchod\/wp-json\/wp\/v2\/product"}],"about":[{"href":"https:\/\/zelenydrak.cz\/velkoobchod\/wp-json\/wp\/v2\/types\/product"}],"replies":[{"embeddable":true,"href":"https:\/\/zelenydrak.cz\/velkoobchod\/wp-json\/wp\/v2\/comments?post=91951"}],"wp:featuredmedia":[{"embeddable":true,"href":"https:\/\/zelenydrak.cz\/velkoobchod\/wp-json\/wp\/v2\/media\/91968"}],"wp:attachment":[{"href":"https:\/\/zelenydrak.cz\/velkoobchod\/wp-json\/wp\/v2\/media?parent=91951"}],"wp:term":[{"taxonomy":"product_brand","embeddable":true,"href":"https:\/\/zelenydrak.cz\/velkoobchod\/wp-json\/wp\/v2\/product_brand?post=91951"},{"taxonomy":"product_cat","embeddable":true,"href":"https:\/\/zelenydrak.cz\/velkoobchod\/wp-json\/wp\/v2\/product_cat?post=91951"},{"taxonomy":"product_tag","embeddable":true,"href":"https:\/\/zelenydrak.cz\/velkoobchod\/wp-json\/wp\/v2\/product_tag?post=91951"}],"curies":[{"name":"wp","href":"https:\/\/api.w.org\/{rel}","templated":true}]}}