{"id":91926,"date":"2025-03-05T08:10:05","date_gmt":"2025-03-05T08:10:05","guid":{"rendered":"https:\/\/zelenydrak.cz\/velkoobchod\/produkt\/ochuceny-kandys-jahoda\/"},"modified":"2025-03-05T08:10:05","modified_gmt":"2025-03-05T08:10:05","slug":"ochuceny-kandys-jahoda","status":"publish","type":"product","link":"https:\/\/zelenydrak.cz\/velkoobchod\/produkt\/ochuceny-kandys-jahoda\/","title":{"rendered":"OCHUCEN\u00dd KANDYS \u2013 JAHODA"},"content":{"rendered":"<h2>OCHUCEN\u00dd KANDYS JAHODA<\/h2>\n<p>Popis v\u00fdrobku: kandys cukr, aroma jahoda, barvivo: E120, Antioxidant: E330. D\u00e9lka \u0161pejle cca 11cm.<\/p>\n","protected":false},"excerpt":{"rendered":"<p>Pochoutka do hork\u00fdch n\u00e1poj\u016f nebo \u010daje. Pomale se rozpou\u0161t\u011bj\u00edc\u00ed cukr (kandys).<\/p>\n","protected":false},"featured_media":91925,"comment_status":"open","ping_status":"closed","template":"","meta":[],"product_brand":[],"product_cat":[329],"product_tag":[],"class_list":{"0":"post-91926","1":"product","2":"type-product","3":"status-publish","4":"has-post-thumbnail","6":"product_cat-pochoutky","8":"first","9":"instock","10":"product-type-simple"},"_links":{"self":[{"href":"https:\/\/zelenydrak.cz\/velkoobchod\/wp-json\/wp\/v2\/product\/91926","targetHints":{"allow":["GET"]}}],"collection":[{"href":"https:\/\/zelenydrak.cz\/velkoobchod\/wp-json\/wp\/v2\/product"}],"about":[{"href":"https:\/\/zelenydrak.cz\/velkoobchod\/wp-json\/wp\/v2\/types\/product"}],"replies":[{"embeddable":true,"href":"https:\/\/zelenydrak.cz\/velkoobchod\/wp-json\/wp\/v2\/comments?post=91926"}],"wp:featuredmedia":[{"embeddable":true,"href":"https:\/\/zelenydrak.cz\/velkoobchod\/wp-json\/wp\/v2\/media\/91925"}],"wp:attachment":[{"href":"https:\/\/zelenydrak.cz\/velkoobchod\/wp-json\/wp\/v2\/media?parent=91926"}],"wp:term":[{"taxonomy":"product_brand","embeddable":true,"href":"https:\/\/zelenydrak.cz\/velkoobchod\/wp-json\/wp\/v2\/product_brand?post=91926"},{"taxonomy":"product_cat","embeddable":true,"href":"https:\/\/zelenydrak.cz\/velkoobchod\/wp-json\/wp\/v2\/product_cat?post=91926"},{"taxonomy":"product_tag","embeddable":true,"href":"https:\/\/zelenydrak.cz\/velkoobchod\/wp-json\/wp\/v2\/product_tag?post=91926"}],"curies":[{"name":"wp","href":"https:\/\/api.w.org\/{rel}","templated":true}]}}