{"id":91924,"date":"2025-03-05T08:10:04","date_gmt":"2025-03-05T08:10:04","guid":{"rendered":"https:\/\/zelenydrak.cz\/velkoobchod\/produkt\/kandys-v-jamajskem-rumu\/"},"modified":"2025-03-05T08:10:04","modified_gmt":"2025-03-05T08:10:04","slug":"kandys-v-jamajskem-rumu","status":"publish","type":"product","link":"https:\/\/zelenydrak.cz\/velkoobchod\/produkt\/kandys-v-jamajskem-rumu\/","title":{"rendered":"KANDYS V JAMAJSK\u00c9M RUMU"},"content":{"rendered":"<h2>KANDYS V JAMAJSK\u00c9M RUMU 125g<\/h2>\n<p>Popis v\u00fdrobku: kandys cukr (55 %), invertn\u00ed cukrov\u00fd sirup, jamajsk\u00fd rum 40 % obj. (11 %), karamelov\u00fd cukrov\u00fd sirup.<\/p>\n","protected":false},"excerpt":{"rendered":"<p>Pochoutka do hork\u00fdch n\u00e1poj\u016f nebo \u010daje. Pomale se rozpou\u0161t\u011bj\u00edc\u00ed cukr (kandys).<\/p>\n","protected":false},"featured_media":91923,"comment_status":"open","ping_status":"closed","template":"","meta":[],"product_brand":[],"product_cat":[329],"product_tag":[],"class_list":{"0":"post-91924","1":"product","2":"type-product","3":"status-publish","4":"has-post-thumbnail","6":"product_cat-pochoutky","8":"first","9":"instock","10":"product-type-simple"},"_links":{"self":[{"href":"https:\/\/zelenydrak.cz\/velkoobchod\/wp-json\/wp\/v2\/product\/91924","targetHints":{"allow":["GET"]}}],"collection":[{"href":"https:\/\/zelenydrak.cz\/velkoobchod\/wp-json\/wp\/v2\/product"}],"about":[{"href":"https:\/\/zelenydrak.cz\/velkoobchod\/wp-json\/wp\/v2\/types\/product"}],"replies":[{"embeddable":true,"href":"https:\/\/zelenydrak.cz\/velkoobchod\/wp-json\/wp\/v2\/comments?post=91924"}],"wp:featuredmedia":[{"embeddable":true,"href":"https:\/\/zelenydrak.cz\/velkoobchod\/wp-json\/wp\/v2\/media\/91923"}],"wp:attachment":[{"href":"https:\/\/zelenydrak.cz\/velkoobchod\/wp-json\/wp\/v2\/media?parent=91924"}],"wp:term":[{"taxonomy":"product_brand","embeddable":true,"href":"https:\/\/zelenydrak.cz\/velkoobchod\/wp-json\/wp\/v2\/product_brand?post=91924"},{"taxonomy":"product_cat","embeddable":true,"href":"https:\/\/zelenydrak.cz\/velkoobchod\/wp-json\/wp\/v2\/product_cat?post=91924"},{"taxonomy":"product_tag","embeddable":true,"href":"https:\/\/zelenydrak.cz\/velkoobchod\/wp-json\/wp\/v2\/product_tag?post=91924"}],"curies":[{"name":"wp","href":"https:\/\/api.w.org\/{rel}","templated":true}]}}