{"id":91903,"date":"2025-03-05T08:09:59","date_gmt":"2025-03-05T08:09:59","guid":{"rendered":"https:\/\/zelenydrak.cz\/velkoobchod\/?post_type=product&#038;p=91903"},"modified":"2025-03-05T08:10:10","modified_gmt":"2025-03-05T08:10:10","slug":"bozska-kraska","status":"publish","type":"product","link":"https:\/\/zelenydrak.cz\/velkoobchod\/produkt\/bozska-kraska\/","title":{"rendered":"BO\u017dSK\u00c1 KR\u00c1SKA"},"content":{"rendered":"<h2>BO\u017dSK\u00c1 KR\u00c1SKA<\/h2>\n<p>Slo\u017een\u00ed \u010daje: rooibos, bezinky, strouhan\u00fd kokos, vanilkov\u00e9 aroma, lyofilizovan\u00e9 kousky malin, okv\u011btn\u00ed l\u00edstky r\u016f\u017e\u00ed, lyofilizovan\u00e9 kousky rebarbory.<\/p>\n<p>\u010caj je mi l\u00e1skou, k\u00e1va v\u00e1\u0161n\u00ed<\/p>\n<p>(LEA)<\/p>\n<p><p><img decoding=\"async\" src=\"http:\/\/caj-a-kava.cz\/obrazky\/uvod\/dobalouhovani\/rooibos.jpg\" alt=\"Prodej rooibos \u010daj\u016f. P\u0159\u00edprava \u010daje od Zelen\u00fd Drak \u010daj a k\u00e1va\" \/><\/p>\n","protected":false},"excerpt":{"rendered":"<p>Bylinn\u00fd \u010daj Rooibos ochucen\u00fd<\/p>\n<p><strong>V\u016fn\u011b a chu\u0165:<\/strong> ovocn\u00e1.<\/p>\n<p>Dokonal\u00e1 ovocn\u011b sladk\u00e1 symbi\u00f3za \u0161\u0165avnat\u00e9 maliny se skv\u011ble dopl\u0148uje slehce nakyslou, pikantn\u00ed rebarborou. Chu\u0165 dopl\u0148uje jemn\u00e9 vanilkov\u00e9 aroma kter\u00e9 d\u00e1v\u00e1 tomuto \u010daji harmonii a dokonalost. Tato sm\u011bs je tak\u00e9 vizu\u00e1ln\u00edm mistrovsk\u00fdm d\u00edlem prost\u011b bo\u017esk\u00e1 kr\u00e1ska.<\/p>\n","protected":false},"featured_media":91944,"comment_status":"open","ping_status":"closed","template":"","meta":[],"product_brand":[],"product_cat":[313],"product_tag":[],"class_list":{"0":"post-91903","1":"product","2":"type-product","3":"status-publish","4":"has-post-thumbnail","6":"product_cat-rooibos","8":"first","9":"instock","10":"product-type-variable","11":"has-default-attributes"},"_links":{"self":[{"href":"https:\/\/zelenydrak.cz\/velkoobchod\/wp-json\/wp\/v2\/product\/91903","targetHints":{"allow":["GET"]}}],"collection":[{"href":"https:\/\/zelenydrak.cz\/velkoobchod\/wp-json\/wp\/v2\/product"}],"about":[{"href":"https:\/\/zelenydrak.cz\/velkoobchod\/wp-json\/wp\/v2\/types\/product"}],"replies":[{"embeddable":true,"href":"https:\/\/zelenydrak.cz\/velkoobchod\/wp-json\/wp\/v2\/comments?post=91903"}],"wp:featuredmedia":[{"embeddable":true,"href":"https:\/\/zelenydrak.cz\/velkoobchod\/wp-json\/wp\/v2\/media\/91944"}],"wp:attachment":[{"href":"https:\/\/zelenydrak.cz\/velkoobchod\/wp-json\/wp\/v2\/media?parent=91903"}],"wp:term":[{"taxonomy":"product_brand","embeddable":true,"href":"https:\/\/zelenydrak.cz\/velkoobchod\/wp-json\/wp\/v2\/product_brand?post=91903"},{"taxonomy":"product_cat","embeddable":true,"href":"https:\/\/zelenydrak.cz\/velkoobchod\/wp-json\/wp\/v2\/product_cat?post=91903"},{"taxonomy":"product_tag","embeddable":true,"href":"https:\/\/zelenydrak.cz\/velkoobchod\/wp-json\/wp\/v2\/product_tag?post=91903"}],"curies":[{"name":"wp","href":"https:\/\/api.w.org\/{rel}","templated":true}]}}