{"id":91902,"date":"2025-03-05T08:09:59","date_gmt":"2025-03-05T08:09:59","guid":{"rendered":"https:\/\/zelenydrak.cz\/velkoobchod\/?post_type=product&#038;p=91902"},"modified":"2025-03-05T08:10:10","modified_gmt":"2025-03-05T08:10:10","slug":"visen-a-svestka","status":"publish","type":"product","link":"https:\/\/zelenydrak.cz\/velkoobchod\/produkt\/visen-a-svestka\/","title":{"rendered":"VI\u0160E\u0147 A \u0160VESTKA"},"content":{"rendered":"<h2>VI\u0160E\u0147 A \u0160VESTKA<\/h2>\n<p>Slo\u017een\u00ed \u010daje: rooibos, kousky jablek, aroma, vi\u0161n\u011b (5%), lyofilizovan\u00e9 kousky \u0161vestek (5%), lyofilizovan\u00e9 kousky vi\u0161n\u00ed, kv\u011bty sl\u00e9zu.<\/p>\n<p>\u010caj je mi l\u00e1skou, k\u00e1va v\u00e1\u0161n\u00ed<\/p>\n<p>(LEA)<\/p>\n<p><p><img decoding=\"async\" src=\"http:\/\/caj-a-kava.cz\/obrazky\/uvod\/dobalouhovani\/rooibos.jpg\" alt=\"Prodej rooibos \u010daj\u016f. P\u0159\u00edprava \u010daje od Zelen\u00fd Drak \u010daj a k\u00e1va\" \/><\/p>\n","protected":false},"excerpt":{"rendered":"<p>Bylinn\u00fd \u010daj Rooibos ochucen\u00fd<\/p>\n<p><strong>V\u016fn\u011b a chu\u0165:<\/strong> vi\u0161e\u0148 a \u0161vestka.<\/p>\n<p> Letn\u00ed \u010daj se stinn\u00fdm n\u00e1dech podzimu. \u0160\u0165avnat\u00e9, letn\u00ed t\u0159e\u0161\u0148ov\u00e9 t\u00f3ny a sladk\u00e9 \u0161vestkov\u00e9 t\u00f3ny jsou doprov\u00e1zeny kousky vi\u0161n\u00ed a \u0161vestek na na\u0161em jemn\u00e9m rooibosov\u00e9m z\u00e1kladu a jsou dokonale dopln\u011bn\u00e9 podzimn\u00edmi kousky jablek a kv\u011bty sl\u00e9zu.<\/p>\n","protected":false},"featured_media":91941,"comment_status":"open","ping_status":"closed","template":"","meta":[],"product_brand":[],"product_cat":[313],"product_tag":[],"class_list":{"0":"post-91902","1":"product","2":"type-product","3":"status-publish","4":"has-post-thumbnail","6":"product_cat-rooibos","8":"first","9":"instock","10":"product-type-variable","11":"has-default-attributes"},"_links":{"self":[{"href":"https:\/\/zelenydrak.cz\/velkoobchod\/wp-json\/wp\/v2\/product\/91902","targetHints":{"allow":["GET"]}}],"collection":[{"href":"https:\/\/zelenydrak.cz\/velkoobchod\/wp-json\/wp\/v2\/product"}],"about":[{"href":"https:\/\/zelenydrak.cz\/velkoobchod\/wp-json\/wp\/v2\/types\/product"}],"replies":[{"embeddable":true,"href":"https:\/\/zelenydrak.cz\/velkoobchod\/wp-json\/wp\/v2\/comments?post=91902"}],"wp:featuredmedia":[{"embeddable":true,"href":"https:\/\/zelenydrak.cz\/velkoobchod\/wp-json\/wp\/v2\/media\/91941"}],"wp:attachment":[{"href":"https:\/\/zelenydrak.cz\/velkoobchod\/wp-json\/wp\/v2\/media?parent=91902"}],"wp:term":[{"taxonomy":"product_brand","embeddable":true,"href":"https:\/\/zelenydrak.cz\/velkoobchod\/wp-json\/wp\/v2\/product_brand?post=91902"},{"taxonomy":"product_cat","embeddable":true,"href":"https:\/\/zelenydrak.cz\/velkoobchod\/wp-json\/wp\/v2\/product_cat?post=91902"},{"taxonomy":"product_tag","embeddable":true,"href":"https:\/\/zelenydrak.cz\/velkoobchod\/wp-json\/wp\/v2\/product_tag?post=91902"}],"curies":[{"name":"wp","href":"https:\/\/api.w.org\/{rel}","templated":true}]}}