{"id":91901,"date":"2025-03-05T08:09:59","date_gmt":"2025-03-05T08:09:59","guid":{"rendered":"https:\/\/zelenydrak.cz\/velkoobchod\/?post_type=product&#038;p=91901"},"modified":"2025-03-05T08:10:10","modified_gmt":"2025-03-05T08:10:10","slug":"svezi-caj","status":"publish","type":"product","link":"https:\/\/zelenydrak.cz\/velkoobchod\/produkt\/svezi-caj\/","title":{"rendered":"SV\u011a\u017d\u00cd \u010cAJ"},"content":{"rendered":"<h2>SV\u011a\u017d\u00cd \u010cAJ<\/h2>\n<p>Slo\u017een\u00ed \u010daje: rooibos, aroma, kv\u011bty sl\u00e9zu, mrazem su\u0161en\u00fd \u010derven\u00fd ryb\u00edz, mrazem su\u0161en\u00e9 kousky malin, sem\u00ednka gran\u00e1tov\u00e9ho jablka.<\/p>\n<p>\u010caj je mi l\u00e1skou, k\u00e1va v\u00e1\u0161n\u00ed<\/p>\n<p>(LEA)<\/p>\n<p><p><img decoding=\"async\" src=\"https:\/\/caj-a-kava.cz\/obrazky\/uvod\/dobalouhovani\/rooibos.jpg\" alt=\"Prodej rooibos \u010daj\u016f. P\u0159\u00edprava \u010daje od Zelen\u00fd Drak \u010daj a k\u00e1va\" \/><\/p>\n","protected":false},"excerpt":{"rendered":"<p>Bylinn\u00fd \u010daj Rooibos ochucen\u00fd<\/p>\n<p><p><img loading=\"lazy\" decoding=\"async\" class=\"size-full wp-image-2970 alignleft\" src=\"https:\/\/zelenydrak.cz\/wp-content\/uploads\/2024\/08\/konvice-caj.png\" alt=\"\" width=\"48\" height=\"48\" \/>   V\u016fn\u011b a chu\u0165: ovocn\u00e1.<\/p>\n<p> Co se stane, kdy\u017e spoj\u00edme v\u016fni st\u00e1le obl\u00edben\u011bj\u0161\u00edho gran\u00e1tov\u00e9ho jablka s v\u016fn\u00ed \u010derstv\u011b vyma\u010dkan\u00e9 hroznov\u00e9 \u0161\u0165\u00e1vy p\u0159\u00edmo od vina\u0159e? V\u00fdsledkem je ovocn\u00fd, jiskrn\u00fd \u010daj, kter\u00fd jen pohlad\u00ed na du\u0161i. <\/p>\n","protected":false},"featured_media":91938,"comment_status":"open","ping_status":"closed","template":"","meta":[],"product_brand":[],"product_cat":[313],"product_tag":[],"class_list":{"0":"post-91901","1":"product","2":"type-product","3":"status-publish","4":"has-post-thumbnail","6":"product_cat-rooibos","8":"first","9":"instock","10":"product-type-variable","11":"has-default-attributes"},"_links":{"self":[{"href":"https:\/\/zelenydrak.cz\/velkoobchod\/wp-json\/wp\/v2\/product\/91901","targetHints":{"allow":["GET"]}}],"collection":[{"href":"https:\/\/zelenydrak.cz\/velkoobchod\/wp-json\/wp\/v2\/product"}],"about":[{"href":"https:\/\/zelenydrak.cz\/velkoobchod\/wp-json\/wp\/v2\/types\/product"}],"replies":[{"embeddable":true,"href":"https:\/\/zelenydrak.cz\/velkoobchod\/wp-json\/wp\/v2\/comments?post=91901"}],"wp:featuredmedia":[{"embeddable":true,"href":"https:\/\/zelenydrak.cz\/velkoobchod\/wp-json\/wp\/v2\/media\/91938"}],"wp:attachment":[{"href":"https:\/\/zelenydrak.cz\/velkoobchod\/wp-json\/wp\/v2\/media?parent=91901"}],"wp:term":[{"taxonomy":"product_brand","embeddable":true,"href":"https:\/\/zelenydrak.cz\/velkoobchod\/wp-json\/wp\/v2\/product_brand?post=91901"},{"taxonomy":"product_cat","embeddable":true,"href":"https:\/\/zelenydrak.cz\/velkoobchod\/wp-json\/wp\/v2\/product_cat?post=91901"},{"taxonomy":"product_tag","embeddable":true,"href":"https:\/\/zelenydrak.cz\/velkoobchod\/wp-json\/wp\/v2\/product_tag?post=91901"}],"curies":[{"name":"wp","href":"https:\/\/api.w.org\/{rel}","templated":true}]}}