{"id":91897,"date":"2025-03-05T08:09:59","date_gmt":"2025-03-05T08:09:59","guid":{"rendered":"https:\/\/zelenydrak.cz\/velkoobchod\/?post_type=product&#038;p=91897"},"modified":"2025-03-05T08:10:10","modified_gmt":"2025-03-05T08:10:10","slug":"cajovi-medvidci-malina-a-vanilka","status":"publish","type":"product","link":"https:\/\/zelenydrak.cz\/velkoobchod\/produkt\/cajovi-medvidci-malina-a-vanilka\/","title":{"rendered":"\u010cAJOV\u00cd MEDV\u00cdDCI MALINA A VANILKA"},"content":{"rendered":"<h2>\u010cAJOV\u00cd MEDV\u00cdDCI GREP A POMERAN\u010c <\/h2>\n<p>Slo\u017een\u00ed: cukr, gluk\u00f3zov\u00fd sirup, voda, \u017eelatina, koncentr\u00e1t \u0161\u0165\u00e1vy z b\u00edl\u00fdch hrozn\u016f, regul\u00e1tor kyselosti: kyselina citr\u00f3nov\u00e1, rostlinn\u00e9 extrakty (bezinky), aromata, extrakt z b\u00edl\u00e9ho \u010daje, p\u0159\u00edrodn\u00ed ovocn\u00e9 sladidlo, koncentr\u00e1t jable\u010dn\u00e9 \u0161\u0165\u00e1vy, koncentr\u00e1t meru\u0148kov\u00e9 \u0161\u0165\u00e1vy, koncentr\u00e1t hru\u0161kov\u00e9 \u0161\u0165\u00e1vy, le\u0161t\u00edc\u00ed l\u00e1tka: karnaubsk\u00fd vosk<\/p>\n<p> Na\u0161i \u010dajov\u00ed medv\u00eddci jsou jedine\u010dn\u011b rozmanit\u00ed a velmi obl\u00edben\u00ed! Pro p\u0159\u00edpravu hork\u00e9ho n\u00e1poje sm\u00edchejte v 0,2l vody jednoho nebo dva medv\u011bdy.  \u010cajov\u00ed medv\u00eddci jsou \u00fa\u017easn\u011b osv\u011b\u017euj\u00edc\u00ed a skv\u011ble dopl\u0148uj\u00ed na\u0161i \u0161irokou \u0161k\u00e1lu ovocn\u00fdch \u010daj\u016f. A v\u0161ichni tito medv\u011bdi se samoz\u0159ejm\u011b r\u00e1di nechaj\u00ed okusovat&#8230; <\/p>\n<p><h3>Pr\u016fm\u011brn\u00e9 nutri\u010dn\u00ed hodnoty na 100 g<\/h3>\n<div>\n<table>\n<tbody>\n<tr>\n<td>Energie v kJ<\/td>\n<td>1 500<\/td>\n<td>KJ<\/td>\n<\/tr>\n<tr>\n<td>Energie v kcal<\/td>\n<td>352<\/td>\n<td>KCAL<\/td>\n<\/tr>\n<tr>\n<td>Tuk<\/td>\n<td>0,5<\/td>\n<td>G<\/td>\n<\/tr>\n<tr>\n<td>z toho: nasycen\u00e9 mastn\u00e9 kyseliny<\/td>\n<td>0,2<\/td>\n<td>G<\/td>\n<\/tr>\n<tr>\n<td>sacharidy<\/td>\n<td>82,0<\/td>\n<td>G<\/td>\n<\/tr>\n<tr>\n<td>z toho cukry<\/td>\n<td>73,0<\/td>\n<td>G<\/td>\n<\/tr>\n<tr>\n<td>protein<\/td>\n<td>5,0<\/td>\n<td>G<\/td>\n<\/tr>\n<tr>\n<td>S\u016fl<\/td>\n<td>0,07<\/td>\n<td>G<\/td>\n<\/tr>\n<\/tbody>\n<\/table>\n<\/div>\n","protected":false},"excerpt":{"rendered":"<p>\u017delatinov\u00fd medv\u00eddci bez \u00e9\u010dek vhodn\u00ed pro p\u0159\u00edpravu ovocn\u00e9ho chutn\u00e9ho \u010daje pro d\u011bti. Hmotnost 100g.<\/p>\n","protected":false},"featured_media":91929,"comment_status":"open","ping_status":"closed","template":"","meta":[],"product_brand":[],"product_cat":[324,329],"product_tag":[],"class_list":{"0":"post-91897","1":"product","2":"type-product","3":"status-publish","4":"has-post-thumbnail","6":"product_cat-ovocny-caj-bez-ibisku","7":"product_cat-pochoutky","9":"first","10":"instock","11":"product-type-variable","12":"has-default-attributes"},"_links":{"self":[{"href":"https:\/\/zelenydrak.cz\/velkoobchod\/wp-json\/wp\/v2\/product\/91897","targetHints":{"allow":["GET"]}}],"collection":[{"href":"https:\/\/zelenydrak.cz\/velkoobchod\/wp-json\/wp\/v2\/product"}],"about":[{"href":"https:\/\/zelenydrak.cz\/velkoobchod\/wp-json\/wp\/v2\/types\/product"}],"replies":[{"embeddable":true,"href":"https:\/\/zelenydrak.cz\/velkoobchod\/wp-json\/wp\/v2\/comments?post=91897"}],"wp:featuredmedia":[{"embeddable":true,"href":"https:\/\/zelenydrak.cz\/velkoobchod\/wp-json\/wp\/v2\/media\/91929"}],"wp:attachment":[{"href":"https:\/\/zelenydrak.cz\/velkoobchod\/wp-json\/wp\/v2\/media?parent=91897"}],"wp:term":[{"taxonomy":"product_brand","embeddable":true,"href":"https:\/\/zelenydrak.cz\/velkoobchod\/wp-json\/wp\/v2\/product_brand?post=91897"},{"taxonomy":"product_cat","embeddable":true,"href":"https:\/\/zelenydrak.cz\/velkoobchod\/wp-json\/wp\/v2\/product_cat?post=91897"},{"taxonomy":"product_tag","embeddable":true,"href":"https:\/\/zelenydrak.cz\/velkoobchod\/wp-json\/wp\/v2\/product_tag?post=91897"}],"curies":[{"name":"wp","href":"https:\/\/api.w.org\/{rel}","templated":true}]}}