{"id":91895,"date":"2025-03-05T08:09:59","date_gmt":"2025-03-05T08:09:59","guid":{"rendered":"https:\/\/zelenydrak.cz\/velkoobchod\/?post_type=product&#038;p=91895"},"modified":"2025-03-05T08:10:10","modified_gmt":"2025-03-05T08:10:10","slug":"india-pai-mu-tan-premium-organic","status":"publish","type":"product","link":"https:\/\/zelenydrak.cz\/velkoobchod\/produkt\/india-pai-mu-tan-premium-organic\/","title":{"rendered":"INDIA PAI MU TAN PREMIUM ORGANIC"},"content":{"rendered":"<h2>INDIA PAI MU TAN PREMIUM ORGANIC<\/h2>\n<p>Slo\u017een\u00ed: prav\u00fd b\u00edl\u00fd indick\u00fd \u010daj 100% poch\u00e1zej\u00edc\u00ed z kontrolovan\u00e9ho ekologick\u00e9ho zem\u011bd\u011blstv\u00ed. BIO \u010daj.<\/p>\n<p style=\"text-align: justify;\"><img loading=\"lazy\" decoding=\"async\" style=\"float: left;\" title=\"konvice \u010caj-a-K\u00e1va.cz\" src=\"https:\/\/caj-a-kava.cz\/img\/cms\/konvice_zelenydrak.png\" alt=\"konvice \u010caj-a-K\u00e1va.cz\" width=\"100\" height=\"100\" \/>INDIA PAI MU TAN PREMIUM je specialita v\u011bt\u0161inou poch\u00e1zej\u00edc\u00ed z \u010c\u00edny.  My V\u00e1m nab\u00edz\u00edme Pai Mu Tan, kter\u00fd vyrobila \u010dajov\u00e1 zahrada v Indii, kter\u00e1 se p\u0159ev\u00e1\u017en\u011b zam\u011b\u0159uje na v\u00fdrobu Darjeelingu. Tou zahradou je Tea Estate Puttabong le\u017e\u00edc\u00ed v  Darjeeling Pulbazar v subdivizi Darjeeling Sadar v okrese Darjeeling v indick\u00e9m st\u00e1t\u011b Z\u00e1padn\u00ed Beng\u00e1lsko. Zde se pustili do \u00fakolu vytvo\u0159it podobn\u00fd \u010daj, kter\u00fd zn\u00e1me p\u0159edev\u0161\u00edm z \u010c\u00edny. Povedlo se jim to na prvn\u00ed pokus. V t\u00e9to specialit\u011b se pou\u017e\u00edvaj\u00ed pouze nejmlad\u0161\u00ed listy a st\u0159\u00edb\u0159it\u00e9 v\u00fdhonky. Pit\u00ed tohoto \u010daje V\u00e1m bude p\u0159in\u00e1\u0161et neuv\u011b\u0159itelnou radost. Barva \u0161\u00e1lku je b\u00edl\u00e1 a\u017e jemn\u011b zlat\u00e1. Chu\u0165 \u010daje je sv\u011b\u017ee sladk\u00e1. Jedn\u00e1 se opravdu o raritn\u00ed \u010daj!!!<\/p>\n<h4 style=\"text-align: justify;\">\n<p style=\"text-align: justify;\">B\u00edl\u00fd \u010daj je pova\u017eov\u00e1n za neju\u0161lechtilej\u0161\u00ed \u010dajovou odr\u016fdu na sv\u011bt\u011b, proto\u017ee pro tento \u010daj se na ja\u0159e skl\u00edzej\u00ed pouze neotev\u0159en\u00e1 poupata a nejjemn\u011bj\u0161\u00ed l\u00edstky. D\u00edky obzvl\u00e1\u0161t\u011b jemn\u00e9mu zpracov\u00e1n\u00ed si b\u00edl\u00fd \u010daj zachov\u00e1v\u00e1 svou p\u016fvodn\u00ed jemnost a po zalit\u00ed chutn\u00e1 sv\u011b\u017ee a je lehce nasl\u00e1dl\u00fd.<\/p>\n<p>Doporu\u010den\u00ed Zelen\u00e9ho Draka pro p\u0159\u00edpravu b\u00edl\u00e9ho \u010daje.<\/h4>\n<\/p>\n<p>B\u00edl\u00fd \u010daj vlo\u017e\u00edme do konvice. Nejprve na b\u00edl\u00fd \u010daj nalijeme z 1\/4 studenou vodu a pot\u00e9 dolijeme vrouc\u00ed vodu. Louhujeme 1-2 minuty, podle toho jak chceme siln\u00fd \u010daj. B\u00edl\u00fd \u010daj m\u016f\u017ee b\u00fdt v\u00edcekr\u00e1t vylouhov\u00e1n. T\u00edmto zp\u016fsobem p\u0159\u00edpravy si ka\u017ed\u00fd typ b\u00edl\u00e9ho \u010daje zachov\u00e1 svoje specifick\u00e9 \u00fa\u010dinky a jedine\u010dnou chu\u0165.<\/p>\n<p><img decoding=\"async\" src=\"https:\/\/caj-a-kava.cz\/obrazky\/uvod\/dobalouhovani\/bily_caj.jpg\" alt=\"Prodej \u010derven\u00e9ho \u010daje. P\u0159\u00edprava \u010daje od Zelen\u00fd Drak \u010daj a k\u00e1va\" \/>\u00a0<\/p>\n<p><p style=\"text-align: right;\">\u010caj je mi l\u00e1skou, k\u00e1va v\u00e1\u0161n\u00ed<\/p>\n<p style=\"text-align: right;\"><sup><em> \u00a0 \u00a0 \u00a0 \u00a0 \u00a0 \u00a0 \u00a0 \u00a0 \u00a0 \u00a0 \u00a0 \u00a0 \u00a0 \u00a0 \u00a0 \u00a0 \u00a0 \u00a0 \u00a0 \u00a0 \u00a0 \u00a0 \u00a0 \u00a0 \u00a0 \u00a0(LEA<\/em>)<\/p>\n","protected":false},"excerpt":{"rendered":"<p><img loading=\"lazy\" decoding=\"async\" class=\"size-full wp-image-2970 alignleft\" src=\"https:\/\/zelenydrak.cz\/wp-content\/uploads\/2024\/08\/konvice-caj.png\" alt=\"\" width=\"48\" height=\"48\" \/>   V\u016fn\u011b a chu\u0165:\u010dist\u00e1, jemn\u00e1, sv\u011b\u017ee nasl\u00e1dl\u00e1. PAI MU TAN (B\u00cdL\u00c1 PIVO\u0147KA) je prav\u00fd b\u00edl\u00fd sypan\u00fd \u010daj jeho\u017e p\u016fvodn\u00ed domovinou je \u010c\u00edna. My V\u00e1m nab\u00edz\u00edme na\u0161i B\u00edlou pivo\u0148ku jako raritn\u00ed \u010daj jeho\u017e domovem je Indie.<\/p>\n","protected":false},"featured_media":91921,"comment_status":"open","ping_status":"closed","template":"","meta":[],"product_brand":[],"product_cat":[300,299,301],"product_tag":[],"class_list":{"0":"post-91895","1":"product","2":"type-product","3":"status-publish","4":"has-post-thumbnail","6":"product_cat-bily-caj","7":"product_cat-bily-caj-bio","8":"product_cat-rarity-a-premiove-caje","10":"first","11":"instock","12":"product-type-variable","13":"has-default-attributes"},"_links":{"self":[{"href":"https:\/\/zelenydrak.cz\/velkoobchod\/wp-json\/wp\/v2\/product\/91895","targetHints":{"allow":["GET"]}}],"collection":[{"href":"https:\/\/zelenydrak.cz\/velkoobchod\/wp-json\/wp\/v2\/product"}],"about":[{"href":"https:\/\/zelenydrak.cz\/velkoobchod\/wp-json\/wp\/v2\/types\/product"}],"replies":[{"embeddable":true,"href":"https:\/\/zelenydrak.cz\/velkoobchod\/wp-json\/wp\/v2\/comments?post=91895"}],"wp:featuredmedia":[{"embeddable":true,"href":"https:\/\/zelenydrak.cz\/velkoobchod\/wp-json\/wp\/v2\/media\/91921"}],"wp:attachment":[{"href":"https:\/\/zelenydrak.cz\/velkoobchod\/wp-json\/wp\/v2\/media?parent=91895"}],"wp:term":[{"taxonomy":"product_brand","embeddable":true,"href":"https:\/\/zelenydrak.cz\/velkoobchod\/wp-json\/wp\/v2\/product_brand?post=91895"},{"taxonomy":"product_cat","embeddable":true,"href":"https:\/\/zelenydrak.cz\/velkoobchod\/wp-json\/wp\/v2\/product_cat?post=91895"},{"taxonomy":"product_tag","embeddable":true,"href":"https:\/\/zelenydrak.cz\/velkoobchod\/wp-json\/wp\/v2\/product_tag?post=91895"}],"curies":[{"name":"wp","href":"https:\/\/api.w.org\/{rel}","templated":true}]}}