{"id":91893,"date":"2025-03-05T08:09:58","date_gmt":"2025-03-05T08:09:58","guid":{"rendered":"https:\/\/zelenydrak.cz\/velkoobchod\/?post_type=product&#038;p=91893"},"modified":"2025-03-05T08:10:09","modified_gmt":"2025-03-05T08:10:09","slug":"citron-a-rozmaryna-bio","status":"publish","type":"product","link":"https:\/\/zelenydrak.cz\/velkoobchod\/produkt\/citron-a-rozmaryna-bio\/","title":{"rendered":"CITRON A ROZMAR\u00ddNA BIO"},"content":{"rendered":"<h2>CITRON A ROZMAR\u00ddNA BIO &#8211; zelen\u00fd sypan\u00fd \u010daj<\/h2>\n<p>Slo\u017een\u00ed: zelen\u00fd \u010daj China Sencha*, citronov\u00e1 tr\u00e1va*, rozmar\u00fdn* (6 %), citronov\u00e1 k\u016fra* (6 %), p\u0159\u00edrodn\u00ed aroma (citron), limetkov\u00fd olej*, m\u011bs\u00ed\u010dek*. * ozna\u010den\u00e9 p\u0159\u00edsady poch\u00e1z\u00ed z kontrolovan\u00e9ho ekologick\u00e9ho zem\u011bd\u011blstv\u00ed. <\/p>\n<h3>Citron a rozmar\u00fdna Bio: Osv\u011b\u017euj\u00edc\u00ed harmonie chu\u0165ov\u00fdch nuanc\u00ed<\/h3>\n<p>  V honb\u011b za dokonalou harmoni\u00ed chut\u00ed a aromatick\u00fdch z\u00e1\u017eitk\u016f se \u010dasto setk\u00e1v\u00e1me s neobvykl\u00fdmi kombinacemi bylin a ovoce. Citron a rozmar\u00fdna, na prvn\u00ed pohled zd\u00e1nliv\u011b nesourod\u00e9, se v tomto bio \u010daji snoub\u00ed v dokonal\u00e9 symbi\u00f3ze, kter\u00e1 pot\u011b\u0161\u00ed i ty nejn\u00e1ro\u010dn\u011bj\u0161\u00ed chu\u0165ov\u00e9 poh\u00e1rky. Lahodn\u00e1 kompozice dopln\u011bn\u00e1 o z\u00e1\u0159iv\u00e9 a esteticky p\u016fsob\u00edc\u00ed m\u011bs\u00ed\u010dkov\u00e9 kv\u011bty zaru\u010duje nejen vynikaj\u00edc\u00ed chu\u0165ov\u00fd z\u00e1\u017eitek, ale i estetickou str\u00e1nku, kter\u00e1 pot\u011b\u0161\u00ed oko a zlep\u0161\u00ed n\u00e1ladu.<\/p>\n<p><h3>Unik\u00e1tn\u00ed sladkokysel\u00e1 harmonie<\/h3>\n<p>Z\u00e1kladem tohoto osv\u011b\u017euj\u00edc\u00edho sypan\u00e9ho \u010daje je zelen\u00fd \u010daj China Sencha, zn\u00e1m\u00fd svou jemnou a sv\u011b\u017e\u00ed chut\u00ed s m\u00edrnou ho\u0159kost\u00ed. Tato z\u00e1kladna se st\u00e1v\u00e1 ide\u00e1ln\u00edm podkladem pro vyniknut\u00ed jedine\u010dn\u00e9 harmonie citronu a rozmar\u00fdny. Citronov\u00e1 tr\u00e1va, citronov\u00e1 k\u016fra a p\u0159\u00edrodn\u00ed aroma citronu dod\u00e1vaj\u00ed \u010daji sv\u011b\u017e\u00ed a osv\u011b\u017euj\u00edc\u00ed sladkokyselou chu\u0165. Lehk\u00e1 kyselinka a citrusov\u00e1 v\u016fn\u011b se dokonale snoub\u00ed s bylinnou a lehce ko\u0159en\u011bnou chut\u00ed rozmar\u00fdnu.<\/p>\n<p>Rozmar\u00fdn, zn\u00e1m\u00fd pro sv\u00e9 antioxida\u010dn\u00ed a protiz\u00e1n\u011btliv\u00e9 vlastnosti, dod\u00e1v\u00e1 \u010daji jemn\u011b ko\u0159en\u011bnou a aromatickou notu. Jeho siln\u00e1 v\u016fn\u011b povzbud\u00ed va\u0161e smysly a zanech\u00e1 p\u0159\u00edjemn\u00fd pocit sv\u011b\u017eesti. Kombinace rozmar\u00fdnu s citrusem je skute\u010dn\u011b neobvykl\u00e1 a origin\u00e1ln\u00ed, ale z\u00e1rove\u0148 dokonale vyv\u00e1\u017een\u00e1.<\/p>\n<h3>M\u011bs\u00ed\u010dek: estetika a u\u017eite\u010dnost<\/h3>\n<p>Z\u00e1\u0159iv\u00e9 m\u011bs\u00ed\u010dkov\u00e9 kv\u011bty nejen zkr\u00e1\u0161luj\u00ed \u010daj, ale tak\u00e9 mu dod\u00e1vaj\u00ed jemnou kv\u011btinovou a lehce nasl\u00e1dlou chu\u0165. M\u011bs\u00ed\u010dek je zn\u00e1m\u00fd pro sv\u00e9 antioxida\u010dn\u00ed a protiz\u00e1n\u011btliv\u00e9 vlastnosti, a proto je skv\u011bl\u00fdm dopl\u0148kem do \u010daje. Jeho p\u0159\u00edtomnost v tomto produktu zd\u016fraz\u0148uje snahu o propojen\u00ed blahod\u00e1rn\u00fdch vlastnost\u00ed s estetick\u00fdm z\u00e1\u017eitkem.<\/p>\n<h3>Bio kvalita a ekologick\u00e9 zem\u011bd\u011blstv\u00ed<\/h3>\n<p>Tento sypan\u00fd \u010daj je vyroben v\u00fdhradn\u011b z ekologicky p\u011bstovan\u00fdch surovin, co\u017e zaru\u010duje jeho vysokou kvalitu a \u0161etrnost k \u017eivotn\u00edmu prost\u0159ed\u00ed. Ozna\u010den\u00ed &#8222;*&#8220; u jednotliv\u00fdch ingredienc\u00ed potvrzuje, \u017ee poch\u00e1z\u00ed z kontrolovan\u00e9ho ekologick\u00e9ho zem\u011bd\u011blstv\u00ed. To znamen\u00e1, \u017ee p\u0159i jejich p\u011bstov\u00e1n\u00ed se nepou\u017e\u00edvaj\u00ed syntetick\u00e1 hnojiva, pesticidy ani herbicidy, kter\u00e9 by mohly negativn\u011b ovlivnit zdrav\u00ed a \u017eivotn\u00ed prost\u0159ed\u00ed. V\u017edy je d\u016fle\u017eit\u00e9 volit produkty, kter\u00e9 jsou \u0161etrn\u00e9 k \u017eivotn\u00edmu prost\u0159ed\u00ed a respektuj\u00ed jeho zdroje.<\/p>\n<h3>P\u0159\u00edprava a serv\u00edrov\u00e1n\u00ed<\/h3>\n<p>P\u0159\u00edprava tohoto sypan\u00e9ho \u010daje je jednoduch\u00e1 a rychl\u00e1. Sta\u010d\u00ed zal\u00edt jednu \u010dajovou l\u017ei\u010dku \u010daje 200 ml hork\u00e9 vody (70-80 \u00b0C) a louhovat 2-3 minuty. Teplota vody by nem\u011bla b\u00fdt p\u0159\u00edli\u0161 vysok\u00e1, aby se zachovala jemn\u00e1 a sv\u011b\u017e\u00ed chu\u0165 zelen\u00e9ho \u010daje a zabr\u00e1nilo se jeho zho\u0159knut\u00ed.<\/p>\n<p>Tento \u010daj je ide\u00e1ln\u00ed pro osv\u011b\u017een\u00ed v hork\u00fdch letn\u00edch dnech, ale i pro zah\u0159\u00e1t\u00ed a povzbuzen\u00ed v chladn\u00fdch zimn\u00edch ve\u010derech. M\u016f\u017eete si ho vychutnat samostatn\u011b nebo jej kombinovat s medem, citronem \u010di jin\u00fdmi dopl\u0148ky podle va\u0161\u00ed chuti.<\/p>\n<h3>Z\u00e1v\u011br<\/h3>\n<p>Citron a rozmar\u00fdna Bio je sypan\u00fd \u010daj, kter\u00fd si zamilujete pro jeho origin\u00e1ln\u00ed a harmonickou chu\u0165, kr\u00e1snou barvu a mnoho pozitivn\u00edch vlastnost\u00ed pro va\u0161e t\u011blo. Unik\u00e1tn\u00ed kombinace bylin a ovoce zaru\u010duje osv\u011b\u017euj\u00edc\u00ed a povzn\u00e1\u0161ej\u00edc\u00ed z\u00e1\u017eitek, a\u0165 u\u017e si ho vychutn\u00e1te v klidu domova \u010di na cest\u00e1ch. Jeho bio kvalita a vysoce kvalitn\u00ed ingredience a unik\u00e1tn\u00ed kombinace chut\u00ed jej \u0159ad\u00ed mezi obl\u00edben\u00e9 p\u0159\u00edrodn\u00ed n\u00e1poje na\u0161ich z\u00e1kazn\u00edk\u016f. Vyzkou\u0161ejte si tento lahodn\u00fd sypan\u00fd \u010daj a dop\u0159ejte si chv\u00edle relaxace a osv\u011b\u017een\u00ed ve sv\u011bt\u011b pln\u00e9m p\u0159\u00edrodn\u00edch chut\u00ed. Va\u0161e t\u011blo i mysl v\u00e1m pod\u011bkuj\u00ed!<\/p>\n<h4>\u010caj je mi l\u00e1skou, k\u00e1va v\u00e1\u0161n\u00ed<\/h4>\n<p>LEA<\/p>\n<p><img decoding=\"async\" src=\"http:\/\/caj-a-kava.cz\/obrazky\/uvod\/dobalouhovani\/zeleny_caj_ochuceny.jpg\" alt=\"Prodej zelen\u00e9ho, sypan\u00e9ho \u010daje. P\u0159\u00edprava \u010daje od Zelen\u00fd Drak \u010daj a k\u00e1va\" \/><\/p>\n","protected":false},"excerpt":{"rendered":"<p><img loading=\"lazy\" decoding=\"async\" class=\"size-full wp-image-2970 alignleft\" src=\"https:\/\/zelenydrak.cz\/wp-content\/uploads\/2024\/08\/konvice-caj.png\" alt=\"\" width=\"48\" height=\"48\" \/> <\/p>\n<p><strong>CITRON A ROZMAR\u00ddNA BIO \u2013 \u010caj pro chu\u0165ov\u00e9 dobrodru\u017estv\u00ed<\/strong><\/p>\n<p>Objevte jedine\u010dnou kombinaci, kter\u00e1 osv\u011b\u017e\u00ed va\u0161e smysly a p\u0159inese harmonii do va\u0161eho dne. \u010caj CITRON A ROZMAR\u00ddNA BIO spojuje lahodnou sv\u011b\u017eest citronu s jemnou bylinkovost\u00ed rozmar\u00fdnu, \u010d\u00edm\u017e vytv\u00e1\u0159\u00ed neodolatelnou chu\u0165ovou paletu. Tato nezvykl\u00e1 kombinace je d\u00e1le obohacena o z\u00e1\u0159iv\u00e9 m\u011bs\u00ed\u010dkov\u00e9 kv\u011bty, kter\u00e9 nejen\u017ee p\u0159id\u00e1vaj\u00ed na estetice, ale z\u00e1rove\u0148 umoc\u0148uj\u00ed va\u0161e po\u017eitky z ka\u017ed\u00e9ho \u0161\u00e1lku.<\/p>\n<p>Na\u0161e pe\u010dliv\u011b vybran\u00e9 slo\u017een\u00ed zahrnuje kvalitn\u00ed zelen\u00fd \u010daj China Sencha, citronovou tr\u00e1vu a p\u0159\u00edrodn\u00ed aroma, kter\u00e9 spole\u010dn\u011b vytv\u00e1\u0159ej\u00ed osv\u011b\u017euj\u00edc\u00ed sm\u011bs. Nechte se okouzlit  rozmar\u00fdnem a k\u016frou z citronu, kter\u00e9 spole\u010dn\u011b tvo\u0159\u00ed harmonickou kombinaci chut\u00ed. D\u00edky limetkov\u00e9mu oleji z\u00edsk\u00e1v\u00e1te dal\u0161\u00ed d\u00e1vku sv\u011b\u017eesti, a m\u011bs\u00ed\u010dek dod\u00e1v\u00e1 t\u00e9to sm\u011bsi jemnost a kr\u00e1su.<\/p>\n<p>V\u0161echny ingredience jsou z kontrolovan\u00e9ho ekologick\u00e9ho zem\u011bd\u011blstv\u00ed, co\u017e zaru\u010duje nejen vysokou kvalitu, ale tak\u00e9 \u0161etrnost k p\u0159\u00edrod\u011b. P\u0159ipravte si \u0161\u00e1lek CITRON A ROZMAR\u00ddNA BIO a u\u017eijte si chv\u00edle klidu, kter\u00e9 v\u00e1m p\u0159inesou pohodu a osv\u011b\u017een\u00ed. Ide\u00e1ln\u00ed volba pro v\u0161echny, kte\u0159\u00ed hledaj\u00ed n\u011bco nov\u00e9ho a nev\u0161edn\u00edho!<\/p>\n","protected":false},"featured_media":91905,"comment_status":"open","ping_status":"closed","template":"","meta":[],"product_brand":[],"product_cat":[297,364],"product_tag":[],"class_list":{"0":"post-91893","1":"product","2":"type-product","3":"status-publish","4":"has-post-thumbnail","6":"product_cat-zeleny-caj-ochuceny","7":"product_cat-zeleny-caj-ochuceny-bio","9":"first","10":"instock","11":"product-type-variable","12":"has-default-attributes"},"_links":{"self":[{"href":"https:\/\/zelenydrak.cz\/velkoobchod\/wp-json\/wp\/v2\/product\/91893","targetHints":{"allow":["GET"]}}],"collection":[{"href":"https:\/\/zelenydrak.cz\/velkoobchod\/wp-json\/wp\/v2\/product"}],"about":[{"href":"https:\/\/zelenydrak.cz\/velkoobchod\/wp-json\/wp\/v2\/types\/product"}],"replies":[{"embeddable":true,"href":"https:\/\/zelenydrak.cz\/velkoobchod\/wp-json\/wp\/v2\/comments?post=91893"}],"wp:featuredmedia":[{"embeddable":true,"href":"https:\/\/zelenydrak.cz\/velkoobchod\/wp-json\/wp\/v2\/media\/91905"}],"wp:attachment":[{"href":"https:\/\/zelenydrak.cz\/velkoobchod\/wp-json\/wp\/v2\/media?parent=91893"}],"wp:term":[{"taxonomy":"product_brand","embeddable":true,"href":"https:\/\/zelenydrak.cz\/velkoobchod\/wp-json\/wp\/v2\/product_brand?post=91893"},{"taxonomy":"product_cat","embeddable":true,"href":"https:\/\/zelenydrak.cz\/velkoobchod\/wp-json\/wp\/v2\/product_cat?post=91893"},{"taxonomy":"product_tag","embeddable":true,"href":"https:\/\/zelenydrak.cz\/velkoobchod\/wp-json\/wp\/v2\/product_tag?post=91893"}],"curies":[{"name":"wp","href":"https:\/\/api.w.org\/{rel}","templated":true}]}}