{"id":91843,"date":"2025-03-05T08:09:30","date_gmt":"2025-03-05T08:09:30","guid":{"rendered":"https:\/\/zelenydrak.cz\/velkoobchod\/?post_type=product&#038;p=91843"},"modified":"2025-03-05T08:09:40","modified_gmt":"2025-03-05T08:09:40","slug":"japan-moga-cha-bio","status":"publish","type":"product","link":"https:\/\/zelenydrak.cz\/velkoobchod\/produkt\/japan-moga-cha-bio\/","title":{"rendered":"JAPAN MOGA CHA BIO"},"content":{"rendered":"<h2>JAPAN MOGA CHA BIO <\/h2>\n<p>Slo\u017een\u00ed: prav\u00fd japonsk\u00fd zelen\u00fd \u010daj MOGA CHA 100%.<\/p>\n<p>\u010caj V\u00e1s hned p\u0159i otev\u0159en\u00ed s\u00e1\u010dku nadchne aromatickou v\u016fn\u00ed. Tato v\u016fn\u011b se zn\u00e1sob\u00ed jakmile \u010daj zalijeme teplou kvalitn\u00ed vodou a nech\u00e1me vylouhovat. Po p\u0159\u00edprav\u011b V\u00e1s \u010daj odm\u011bn\u00ed podmanivou v\u016fn\u00ed, n\u00e1dhernou zeleno-zlatou jiskrnou barvou n\u00e1levu a nasl\u00e1dlou travnatou chut\u00ed.<\/p>\n<p>Moga Cha stejn\u011b jako Matcha je pr\u00e1\u0161kov\u00fd zelen\u00fd \u010daj poch\u00e1zej\u00edc\u00ed z japonsk\u00e9ho zelen\u00e9ho \u010daje bohat\u00e9ho na \u017eiviny s n\u00e1zvem Tencha. Rozd\u00edl mezi Matcha a Moga Cha tkv\u00ed ve v\u00fdrobn\u00edm procesu: pro vznik \u010daje Moga Cha se Tencha v peci nepra\u017e\u00ed. Surov\u00e9 listy jsou p\u0159\u00edmo rozemlet\u00e9. Jeho chu\u0165 je proto trochu jin\u00e1: m\u00edrn\u011b travnat\u011bj\u0161\u00ed, slad\u0161\u00ed a m\u00e9n\u011b ho\u0159k\u00e1.<\/p>\n<p>P\u0159\u00edprava \u010daje Moga Cha<\/p>\n<p>Nasypte 1g Moga Cha do mal\u00e9 misky. Zelejte cca 80 ml vody s teplotou 75\u00b0C a \u0161lehejte metli\u010dkou chasen tak, \u017ee kresl\u00edte jakoby osmi\u010dku. Toto opakujte dokud nez\u00edsk\u00e1te hezkou nefritovou p\u011bnu. <\/p>\n<p>My v\u0161ichni jsme si v\u011bdomi zdravotn\u00edch v\u00fdhod zelen\u00e9ho \u010daje \u2013 obsahuje vitam\u00edny a miner\u00e1ly, p\u016fsob\u00ed jako p\u0159\u00edrodn\u00ed stimulant ke zlep\u0161en\u00ed n\u00e1lady atp. Te\u010f si p\u0159edstavte v\u0161echny tyto v\u00fdhody a p\u0159\u00ednosy pro zdrav\u00ed, ale ZES\u00cdLEN\u00c9!!!<\/p>\n<p\/>\n<p> S Moga Cha toti\u017e tr\u00e1v\u00edte cel\u00fd \u010dajov\u00fd list, na rozd\u00edl od \u010daje zalit\u00e9ho vodou, co\u017e znamen\u00e1, \u017ee Moga Cha p\u0159in\u00e1\u0161\u00ed v\u0161e, co zelen\u00fd \u010daj p\u0159in\u00e1\u0161\u00ed \u2013 ale s mnohem vy\u0161\u0161\u00ed \u00fa\u010dinnost\u00ed.<\/p>\n<p>Moga Cha p\u0159in\u00e1\u0161\u00ed:<\/p>\n<p>137 antioxidant\u016f standartn\u00edho zelen\u00e9ho \u010daje<\/p>\n<p>vysok\u00fd obsah L-Theanine (p\u0159in\u00e1\u0161\u00ed dobr\u00fd pocit)<\/p>\n<p>lep\u0161\u00ed du\u0161evn\u00ed klid a pohodu<\/p>\n<p>zv\u00fd\u0161en\u00ed metabolismu (jednodu\u0161\u0161\u00ed a rychlej\u0161\u00ed spalov\u00e1n\u00ed tuk\u016f)<\/p>\n<p>detoxika\u010dn\u00ed a protist\u00e1rnouc\u00ed \u00fa\u010dinky<\/p>\n<p>Matcha je \u010daj, kter\u00fd poch\u00e1z\u00ed z nejexkluzivn\u011bj\u0161\u00edch oblast\u00ed Japonska<\/p>\n<p>Je nutno podotknout, \u017ee \u00fa\u010dinky n\u00e1mi nab\u00edzen\u00fdch \u010daj\u016f (tedy ani tohoto), nebyly v\u011bdecky testov\u00e1ny. <\/p>\n<p>Dobroty z \u010daje Moga Cha:<\/p>\n<p>v posledn\u00ed dob\u011b stoup\u00e1 obliba pou\u017eit\u00ed zelen\u00fdch pr\u00e1\u0161kov\u00fdch \u010daj\u016f v j\u00eddlech nebo cukrovink\u00e1ch.<\/p>\n<p><img decoding=\"async\" src=\"https:\/\/www.zelenydrak.cz\/wp-content\/uploads\/2019\/04\/matcha-zelenydrak-japan-tea.cz_.jpg\" alt=\"matcha Zelen\u00fdDrak.cz\" \/><\/p>\n<p>V Evrop\u011b je tato kvalita jen z\u0159\u00eddka k dost\u00e1n\u00ed. Pro mnoh\u00e9 je zelen\u00fd \u010daj n\u00e1poj. Pro v\u011bt\u0161inu Japonc\u016f je  zelen\u00fd \u010daj v\u0161echno. Japonci berou zelen\u00fd \u010daj jako samoz\u0159ejm\u00fd po\u017eitek p\u0159i ka\u017ed\u00e9 p\u0159\u00edle\u017eitosti. Zelen\u00fd \u010daj je kl\u00ed\u010dem k dochovan\u00e9 \u010dajov\u00e9 ceremonii, kter\u00e1 se prov\u00e1d\u00ed p\u0159esn\u011b tak, jak p\u0159ed stalet\u00edmi. \u017d\u00e1dn\u00fd z\u00e1zrak, \u017ee n\u011bkolik celosv\u011btov\u011b nejlep\u0161\u00edch zelen\u00fdch \u010daj\u016f poch\u00e1z\u00ed pr\u00e1v\u011b z Japonska.<\/p>\n<h4>\u010caj je mi l\u00e1skou, k\u00e1va v\u00e1\u0161n\u00ed<\/h4>\n<p>LEA<\/p>\n<p><p><img decoding=\"async\" src=\"https:\/\/caj-a-kava.cz\/obrazky\/uvod\/dobalouhovani\/zeleny_caj_2.jpg\" alt=\"Prodej zelen\u00e9ho, sypan\u00e9ho BIO \u010daje. P\u0159\u00edprava \u010daje od Zelen\u00fd Drak \u010daj a k\u00e1va\" \/><\/p>\n","protected":false},"excerpt":{"rendered":"<p><small>Cena za 100g: 780 K\u010d<\/small><\/p>\n<p><p><img loading=\"lazy\" decoding=\"async\" class=\"size-full wp-image-2970 alignleft\" src=\"https:\/\/zelenydrak.cz\/wp-content\/uploads\/2024\/08\/konvice-caj.png\" alt=\"\" width=\"48\" height=\"48\" \/>   V\u016fn\u011b a chu\u0165: nasl\u00e1dl\u00e1, travnat\u00e1 s men\u0161\u00ed ho\u0159kost\u00ed ne\u017e m\u00e1 Matcha. P\u0159edstavte si \u010daj, kter\u00fd m\u00e1 n\u011bkolikan\u00e1sobn\u00e9 \u00fa\u010dinky b\u011b\u017en\u00fdch zelen\u00fdch \u010daj\u016f? To je par\u00e1da. A s takovou par\u00e1dou p\u0159ich\u00e1z\u00ed Moga Cha. Je \u00fa\u017easn\u00fd \u00fa\u010dinkama s mnoha benefity a je\u0161t\u011b \u00fa\u017easn\u011bj\u0161\u00ed svou rozmanitost\u00ed v pou\u017eit\u00ed. Hmotnost 50g.<\/p>\n","protected":false},"featured_media":91885,"comment_status":"open","ping_status":"closed","template":"","meta":[],"product_brand":[],"product_cat":[301,295,311],"product_tag":[],"class_list":{"0":"post-91843","1":"product","2":"type-product","3":"status-publish","4":"has-post-thumbnail","6":"product_cat-rarity-a-premiove-caje","7":"product_cat-zeleny-caj-cisty","8":"product_cat-zeleny-caj-cisty-bio","10":"first","11":"outofstock","12":"product-type-variable","13":"has-default-attributes"},"_links":{"self":[{"href":"https:\/\/zelenydrak.cz\/velkoobchod\/wp-json\/wp\/v2\/product\/91843","targetHints":{"allow":["GET"]}}],"collection":[{"href":"https:\/\/zelenydrak.cz\/velkoobchod\/wp-json\/wp\/v2\/product"}],"about":[{"href":"https:\/\/zelenydrak.cz\/velkoobchod\/wp-json\/wp\/v2\/types\/product"}],"replies":[{"embeddable":true,"href":"https:\/\/zelenydrak.cz\/velkoobchod\/wp-json\/wp\/v2\/comments?post=91843"}],"wp:featuredmedia":[{"embeddable":true,"href":"https:\/\/zelenydrak.cz\/velkoobchod\/wp-json\/wp\/v2\/media\/91885"}],"wp:attachment":[{"href":"https:\/\/zelenydrak.cz\/velkoobchod\/wp-json\/wp\/v2\/media?parent=91843"}],"wp:term":[{"taxonomy":"product_brand","embeddable":true,"href":"https:\/\/zelenydrak.cz\/velkoobchod\/wp-json\/wp\/v2\/product_brand?post=91843"},{"taxonomy":"product_cat","embeddable":true,"href":"https:\/\/zelenydrak.cz\/velkoobchod\/wp-json\/wp\/v2\/product_cat?post=91843"},{"taxonomy":"product_tag","embeddable":true,"href":"https:\/\/zelenydrak.cz\/velkoobchod\/wp-json\/wp\/v2\/product_tag?post=91843"}],"curies":[{"name":"wp","href":"https:\/\/api.w.org\/{rel}","templated":true}]}}