{"id":91841,"date":"2025-03-05T08:09:30","date_gmt":"2025-03-05T08:09:30","guid":{"rendered":"https:\/\/zelenydrak.cz\/velkoobchod\/?post_type=product&#038;p=91841"},"modified":"2025-03-05T08:09:39","modified_gmt":"2025-03-05T08:09:39","slug":"kralovna-nefertiti-bio","status":"publish","type":"product","link":"https:\/\/zelenydrak.cz\/velkoobchod\/produkt\/kralovna-nefertiti-bio\/","title":{"rendered":"KR\u00c1LOVNA NEFERTITI BIO"},"content":{"rendered":"<h2>KR\u00c1LOVNA NEFERTITI BIO<\/h2>\n<p>Slo\u017een\u00ed: zelen\u00fd \u010daj \u010c\u00edna Sencha *, zelen\u00e9 mat\u00e9 *, citronov\u00e1 tr\u00e1va *, kop\u0159iva *, listy verbeny *, bazalka *, p\u0159\u00edrodn\u00ed aroma, myrta citronov\u00e1 *, levandule *, m\u011bs\u00ed\u010dek *, acerola *, mlad\u00e9 p\u0161eni\u010dn\u00e9 v\u00fdhonky *.  * ozna\u010den\u00e9 p\u0159\u00edsady poch\u00e1z\u00ed z kontrolovan\u00e9ho ekologick\u00e9ho zem\u011bd\u011blstv\u00ed. <\/p>\n<p>\u010caj V\u00e1s hned p\u0159i otev\u0159en\u00ed s\u00e1\u010dku nadchne omamuj\u00edc\u00ed v\u016fn\u00ed citronu. Tato v\u016fn\u011b se zn\u00e1sob\u00ed jakmile \u010daj zalijeme teplou vodou a nech\u00e1me vylouhovat. Po dvou a\u017e t\u0159ech minutk\u00e1ch louhov\u00e1n\u00ed V\u00e1s \u010daj odm\u011bn\u00ed podmanivou v\u016fn\u00ed a n\u00e1dhernou zlatozelenou barvou n\u00e1levu. <\/p>\n<h4>\u010caj je mi l\u00e1skou, k\u00e1va v\u00e1\u0161n\u00ed<\/h4>\n<p>LEA<\/p>\n<p><img decoding=\"async\" src=\"https:\/\/caj-a-kava.cz\/obrazky\/uvod\/dobalouhovani\/zeleny_caj_ochuceny.jpg\" alt=\"Prodej zelen\u00e9ho, sypan\u00e9ho \u010daje. P\u0159\u00edprava \u010daje od Zelen\u00fd Drak \u010daj a k\u00e1va\" \/><\/p>\n","protected":false},"excerpt":{"rendered":"<p><img loading=\"lazy\" decoding=\"async\" class=\"size-full wp-image-2970 alignleft\" src=\"https:\/\/zelenydrak.cz\/wp-content\/uploads\/2024\/08\/konvice-caj.png\" alt=\"\" width=\"48\" height=\"48\" \/> Neferneferuaton Nefertiti, byla staroegyptsk\u00e1 kr\u00e1lovna 18. dynastie v dob\u011b Nov\u00e9 \u0159\u00ed\u0161e. Byla man\u017eelkou faraona Achnatona. Jej\u00ed jm\u00e9no se stalo synonymem kr\u00e1sy. Dnes je proslul\u00e1 hlavn\u011b kv\u016fli kr\u00e1sn\u00e9mu obli\u010deji a nezvykle jemn\u00fdm rys\u016fm. N\u00e1\u0161 napohled kr\u00e1sn\u00fd \u010daj, se tedy nedal pojmenovat jinak. Vychutnejte si nejen jeho kr\u00e1su, ale i velmi p\u0159\u00edjemnou do citronova lad\u011bnou chu\u0165.<\/p>\n","protected":false},"featured_media":91878,"comment_status":"open","ping_status":"closed","template":"","meta":[],"product_brand":[],"product_cat":[297,364],"product_tag":[],"class_list":{"0":"post-91841","1":"product","2":"type-product","3":"status-publish","4":"has-post-thumbnail","6":"product_cat-zeleny-caj-ochuceny","7":"product_cat-zeleny-caj-ochuceny-bio","9":"first","10":"outofstock","11":"product-type-variable","12":"has-default-attributes"},"_links":{"self":[{"href":"https:\/\/zelenydrak.cz\/velkoobchod\/wp-json\/wp\/v2\/product\/91841","targetHints":{"allow":["GET"]}}],"collection":[{"href":"https:\/\/zelenydrak.cz\/velkoobchod\/wp-json\/wp\/v2\/product"}],"about":[{"href":"https:\/\/zelenydrak.cz\/velkoobchod\/wp-json\/wp\/v2\/types\/product"}],"replies":[{"embeddable":true,"href":"https:\/\/zelenydrak.cz\/velkoobchod\/wp-json\/wp\/v2\/comments?post=91841"}],"wp:featuredmedia":[{"embeddable":true,"href":"https:\/\/zelenydrak.cz\/velkoobchod\/wp-json\/wp\/v2\/media\/91878"}],"wp:attachment":[{"href":"https:\/\/zelenydrak.cz\/velkoobchod\/wp-json\/wp\/v2\/media?parent=91841"}],"wp:term":[{"taxonomy":"product_brand","embeddable":true,"href":"https:\/\/zelenydrak.cz\/velkoobchod\/wp-json\/wp\/v2\/product_brand?post=91841"},{"taxonomy":"product_cat","embeddable":true,"href":"https:\/\/zelenydrak.cz\/velkoobchod\/wp-json\/wp\/v2\/product_cat?post=91841"},{"taxonomy":"product_tag","embeddable":true,"href":"https:\/\/zelenydrak.cz\/velkoobchod\/wp-json\/wp\/v2\/product_tag?post=91841"}],"curies":[{"name":"wp","href":"https:\/\/api.w.org\/{rel}","templated":true}]}}