{"id":91840,"date":"2025-03-05T08:09:30","date_gmt":"2025-03-05T08:09:30","guid":{"rendered":"https:\/\/zelenydrak.cz\/velkoobchod\/?post_type=product&#038;p=91840"},"modified":"2025-03-05T08:09:42","modified_gmt":"2025-03-05T08:09:42","slug":"japan-kaga-boucha-bio-prazena-kukicha","status":"publish","type":"product","link":"https:\/\/zelenydrak.cz\/velkoobchod\/produkt\/japan-kaga-boucha-bio-prazena-kukicha\/","title":{"rendered":"JAPAN KAGA BOUCHA BIO &#8211; pra\u017een\u00e1 Kukicha"},"content":{"rendered":"<h2>JAPAN KAGA BOUCHA BIO &#8211; pra\u017een\u00e1 Kukicha<\/h2>\n<p>Slo\u017een\u00ed: prav\u00fd japonsk\u00fd zelen\u00fd \u010daj pra\u017een\u00fd 100%. \u010caj s certifikac\u00ed BIO.<\/p>\n<p>JAPAN KAGA BOUCHA BIO V\u00e1s hned p\u0159i otev\u0159en\u00ed s\u00e1\u010dku nadchne omamuj\u00edc\u00ed v\u016fn\u00ed s t\u00f3ny ko\u0159en\u00ed. Tato v\u016fn\u011b se zn\u00e1sob\u00ed jakmile \u010daj zalijeme teplou kvalitn\u00ed vodou a nech\u00e1me vylouhovat. Po jedn\u00e9 a\u017e dvou minutk\u00e1ch louhov\u00e1n\u00ed V\u00e1s \u010daj odm\u011bn\u00ed podmanivou v\u016fn\u00ed a n\u00e1dhernou tmav\u011b zlatavou barvou n\u00e1levu.<\/p>\n<p><strong>O JAPAN KAGA BOUCHA BIO<\/strong><\/p>\n<p>Kaga boucha nebo tak\u00e9 Houji boucha je pra\u017een\u00fd \u010daj Kukicha vyr\u00e1b\u011bn\u00fd z \u010daje Gyokuro. \u010caj Gyokuro je speci\u00e1ln\u00ed zelen\u00fd japonsk\u00fd \u010daj, kter\u00fd se zasti\u0148uje, aby bylo dos\u00e1hnuto v\u011bt\u0161\u00edho mno\u017estv\u00ed L-theaninu v \u010daji. L-theanin se p\u0159irozen\u011b produkuje v ko\u0159enech a odtud se prost\u0159ednictv\u00edm stonku pos\u00edl\u00e1 do list\u016f. Listy produkuj\u00ed katechiny, ale fotosynt\u00e9zou ztr\u00e1cej\u00ed L-theanin. D\u016fvod zasti\u0148ov\u00e1n\u00ed je tedy udr\u017eet co nejv\u011bt\u0161\u00ed mno\u017estv\u00ed L-teaninu v \u010daji. <\/p>\n<p>Kaga boucha &#8211; pra\u017een\u00e1 kukicha je velmi popul\u00e1rn\u00ed v prefektu\u0159e Ishikawa, m\u011bst\u011b Kaga a to pro svoji pra\u017eenou chu\u0165 a velmi malou sv\u00edravost a ho\u0159kost. Stejn\u011b jako pra\u017een\u00e9 \u010daje Hojicha m\u00e1 pr\u00e1v\u011b d\u00edky pra\u017een\u00ed n\u00edzk\u00fd obsah kofeinu a katechinu. Kdo tedy vyhled\u00e1v\u00e1 \u010daje, kter\u00e9 um\u00ed navodit pohodovou atmosf\u00e9ru, jist\u011b sahne po Kaga boucha. Obecn\u011b se pra\u017een\u00e9 \u010daje pij\u00ed po j\u00eddle, proto\u017ee se hod\u00ed snad ke v\u0161em pokrm\u016fm.<\/p>\n<p><h4>\u010caj je mi l\u00e1skou, k\u00e1va v\u00e1\u0161n\u00ed<\/h4>\n<p>LEA<\/p>\n<p><img decoding=\"async\" src=\"https:\/\/caj-a-kava.cz\/obrazky\/uvod\/dobalouhovani\/zeleny_caj_2.jpg\" alt=\"Prodej zelen\u00e9ho, sypan\u00e9ho BIO \u010daje. P\u0159\u00edprava \u010daje od Zelen\u00fd Drak \u010daj a k\u00e1va\" \/><\/p>\n","protected":false},"excerpt":{"rendered":"<p><img loading=\"lazy\" decoding=\"async\" class=\"size-full wp-image-2970 alignleft\" src=\"https:\/\/zelenydrak.cz\/wp-content\/uploads\/2024\/08\/konvice-caj.png\" alt=\"\" width=\"48\" height=\"48\" \/> Kukicha je speci\u00e1ln\u00ed v\u011btvi\u010dkov\u00fd \u010daj. Na rozd\u00edl od v\u011bt\u0161iny \u010daj\u016f se ned\u011bl\u00e1 z \u010dajov\u00fdch l\u00edstk\u016f, ale je vyr\u00e1b\u011bn ze stonk\u016f a v\u011btvi\u010dek. Ji\u017e p\u0159i sklizni proch\u00e1z\u00ed Kukicha procesem selekce, kdy jsou stonky a v\u011btvi\u010dky odd\u011bleny od list\u016f. Oproti jin\u00fdm zelen\u00fdm \u010daj\u016fm m\u00e1 Kukicha nasl\u00e1dlou chu\u0165, za kterou vd\u011b\u010d\u00ed obrovsk\u00e9mu mno\u017estv\u00ed l\u00e1tky L-theaninu. L- theaninu jsou p\u0159ipisov\u00e1ny pozitivn\u00ed \u00fa\u010dinky vedouc\u00edch k biologick\u00e9 harmonii organismu, dobr\u00e9 kvalit\u011b sp\u00e1nku, tvorb\u011b alpha vln v nervov\u00e9m syst\u00e9mu a celkov\u00e9 relaxaci. L- theanin tak\u00e9 m\u016f\u017ee zlep\u0161it schopnost u\u010den\u00ed a navodit pocit pohody.<\/p>\n","protected":false},"featured_media":91874,"comment_status":"open","ping_status":"closed","template":"","meta":[],"product_brand":[],"product_cat":[295,311],"product_tag":[],"class_list":{"0":"post-91840","1":"product","2":"type-product","3":"status-publish","4":"has-post-thumbnail","6":"product_cat-zeleny-caj-cisty","7":"product_cat-zeleny-caj-cisty-bio","9":"first","10":"instock","11":"product-type-variable","12":"has-default-attributes"},"_links":{"self":[{"href":"https:\/\/zelenydrak.cz\/velkoobchod\/wp-json\/wp\/v2\/product\/91840","targetHints":{"allow":["GET"]}}],"collection":[{"href":"https:\/\/zelenydrak.cz\/velkoobchod\/wp-json\/wp\/v2\/product"}],"about":[{"href":"https:\/\/zelenydrak.cz\/velkoobchod\/wp-json\/wp\/v2\/types\/product"}],"replies":[{"embeddable":true,"href":"https:\/\/zelenydrak.cz\/velkoobchod\/wp-json\/wp\/v2\/comments?post=91840"}],"wp:featuredmedia":[{"embeddable":true,"href":"https:\/\/zelenydrak.cz\/velkoobchod\/wp-json\/wp\/v2\/media\/91874"}],"wp:attachment":[{"href":"https:\/\/zelenydrak.cz\/velkoobchod\/wp-json\/wp\/v2\/media?parent=91840"}],"wp:term":[{"taxonomy":"product_brand","embeddable":true,"href":"https:\/\/zelenydrak.cz\/velkoobchod\/wp-json\/wp\/v2\/product_brand?post=91840"},{"taxonomy":"product_cat","embeddable":true,"href":"https:\/\/zelenydrak.cz\/velkoobchod\/wp-json\/wp\/v2\/product_cat?post=91840"},{"taxonomy":"product_tag","embeddable":true,"href":"https:\/\/zelenydrak.cz\/velkoobchod\/wp-json\/wp\/v2\/product_tag?post=91840"}],"curies":[{"name":"wp","href":"https:\/\/api.w.org\/{rel}","templated":true}]}}