{"id":91839,"date":"2025-03-05T08:09:30","date_gmt":"2025-03-05T08:09:30","guid":{"rendered":"https:\/\/zelenydrak.cz\/velkoobchod\/?post_type=product&#038;p=91839"},"modified":"2025-03-05T08:09:41","modified_gmt":"2025-03-05T08:09:41","slug":"manana","status":"publish","type":"product","link":"https:\/\/zelenydrak.cz\/velkoobchod\/produkt\/manana\/","title":{"rendered":"MA\u0147\u00c1NA"},"content":{"rendered":"<h2>MA\u0147\u00c1NA<\/h2>\n<p>Slo\u017een\u00ed: Rooibos Super Grade, kokos (kokos, kokosov\u00fd olej, cukr) (21%), kakaov\u00e1 dr\u0165, kakaov\u00e9 slupky, p\u0159\u00edchu\u0165, <strong>\u010dokol\u00e1da (cukr, kakao, kakaov\u00e9 m\u00e1slo, s\u00f3jov\u00fd lecitin (4%) (p\u0159\u00edrodn\u00ed antioxidant)).<\/strong><\/p>\n<p> \u010caj V\u00e1s ihned po otev\u0159en\u00ed s\u00e1\u010dku nadchne omamuj\u00edc\u00ed v\u016fn\u00ed \u010dokol\u00e1dy a kokosu. Tato v\u016fn\u011b se zn\u00e1sob\u00ed jakmile \u010daj zalijeme horkou vodou a nech\u00e1me vylouhovat. Po sedmi a\u017e deseti minut\u00e1ch louhov\u00e1n\u00ed V\u00e1s \u010daj odm\u011bn\u00ed podmanivou v\u016fn\u00ed a n\u00e1dhernou rub\u00ednovou barvou n\u00e1levu. <\/p>\n<h4>\u010caj je mi l\u00e1skou, k\u00e1va v\u00e1\u0161n\u00ed<\/h4>\n<p>(LEA)<\/p>\n<p><img decoding=\"async\" src=\"https:\/\/caj-a-kava.cz\/obrazky\/uvod\/dobalouhovani\/rooibos.jpg\" alt=\"Prodej rooibos \u010daj\u016f. P\u0159\u00edprava \u010daje od Zelen\u00fd Drak \u010daj a k\u00e1va\" \/><\/p>\n","protected":false},"excerpt":{"rendered":"<p><img loading=\"lazy\" decoding=\"async\" class=\"size-full wp-image-2970 alignleft\" src=\"https:\/\/zelenydrak.cz\/wp-content\/uploads\/2024\/08\/konvice-caj.png\" alt=\"\" width=\"48\" height=\"48\" \/> <\/p>\n<p>Bylinn\u00fd \u010daj Rooibos ochucen\u00fd<\/p>\n<p>   V\u016fn\u011b a chu\u0165: \u010dokol\u00e1da a kokos.<\/p>\n<p> \u010cokol\u00e1da a kokos? Hmmm?, zn\u00ed to exoticky a je to exotick\u00fd n\u00e1poj se skv\u011blou chut\u00ed kokosu a sladk\u00e9 \u010dokol\u00e1dy. Pokud m\u00e1te r\u00e1di kokos nenechte si tento lahodn\u00fd rooibos ut\u00e9ct.<\/p>\n","protected":false},"featured_media":91870,"comment_status":"open","ping_status":"closed","template":"","meta":[],"product_brand":[],"product_cat":[313],"product_tag":[],"class_list":{"0":"post-91839","1":"product","2":"type-product","3":"status-publish","4":"has-post-thumbnail","6":"product_cat-rooibos","8":"first","9":"instock","10":"product-type-variable","11":"has-default-attributes"},"_links":{"self":[{"href":"https:\/\/zelenydrak.cz\/velkoobchod\/wp-json\/wp\/v2\/product\/91839","targetHints":{"allow":["GET"]}}],"collection":[{"href":"https:\/\/zelenydrak.cz\/velkoobchod\/wp-json\/wp\/v2\/product"}],"about":[{"href":"https:\/\/zelenydrak.cz\/velkoobchod\/wp-json\/wp\/v2\/types\/product"}],"replies":[{"embeddable":true,"href":"https:\/\/zelenydrak.cz\/velkoobchod\/wp-json\/wp\/v2\/comments?post=91839"}],"wp:featuredmedia":[{"embeddable":true,"href":"https:\/\/zelenydrak.cz\/velkoobchod\/wp-json\/wp\/v2\/media\/91870"}],"wp:attachment":[{"href":"https:\/\/zelenydrak.cz\/velkoobchod\/wp-json\/wp\/v2\/media?parent=91839"}],"wp:term":[{"taxonomy":"product_brand","embeddable":true,"href":"https:\/\/zelenydrak.cz\/velkoobchod\/wp-json\/wp\/v2\/product_brand?post=91839"},{"taxonomy":"product_cat","embeddable":true,"href":"https:\/\/zelenydrak.cz\/velkoobchod\/wp-json\/wp\/v2\/product_cat?post=91839"},{"taxonomy":"product_tag","embeddable":true,"href":"https:\/\/zelenydrak.cz\/velkoobchod\/wp-json\/wp\/v2\/product_tag?post=91839"}],"curies":[{"name":"wp","href":"https:\/\/api.w.org\/{rel}","templated":true}]}}