{"id":91838,"date":"2025-03-05T08:09:30","date_gmt":"2025-03-05T08:09:30","guid":{"rendered":"https:\/\/zelenydrak.cz\/velkoobchod\/?post_type=product&#038;p=91838"},"modified":"2025-03-05T08:09:41","modified_gmt":"2025-03-05T08:09:41","slug":"horka-cokolada","status":"publish","type":"product","link":"https:\/\/zelenydrak.cz\/velkoobchod\/produkt\/horka-cokolada\/","title":{"rendered":"HORK\u00c1 \u010cOKOL\u00c1DA"},"content":{"rendered":"<p>Slo\u017een\u00ed: Rooibos Super Grade, \u010dern\u00fd pep\u0159, kakaov\u00e9 slupky, kousky sko\u0159ice, z\u00e1zvor, p\u0159\u00edchu\u0165, <strong>\u010dokol\u00e1da (cukr, kakao, kakaov\u00e9 m\u00e1slo, s\u00f3jov\u00fd lecitin (4%) (p\u0159\u00edrodn\u00ed antioxidant)),<\/strong> kardamon.<\/p>\n<p><img decoding=\"async\" src=\"http:\/\/caj-a-kava.cz\/obrazky\/uvod\/dobalouhovani\/rooibos.jpg\" alt=\"Prodej rooibos \u010daj\u016f. P\u0159\u00edprava \u010daje od Zelen\u00fd Drak \u010daj a k\u00e1va\" \/><\/p>\n","protected":false},"excerpt":{"rendered":"<p>Bylinn\u00fd \u010daj Rooibos ochucen\u00fd<\/p>\n<p><strong>V\u016fn\u011b a chu\u0165:<\/strong> \u010dokol\u00e1da a ko\u0159en\u00ed. <\/p>\n<p>Tento \u010daj\u00edk je vhodn\u00fd k denodenn\u00edmu pop\u00edjen\u00ed. Jeho s\u00edlu a \u00fa\u010dinnost poc\u00edt\u00edte p\u0159edev\u0161\u00edm v zim\u011b, kdy V\u00e1s bude hezky zah\u0159\u00edvat. Z\u00e1zvor pom\u016f\u017ee na podr\u00e1\u017ed\u011bn\u00fd \u017ealudek. Dobrou chu\u0165<\/p>\n","protected":false},"featured_media":91866,"comment_status":"open","ping_status":"closed","template":"","meta":[],"product_brand":[],"product_cat":[313],"product_tag":[],"class_list":{"0":"post-91838","1":"product","2":"type-product","3":"status-publish","4":"has-post-thumbnail","6":"product_cat-rooibos","8":"first","9":"instock","10":"product-type-variable","11":"has-default-attributes"},"_links":{"self":[{"href":"https:\/\/zelenydrak.cz\/velkoobchod\/wp-json\/wp\/v2\/product\/91838","targetHints":{"allow":["GET"]}}],"collection":[{"href":"https:\/\/zelenydrak.cz\/velkoobchod\/wp-json\/wp\/v2\/product"}],"about":[{"href":"https:\/\/zelenydrak.cz\/velkoobchod\/wp-json\/wp\/v2\/types\/product"}],"replies":[{"embeddable":true,"href":"https:\/\/zelenydrak.cz\/velkoobchod\/wp-json\/wp\/v2\/comments?post=91838"}],"wp:featuredmedia":[{"embeddable":true,"href":"https:\/\/zelenydrak.cz\/velkoobchod\/wp-json\/wp\/v2\/media\/91866"}],"wp:attachment":[{"href":"https:\/\/zelenydrak.cz\/velkoobchod\/wp-json\/wp\/v2\/media?parent=91838"}],"wp:term":[{"taxonomy":"product_brand","embeddable":true,"href":"https:\/\/zelenydrak.cz\/velkoobchod\/wp-json\/wp\/v2\/product_brand?post=91838"},{"taxonomy":"product_cat","embeddable":true,"href":"https:\/\/zelenydrak.cz\/velkoobchod\/wp-json\/wp\/v2\/product_cat?post=91838"},{"taxonomy":"product_tag","embeddable":true,"href":"https:\/\/zelenydrak.cz\/velkoobchod\/wp-json\/wp\/v2\/product_tag?post=91838"}],"curies":[{"name":"wp","href":"https:\/\/api.w.org\/{rel}","templated":true}]}}