{"id":91834,"date":"2025-03-05T08:09:30","date_gmt":"2025-03-05T08:09:30","guid":{"rendered":"https:\/\/zelenydrak.cz\/velkoobchod\/?post_type=product&#038;p=91834"},"modified":"2025-03-05T08:09:41","modified_gmt":"2025-03-05T08:09:41","slug":"slunecni-paprsek","status":"publish","type":"product","link":"https:\/\/zelenydrak.cz\/velkoobchod\/produkt\/slunecni-paprsek\/","title":{"rendered":"SLUNE\u010cN\u00cd PAPRSEK"},"content":{"rendered":"<h2>SLUNE\u010cN\u00cd PAPRSEK<\/h2>\n<p>Slo\u017een\u00ed: Rooibos Super Grade, z\u00e1zvor (12%), p\u0159\u00edrodn\u00ed aroma, pomeran\u010dov\u00e1 k\u016fra (5%), m\u011bs\u00ed\u010dek, kousky pomeran\u010de (3%).<\/p>\n<p> \u010caj V\u00e1s ihned po otev\u0159en\u00ed s\u00e1\u010dku nadchne jasnou pomeran\u010dovo z\u00e1zvorovou v\u016fn\u00ed a chut\u00ed. Tato v\u016fn\u011b se zn\u00e1sob\u00ed jakmile \u010daj zalijeme horkou vodou a nech\u00e1me vylouhovat. Po sedmi a\u017e deseti minut\u00e1ch louhov\u00e1n\u00ed V\u00e1s \u010daj odm\u011bn\u00ed podmanivou v\u016fn\u00ed a n\u00e1dhernou rub\u00ednovou barvou n\u00e1levu.<\/p>\n<p><img decoding=\"async\" src=\"https:\/\/caj-a-kava.cz\/obrazky\/uvod\/dobalouhovani\/rooibos.jpg\" alt=\"Prodej rooibos \u010daj\u016f. P\u0159\u00edprava \u010daje od Zelen\u00fd Drak \u010daj a k\u00e1va\" \/>\u00a0<\/p>\n","protected":false},"excerpt":{"rendered":"<p><img loading=\"lazy\" decoding=\"async\" class=\"size-full wp-image-2970 alignleft\" src=\"https:\/\/zelenydrak.cz\/wp-content\/uploads\/2024\/08\/konvice-caj.png\" alt=\"\" width=\"48\" height=\"48\" \/> <\/p>\n<p>Bylinn\u00fd \u010daj Rooibos ochucen\u00fd.<\/p>\n<p>Z\u00e1zvor a pomeran\u010d. Tak jednoduch\u00e9 bylo m\u00edch\u00e1n\u00ed tohoto \u010daje, ale v\u00fdsledn\u00e1 chu\u0165 je fam\u00f3zn\u00ed. Z\u00e1zvor na\u0161emu roibosu dodal tak nezam\u011bnitelnou chu\u0165, \u017ee chu\u0165ov\u00e9 poh\u00e1rky \u0159\u00edkaj\u00ed st\u00e1le dokola p\u00edt, p\u00edt a p\u00edt.<\/p>\n","protected":false},"featured_media":91857,"comment_status":"open","ping_status":"closed","template":"","meta":[],"product_brand":[],"product_cat":[370,313],"product_tag":[],"class_list":{"0":"post-91834","1":"product","2":"type-product","3":"status-publish","4":"has-post-thumbnail","6":"product_cat-mikulas-vanoce","7":"product_cat-rooibos","9":"first","10":"instock","11":"product-type-variable","12":"has-default-attributes"},"_links":{"self":[{"href":"https:\/\/zelenydrak.cz\/velkoobchod\/wp-json\/wp\/v2\/product\/91834","targetHints":{"allow":["GET"]}}],"collection":[{"href":"https:\/\/zelenydrak.cz\/velkoobchod\/wp-json\/wp\/v2\/product"}],"about":[{"href":"https:\/\/zelenydrak.cz\/velkoobchod\/wp-json\/wp\/v2\/types\/product"}],"replies":[{"embeddable":true,"href":"https:\/\/zelenydrak.cz\/velkoobchod\/wp-json\/wp\/v2\/comments?post=91834"}],"wp:featuredmedia":[{"embeddable":true,"href":"https:\/\/zelenydrak.cz\/velkoobchod\/wp-json\/wp\/v2\/media\/91857"}],"wp:attachment":[{"href":"https:\/\/zelenydrak.cz\/velkoobchod\/wp-json\/wp\/v2\/media?parent=91834"}],"wp:term":[{"taxonomy":"product_brand","embeddable":true,"href":"https:\/\/zelenydrak.cz\/velkoobchod\/wp-json\/wp\/v2\/product_brand?post=91834"},{"taxonomy":"product_cat","embeddable":true,"href":"https:\/\/zelenydrak.cz\/velkoobchod\/wp-json\/wp\/v2\/product_cat?post=91834"},{"taxonomy":"product_tag","embeddable":true,"href":"https:\/\/zelenydrak.cz\/velkoobchod\/wp-json\/wp\/v2\/product_tag?post=91834"}],"curies":[{"name":"wp","href":"https:\/\/api.w.org\/{rel}","templated":true}]}}