{"id":91833,"date":"2025-03-05T08:09:29","date_gmt":"2025-03-05T08:09:29","guid":{"rendered":"https:\/\/zelenydrak.cz\/velkoobchod\/?post_type=product&#038;p=91833"},"modified":"2025-03-05T08:09:41","modified_gmt":"2025-03-05T08:09:41","slug":"melounovy-raj","status":"publish","type":"product","link":"https:\/\/zelenydrak.cz\/velkoobchod\/produkt\/melounovy-raj\/","title":{"rendered":"MELOUNOV\u00dd R\u00c1J"},"content":{"rendered":"<h2>MELOUNOV\u00dd R\u00c1J<\/h2>\n<p>Slo\u017een\u00ed:  zelen\u00fd \u010daj \u010c\u00edna Sencha, ananas (ananas, cukr) (12%), meloun (meloun, cukr) (7%), melounov\u00e1 p\u0159\u00edrodn\u00ed p\u0159\u00edchu\u0165, m\u011bs\u00ed\u010dek. <\/p>\n<h2>Melounov\u00fd R\u00e1j &#8211;  Zelen\u00fd sypan\u00fd \u010daj s letn\u00ed atmosf\u00e9rou<\/h2>\n<p>V hork\u00fdch letn\u00edch dnech, kdy se slunce op\u00edr\u00e1 do krajiny a \u017e\u00edze\u0148 se oz\u00fdv\u00e1 st\u00e1le nal\u00e9hav\u011bji, tou\u017e\u00edme po osv\u011b\u017een\u00ed a chladiv\u00e9m n\u00e1poji, kter\u00fd n\u00e1s zavede na m\u00edsto klidu a pohody.\u00a0<strong>Melounov\u00fd R\u00e1j<\/strong>, zelen\u00fd ochucen\u00fd sypan\u00fd \u010daj s n\u00e1dechem exotiky a letn\u00ed atmosf\u00e9ry, je tou ide\u00e1ln\u00ed volbou pro v\u0161echny, kdo si cht\u011bj\u00ed vychutnat chvilku relaxace a z\u00e1rove\u0148 si dop\u0159\u00e1t zdravou a lahodnou pochoutku.<\/p>\n<p>Jeho unik\u00e1tn\u00ed kompozice spojuje jemnost a sv\u011b\u017eest zelen\u00e9ho \u010daje\u00a0<strong>\u010c\u00edna Sencha<\/strong>\u00a0s exotick\u00fdmi t\u00f3ny zral\u00e9ho melounu a sladkost\u00ed ananasu. V ka\u017ed\u00e9m \u0161\u00e1lku se skr\u00fdv\u00e1 harmonie chut\u00ed, kter\u00e1 v\u00e1s zavede do sluncem zalit\u00e9ho melounov\u00e9ho sadu, kde se v jemn\u00e9m v\u00e1nku prol\u00edn\u00e1 v\u016fn\u011b ananasu a sladk\u00fd melounov\u00fd opar.<\/p>\n<p><strong>Slo\u017een\u00ed Melounov\u00e9ho R\u00e1je:<\/strong><\/p>\n<p>Tento jedine\u010dn\u00fd \u010daj je slo\u017een z pe\u010dliv\u011b vybran\u00fdch ingredienc\u00ed, kter\u00e9 spole\u010dn\u011b vytv\u00e1\u0159\u00ed jeho neopakovatelnou chu\u0165 a v\u016fni.<\/p>\n<ul>\n<li><strong>Zelen\u00fd \u010daj \u010c\u00edna Sencha:<\/strong>\u00a0Z\u00e1kladn\u00ed kostra Melounov\u00e9ho R\u00e1je tvo\u0159\u00ed kvalitn\u00ed zelen\u00fd \u010daj poch\u00e1zej\u00edc\u00ed z \u010c\u00edny. Sencha je zn\u00e1m\u00e1 pro svou sv\u011b\u017e\u00ed a bylinnou chu\u0165, kter\u00e1 je z\u00e1rove\u0148 jemn\u00e1 a nevt\u00edrav\u00e1. <\/li>\n<li><strong>Ananas (ananas, cukr) (12%):<\/strong>\u00a0Kousky ananasu dod\u00e1vaj\u00ed \u010daj\u016fm \u0161\u0165avnatou sladkost a exotick\u00fd n\u00e1dech. Ananas je bohat\u00fd na vitam\u00edn C a mangan, kter\u00e9 jsou d\u016fle\u017eit\u00e9 pro spr\u00e1vn\u00e9 fungov\u00e1n\u00ed t\u011bla.<\/li>\n<li><strong>Meloun (meloun, cukr) (7%):<\/strong>\u00a0Osv\u011b\u017euj\u00edc\u00ed melounov\u00e1 slo\u017eka dod\u00e1v\u00e1 \u010daj\u016fm charakteristickou chu\u0165 a v\u016fni. Meloun je skv\u011bl\u00fdm zdrojem vitam\u00edn\u016f a miner\u00e1l\u016f, zejm\u00e9na drasl\u00edku a ho\u0159\u010d\u00edku.<\/li>\n<li><strong>Melounov\u00e1 p\u0159\u00edrodn\u00ed p\u0159\u00edchu\u0165:<\/strong>\u00a0Pro je\u0161t\u011b intenzivn\u011bj\u0161\u00ed chu\u0165 a v\u016fni melounu je do sm\u011bsi p\u0159id\u00e1na melounov\u00e1 p\u0159\u00edrodn\u00ed p\u0159\u00edchu\u0165, kter\u00e1 podtrhuje charakteristickou sladkost a sv\u011b\u017eest.<\/li>\n<li><strong>M\u011bs\u00ed\u010dek:<\/strong>\u00a0M\u011bs\u00ed\u010dek, zn\u00e1m\u00fd pro sv\u00e9 dobr\u00e9 \u00fa\u010dinky a kr\u00e1snou oran\u017eovou barvu, dod\u00e1v\u00e1 \u010daj\u016fm nejen lehce kv\u011btinovou v\u016fni, ale tak\u00e9  m\u016f\u017ee pom\u00e1hat  celkov\u011b ladit organismus.<\/li>\n<\/ul>\n<p><strong>P\u0159\u00edprava a pod\u00e1v\u00e1n\u00ed Melounov\u00e9ho R\u00e1je:<\/strong><\/p>\n<p>P\u0159\u00edprava Melounov\u00e9ho R\u00e1je je velice jednoduch\u00e1 a rychl\u00e1. Sta\u010d\u00ed zal\u00edt jednu \u010dajovou l\u017ei\u010dku sm\u011bsi 250 ml hork\u00e9 vody s teplotou 70-80 \u00b0C a nechat louhovat 2-3 minuty.<\/p>\n<p>Pro je\u0161t\u011b intenzivn\u011bj\u0161\u00ed chu\u0165 a v\u016fni je mo\u017en\u00e9 \u010daj louhovat d\u00e9le, ale je nutn\u00e9 db\u00e1t na to, aby se \u010daj nep\u0159elil a nezho\u0159kl. Melounov\u00fd R\u00e1j si m\u016f\u017eete vychutnat jak hork\u00fd, tak i studen\u00fd. V hork\u00fdch letn\u00edch dnech z n\u011bj m\u016f\u017eete p\u0159ipravit osv\u011b\u017euj\u00edc\u00ed ledov\u00fd \u010daj, kter\u00fd v\u00e1m pom\u016f\u017ee zkrotit \u017e\u00edze\u0148 a osv\u011b\u017eit v\u00e1s v horku.<\/p>\n<p><strong>Kombinace s pokrmy a p\u0159\u00edle\u017eitostmi:<\/strong><\/p>\n<p>Melounov\u00fd R\u00e1j je univerz\u00e1ln\u00ed n\u00e1poj, kter\u00fd si m\u016f\u017eete vychutnat kdykoliv b\u011bhem dne. Jeho sladk\u00e1 a osv\u011b\u017euj\u00edc\u00ed chu\u0165 se skv\u011ble hod\u00ed k leh\u010d\u00edm pokrm\u016fm, jako jsou ovoce, jogurty, m\u00fcsli, ale i k dezertem a z\u00e1kusk\u016fm.<\/p>\n<p>Je ide\u00e1ln\u00ed volbou pro letn\u00ed pikniky, zahradn\u00ed p\u00e1rty, oslavy, ale i pro relaxaci po n\u00e1ro\u010dn\u00e9m dni. Jeho p\u0159\u00edjemn\u00e1 v\u016fn\u011b a exotick\u00e1 chu\u0165 v\u00e1s zavede na m\u00edsto klidu a harmonie, a\u0165 u\u017e se nach\u00e1z\u00edte kdekoliv.<\/p>\n<p><strong>Z\u00e1v\u011br:<\/strong><\/p>\n<p>Melounov\u00fd R\u00e1j je skv\u011blou volbou pro v\u0161echny, kdo tou\u017e\u00ed po lahodn\u00e9m a osv\u011b\u017euj\u00edc\u00edm n\u00e1poji s n\u00e1dechem exotiky a letn\u00ed atmosf\u00e9ry. Jeho jedine\u010dn\u00e9 slo\u017een\u00ed spojuje jemnost a sv\u011b\u017eest zelen\u00e9ho \u010daje s exotick\u00fdmi t\u00f3ny zral\u00e9ho melounu a ananasu. Nen\u00ed to jen n\u00e1poj, ale i zdroj zdrav\u00ed a vitality, kter\u00fd v\u00e1s zavede do o\u00e1zy klidu a pohody. Vychutnejte si chvilku relaxace a dop\u0159ejte si tento letn\u00ed poklad, kter\u00fd v\u00e1m p\u0159inese do \u017eivota kus slunce, sladkosti a osv\u011b\u017een\u00ed.<\/p>\n<p><img decoding=\"async\" src=\"https:\/\/caj-a-kava.cz\/obrazky\/uvod\/dobalouhovani\/zeleny_caj_ochuceny.jpg\" alt=\"Prodej zelen\u00e9ho, sypan\u00e9ho \u010daje. P\u0159\u00edprava \u010daje od Zelen\u00fd Drak \u010daj a k\u00e1va\" \/>\u00a0<\/p>\n","protected":false},"excerpt":{"rendered":"<p><img loading=\"lazy\" decoding=\"async\" class=\"size-full wp-image-2970 alignleft\" src=\"https:\/\/zelenydrak.cz\/wp-content\/uploads\/2024\/08\/konvice-caj.png\" alt=\"\" width=\"48\" height=\"48\" \/> <\/p>\n<h2>Melounov\u00fd R\u00e1j &#8211; Zelen\u00fd ochucen\u00fd \u010daj: \u00fanik do letn\u00ed idylky<\/h2>\n<p>Letn\u00ed dny volaj\u00ed po osv\u011b\u017een\u00ed a co je lep\u0161\u00edho ne\u017e vychutnat si sklenici ledov\u00e9ho n\u00e1poje s lahodnou chut\u00ed melounu? Melounov\u00fd R\u00e1j od Zelen\u00e9ho Draka p\u0159in\u00e1\u0161\u00ed tuto letn\u00ed radost do ka\u017ed\u00e9ho \u0161\u00e1lku v podob\u011b zelen\u00e9ho \u010daje s jemnou, ovocnou chut\u00ed. D\u00edky precizn\u00ed kombinaci zelen\u00e9ho \u010daje Sencha, \u0161\u0165avnat\u00e9ho ananasu a melounu, a s trochou kouzla podtr\u017een\u00e9ho melounovou p\u0159\u00edchut\u00ed a m\u011bs\u00ed\u010dkem, se z tohoto \u010daje st\u00e1v\u00e1 skute\u010dn\u00fd z\u00e1\u017eitek. <\/p>\n<p>Melounov\u00fd R\u00e1j je sm\u011bs, kter\u00e1 dokonale spojuje vysoce kvalitn\u00ed zelen\u00fd \u010daj \u010c\u00edna Sencha s osv\u011b\u017euj\u00edc\u00edmi ovocn\u00fdmi t\u00f3ny. Jemn\u00e1 chu\u0165 Senchy tvo\u0159\u00ed ide\u00e1ln\u00ed z\u00e1klad pro sladkost su\u0161en\u00e9ho ananasu a melounu, kter\u00e9 dominuj\u00ed t\u00e9to sm\u011bsi. P\u0159\u00edrodn\u00ed melounov\u00e1 p\u0159\u00edchu\u0165 umoc\u0148uje dojem letn\u00ed zahrady pln\u00e9 \u0161\u0165avnat\u00fdch meloun\u016f, zat\u00edmco m\u011bs\u00ed\u010dek, s jeho delik\u00e1tn\u00ed ovocnou v\u016fn\u00ed a lad\u00edc\u00edmi \u00fa\u010dinky, dod\u00e1v\u00e1 \u010daji zlatav\u00fd n\u00e1dech a jemnou kr\u00e1su.<\/p>\n","protected":false},"featured_media":91853,"comment_status":"open","ping_status":"closed","template":"","meta":[],"product_brand":[],"product_cat":[297],"product_tag":[],"class_list":{"0":"post-91833","1":"product","2":"type-product","3":"status-publish","4":"has-post-thumbnail","6":"product_cat-zeleny-caj-ochuceny","8":"first","9":"instock","10":"product-type-variable","11":"has-default-attributes"},"_links":{"self":[{"href":"https:\/\/zelenydrak.cz\/velkoobchod\/wp-json\/wp\/v2\/product\/91833","targetHints":{"allow":["GET"]}}],"collection":[{"href":"https:\/\/zelenydrak.cz\/velkoobchod\/wp-json\/wp\/v2\/product"}],"about":[{"href":"https:\/\/zelenydrak.cz\/velkoobchod\/wp-json\/wp\/v2\/types\/product"}],"replies":[{"embeddable":true,"href":"https:\/\/zelenydrak.cz\/velkoobchod\/wp-json\/wp\/v2\/comments?post=91833"}],"wp:featuredmedia":[{"embeddable":true,"href":"https:\/\/zelenydrak.cz\/velkoobchod\/wp-json\/wp\/v2\/media\/91853"}],"wp:attachment":[{"href":"https:\/\/zelenydrak.cz\/velkoobchod\/wp-json\/wp\/v2\/media?parent=91833"}],"wp:term":[{"taxonomy":"product_brand","embeddable":true,"href":"https:\/\/zelenydrak.cz\/velkoobchod\/wp-json\/wp\/v2\/product_brand?post=91833"},{"taxonomy":"product_cat","embeddable":true,"href":"https:\/\/zelenydrak.cz\/velkoobchod\/wp-json\/wp\/v2\/product_cat?post=91833"},{"taxonomy":"product_tag","embeddable":true,"href":"https:\/\/zelenydrak.cz\/velkoobchod\/wp-json\/wp\/v2\/product_tag?post=91833"}],"curies":[{"name":"wp","href":"https:\/\/api.w.org\/{rel}","templated":true}]}}