{"id":91771,"date":"2025-03-05T08:09:13","date_gmt":"2025-03-05T08:09:13","guid":{"rendered":"https:\/\/zelenydrak.cz\/velkoobchod\/?post_type=product&#038;p=91771"},"modified":"2025-03-05T08:09:28","modified_gmt":"2025-03-05T08:09:28","slug":"etiketa-na-prani","status":"publish","type":"product","link":"https:\/\/zelenydrak.cz\/velkoobchod\/produkt\/etiketa-na-prani\/","title":{"rendered":"ETIKETA NA P\u0158\u00c1N\u00cd"},"content":{"rendered":"<h2>ETIKETA NA P\u0158\u00c1N\u00cd<\/h2>\n<p>Etikety na Va\u0161e p\u0159\u00e1n\u00ed. Etikety pro ka\u017edou p\u0159\u00edle\u017eitost. Nechte si vyrobit origin\u00e1ln\u00ed etiketu pro Va\u0161e bl\u00edzk\u00e9 k sv\u00e1tku, narozenin\u00e1m nebo k jak\u00e9koli jin\u00e9 p\u0159\u00edle\u017eitosti.<\/p>\n<p>Na etiket\u011b m\u016f\u017ee b\u00fdt V\u00e1mi dodan\u00fd text se jm\u00e9nem nebo uveden\u00fdmi roky oslavence. Va\u0161im n\u00e1pad\u016fm se meze nekladou.<\/p>\n<p>Postup: vyberte si jak\u00fdkoli \u010daj, vlo\u017ete etiketu do ko\u0161\u00edku. P\u0159\u00ed dokon\u010dov\u00e1n\u00ed objedn\u00e1vky do pozn\u00e1mek napi\u0161te sv\u016fj text. Nap\u0159. Pro m\u00e9ho And\u00edlka k narozenin\u00e1m. Etiketu V\u00e1m p\u0159ed vyti\u0161t\u011bn\u00edm po\u0161leme v n\u00e1hledu ve form\u00e1tu jpg. V\u00e1\u0161 text m\u016f\u017eete tak\u00e9 zaslat na info@zelenydrak.cz. V p\u0159\u00edpad\u011b nejasnost\u00ed volejte +420 608 678 888.<\/p>\n","protected":false},"excerpt":{"rendered":"<p>ETIKETA NA P\u0158\u00c1N\u00cd Etikety na Va\u0161e p\u0159\u00e1n\u00ed. Etikety pro ka\u017edou p\u0159\u00edle\u017eitost. Nechte si vyrobit origin\u00e1ln\u00ed etiketu pro Va\u0161e bl\u00edzk\u00e9 k<\/p>\n","protected":false},"featured_media":91821,"comment_status":"open","ping_status":"closed","template":"","meta":[],"product_brand":[],"product_cat":[379],"product_tag":[],"class_list":{"0":"post-91771","1":"product","2":"type-product","3":"status-publish","4":"has-post-thumbnail","6":"product_cat-etikety-na-prani","8":"first","9":"instock","10":"product-type-simple"},"_links":{"self":[{"href":"https:\/\/zelenydrak.cz\/velkoobchod\/wp-json\/wp\/v2\/product\/91771","targetHints":{"allow":["GET"]}}],"collection":[{"href":"https:\/\/zelenydrak.cz\/velkoobchod\/wp-json\/wp\/v2\/product"}],"about":[{"href":"https:\/\/zelenydrak.cz\/velkoobchod\/wp-json\/wp\/v2\/types\/product"}],"replies":[{"embeddable":true,"href":"https:\/\/zelenydrak.cz\/velkoobchod\/wp-json\/wp\/v2\/comments?post=91771"}],"wp:featuredmedia":[{"embeddable":true,"href":"https:\/\/zelenydrak.cz\/velkoobchod\/wp-json\/wp\/v2\/media\/91821"}],"wp:attachment":[{"href":"https:\/\/zelenydrak.cz\/velkoobchod\/wp-json\/wp\/v2\/media?parent=91771"}],"wp:term":[{"taxonomy":"product_brand","embeddable":true,"href":"https:\/\/zelenydrak.cz\/velkoobchod\/wp-json\/wp\/v2\/product_brand?post=91771"},{"taxonomy":"product_cat","embeddable":true,"href":"https:\/\/zelenydrak.cz\/velkoobchod\/wp-json\/wp\/v2\/product_cat?post=91771"},{"taxonomy":"product_tag","embeddable":true,"href":"https:\/\/zelenydrak.cz\/velkoobchod\/wp-json\/wp\/v2\/product_tag?post=91771"}],"curies":[{"name":"wp","href":"https:\/\/api.w.org\/{rel}","templated":true}]}}