{"id":91770,"date":"2025-03-05T08:09:13","date_gmt":"2025-03-05T08:09:13","guid":{"rendered":"https:\/\/zelenydrak.cz\/velkoobchod\/?post_type=product&#038;p=91770"},"modified":"2025-03-05T08:09:29","modified_gmt":"2025-03-05T08:09:29","slug":"kouzelna-chvile-ovocny-caj","status":"publish","type":"product","link":"https:\/\/zelenydrak.cz\/velkoobchod\/produkt\/kouzelna-chvile-ovocny-caj\/","title":{"rendered":"KOUZELN\u00c1 CHV\u00cdLE &#8211; ovocn\u00fd \u010daj"},"content":{"rendered":"<p>Slo\u017een\u00ed: kousky jablek (50%), kousky \u010derven\u00e9 \u0159epy, kousky ananasu, sko\u0159icov\u00e9 ty\u010dinky, kousky pap\u00e1je (pap\u00e1ja, cukr), kousky ryb\u00edzu, popcorn, KOKOSOV\u00c9 LUP\u00cdNKY, KOUSKY MANDL\u00cd (2%).  <\/p>\n<p><img decoding=\"async\" src=\"http:\/\/caj-a-kava.cz\/obrazky\/uvod\/dobalouhovani\/ovocny_caj.jpg\" alt=\"Prodej ovocn\u00fdch \u010daj\u016f. P\u0159\u00edprava \u010daje od Zelen\u00fd Drak \u010daj a k\u00e1va\" \/><\/p>\n","protected":false},"excerpt":{"rendered":"<p><strong>V\u016fn\u011b a chu\u0165:<\/strong> jabl\u00ed\u010dka a mandle.  D\u00edky na\u0161emu \u010daji m\u00e1te mo\u017enost se na chv\u00edli p\u0159en\u00e9st do kouzeln\u00e9ho kr\u00e1lovstv\u00ed klidu a ticha. Vychutnejte si Va\u0161i klidnou chv\u00edli tak jako nikdy s na\u0161\u00edm \u010dajem pro toto stvo\u0159en\u00fdm.   <\/p>\n","protected":false},"featured_media":91818,"comment_status":"open","ping_status":"closed","template":"","meta":[],"product_brand":[],"product_cat":[370,324],"product_tag":[],"class_list":{"0":"post-91770","1":"product","2":"type-product","3":"status-publish","4":"has-post-thumbnail","6":"product_cat-mikulas-vanoce","7":"product_cat-ovocny-caj-bez-ibisku","9":"first","10":"instock","11":"product-type-variable","12":"has-default-attributes"},"_links":{"self":[{"href":"https:\/\/zelenydrak.cz\/velkoobchod\/wp-json\/wp\/v2\/product\/91770","targetHints":{"allow":["GET"]}}],"collection":[{"href":"https:\/\/zelenydrak.cz\/velkoobchod\/wp-json\/wp\/v2\/product"}],"about":[{"href":"https:\/\/zelenydrak.cz\/velkoobchod\/wp-json\/wp\/v2\/types\/product"}],"replies":[{"embeddable":true,"href":"https:\/\/zelenydrak.cz\/velkoobchod\/wp-json\/wp\/v2\/comments?post=91770"}],"wp:featuredmedia":[{"embeddable":true,"href":"https:\/\/zelenydrak.cz\/velkoobchod\/wp-json\/wp\/v2\/media\/91818"}],"wp:attachment":[{"href":"https:\/\/zelenydrak.cz\/velkoobchod\/wp-json\/wp\/v2\/media?parent=91770"}],"wp:term":[{"taxonomy":"product_brand","embeddable":true,"href":"https:\/\/zelenydrak.cz\/velkoobchod\/wp-json\/wp\/v2\/product_brand?post=91770"},{"taxonomy":"product_cat","embeddable":true,"href":"https:\/\/zelenydrak.cz\/velkoobchod\/wp-json\/wp\/v2\/product_cat?post=91770"},{"taxonomy":"product_tag","embeddable":true,"href":"https:\/\/zelenydrak.cz\/velkoobchod\/wp-json\/wp\/v2\/product_tag?post=91770"}],"curies":[{"name":"wp","href":"https:\/\/api.w.org\/{rel}","templated":true}]}}