{"id":91768,"date":"2025-03-05T08:09:13","date_gmt":"2025-03-05T08:09:13","guid":{"rendered":"https:\/\/zelenydrak.cz\/velkoobchod\/?post_type=product&#038;p=91768"},"modified":"2025-03-05T08:09:29","modified_gmt":"2025-03-05T08:09:29","slug":"vanocni-pohoda-zeleny-caj","status":"publish","type":"product","link":"https:\/\/zelenydrak.cz\/velkoobchod\/produkt\/vanocni-pohoda-zeleny-caj\/","title":{"rendered":"V\u00c1NO\u010cN\u00cd POHODA \u2013 zelen\u00fd \u010daj"},"content":{"rendered":"<p>Slo\u017een\u00ed: zelen\u00fd \u010daj Sencha \u010c\u00edna, bergamotov\u00e1 p\u0159\u00edchu\u0165, slune\u010dnice, kv\u011bty r\u016f\u017e\u00ed, kv\u011bty chrpy, aroma. <\/p>\n<p><p>\u010caj je mi l\u00e1skou, k\u00e1va v\u00e1\u0161n\u00ed<\/p>\n<p>LEA<\/p>\n<p><p><img decoding=\"async\" src=\"http:\/\/caj-a-kava.cz\/obrazky\/uvod\/dobalouhovani\/zeleny_caj_ochuceny.jpg\" alt=\"Prodej zelen\u00e9ho, sypan\u00e9ho \u010daje. P\u0159\u00edprava \u010daje od Zelen\u00fd Drak \u010daj a k\u00e1va\" \/><\/p>\n","protected":false},"excerpt":{"rendered":"<p><strong>V\u016fn\u011b a chu\u0165:<\/strong> mango &#8211; jahoda &#8211; bergamot.  Netradi\u010dn\u00ed spojen\u00ed chut\u00ed manga, jahody a bergamotu se zap\u00ed\u0161e nesmazateln\u011b do Va\u0161ich v\u00e1no\u010dn\u011b str\u00e1ven\u00fdch dn\u016f. V\u016fn\u011b \u010daje se toti\u017e rozline po cel\u00e9m Va\u0161em byt\u011b. Dobrou chu\u0165 a vesel\u00e9 V\u00e1noce.  <\/p>\n","protected":false},"featured_media":91812,"comment_status":"open","ping_status":"closed","template":"","meta":[],"product_brand":[],"product_cat":[370,297],"product_tag":[],"class_list":{"0":"post-91768","1":"product","2":"type-product","3":"status-publish","4":"has-post-thumbnail","6":"product_cat-mikulas-vanoce","7":"product_cat-zeleny-caj-ochuceny","9":"first","10":"instock","11":"product-type-variable","12":"has-default-attributes"},"_links":{"self":[{"href":"https:\/\/zelenydrak.cz\/velkoobchod\/wp-json\/wp\/v2\/product\/91768","targetHints":{"allow":["GET"]}}],"collection":[{"href":"https:\/\/zelenydrak.cz\/velkoobchod\/wp-json\/wp\/v2\/product"}],"about":[{"href":"https:\/\/zelenydrak.cz\/velkoobchod\/wp-json\/wp\/v2\/types\/product"}],"replies":[{"embeddable":true,"href":"https:\/\/zelenydrak.cz\/velkoobchod\/wp-json\/wp\/v2\/comments?post=91768"}],"wp:featuredmedia":[{"embeddable":true,"href":"https:\/\/zelenydrak.cz\/velkoobchod\/wp-json\/wp\/v2\/media\/91812"}],"wp:attachment":[{"href":"https:\/\/zelenydrak.cz\/velkoobchod\/wp-json\/wp\/v2\/media?parent=91768"}],"wp:term":[{"taxonomy":"product_brand","embeddable":true,"href":"https:\/\/zelenydrak.cz\/velkoobchod\/wp-json\/wp\/v2\/product_brand?post=91768"},{"taxonomy":"product_cat","embeddable":true,"href":"https:\/\/zelenydrak.cz\/velkoobchod\/wp-json\/wp\/v2\/product_cat?post=91768"},{"taxonomy":"product_tag","embeddable":true,"href":"https:\/\/zelenydrak.cz\/velkoobchod\/wp-json\/wp\/v2\/product_tag?post=91768"}],"curies":[{"name":"wp","href":"https:\/\/api.w.org\/{rel}","templated":true}]}}