{"id":91767,"date":"2025-03-05T08:09:13","date_gmt":"2025-03-05T08:09:13","guid":{"rendered":"https:\/\/zelenydrak.cz\/velkoobchod\/?post_type=product&#038;p=91767"},"modified":"2025-03-05T08:09:29","modified_gmt":"2025-03-05T08:09:29","slug":"mandarinkovy-punc-ovocny-caj","status":"publish","type":"product","link":"https:\/\/zelenydrak.cz\/velkoobchod\/produkt\/mandarinkovy-punc-ovocny-caj\/","title":{"rendered":"MANDARINKOV\u00dd PUN\u010c &#8211; ovocn\u00fd \u010daj"},"content":{"rendered":"<p>[Slo\u017een\u00ed: kousky jablek, kousky hru\u0161ek, pomeran\u010dov\u00e9 kousky, guava &#8211; arabsk\u00e1 hru\u0161ka (guava, cukr), kousky merun\u011bk, pomeran\u010dov\u00fd granul\u00e1t (koncentr\u00e1t pomeran\u010dov\u00e9 \u0161\u0165\u00e1vy, aroma, vitam\u00edn C), p\u0159\u00edrodn\u00ed aroma z\u00e1zvoru a mandarinky (min.3%). <\/p>\n<p><p><img decoding=\"async\" src=\"http:\/\/caj-a-kava.cz\/obrazky\/uvod\/dobalouhovani\/ovocny_caj.jpg\" alt=\"Prodej ovocn\u00fdch \u010daj\u016f. P\u0159\u00edprava \u010daje od Zelen\u00fd Drak \u010daj a k\u00e1va\" \/><\/p>\n","protected":false},"excerpt":{"rendered":"<p><strong>V\u016fn\u011b a chu\u0165:<\/strong> mandarinka a z\u00e1zvor.  Mandarinkov\u00fd pun\u010d chutn\u00e1 jako byste se pr\u00e1v\u011b zakously do \u0161\u0165avnat\u00e9 mandarinky a zapili ji z\u00e1zvorov\u00fdm \u010dajem. Jeho neuv\u011b\u0159iteln\u00e1 chu\u0165 si V\u00e1s ihned z\u00edsk\u00e1. Tento \u010daj prost\u011b mus\u00edte m\u00edt.   <\/p>\n","protected":false},"featured_media":91809,"comment_status":"open","ping_status":"closed","template":"","meta":[],"product_brand":[],"product_cat":[370,324],"product_tag":[],"class_list":{"0":"post-91767","1":"product","2":"type-product","3":"status-publish","4":"has-post-thumbnail","6":"product_cat-mikulas-vanoce","7":"product_cat-ovocny-caj-bez-ibisku","9":"first","10":"instock","11":"product-type-variable","12":"has-default-attributes"},"_links":{"self":[{"href":"https:\/\/zelenydrak.cz\/velkoobchod\/wp-json\/wp\/v2\/product\/91767","targetHints":{"allow":["GET"]}}],"collection":[{"href":"https:\/\/zelenydrak.cz\/velkoobchod\/wp-json\/wp\/v2\/product"}],"about":[{"href":"https:\/\/zelenydrak.cz\/velkoobchod\/wp-json\/wp\/v2\/types\/product"}],"replies":[{"embeddable":true,"href":"https:\/\/zelenydrak.cz\/velkoobchod\/wp-json\/wp\/v2\/comments?post=91767"}],"wp:featuredmedia":[{"embeddable":true,"href":"https:\/\/zelenydrak.cz\/velkoobchod\/wp-json\/wp\/v2\/media\/91809"}],"wp:attachment":[{"href":"https:\/\/zelenydrak.cz\/velkoobchod\/wp-json\/wp\/v2\/media?parent=91767"}],"wp:term":[{"taxonomy":"product_brand","embeddable":true,"href":"https:\/\/zelenydrak.cz\/velkoobchod\/wp-json\/wp\/v2\/product_brand?post=91767"},{"taxonomy":"product_cat","embeddable":true,"href":"https:\/\/zelenydrak.cz\/velkoobchod\/wp-json\/wp\/v2\/product_cat?post=91767"},{"taxonomy":"product_tag","embeddable":true,"href":"https:\/\/zelenydrak.cz\/velkoobchod\/wp-json\/wp\/v2\/product_tag?post=91767"}],"curies":[{"name":"wp","href":"https:\/\/api.w.org\/{rel}","templated":true}]}}