{"id":91764,"date":"2025-03-05T08:09:13","date_gmt":"2025-03-05T08:09:13","guid":{"rendered":"https:\/\/zelenydrak.cz\/velkoobchod\/?post_type=product&#038;p=91764"},"modified":"2025-03-05T08:09:29","modified_gmt":"2025-03-05T08:09:29","slug":"caj-splnenych-prani-rooibos-bylinny-caj","status":"publish","type":"product","link":"https:\/\/zelenydrak.cz\/velkoobchod\/produkt\/caj-splnenych-prani-rooibos-bylinny-caj\/","title":{"rendered":"\u010cAJ SPLN\u011aN\u00ddCH P\u0158\u00c1N\u00cd &#8211; rooibos bylinn\u00fd \u010daj"},"content":{"rendered":"<p>Slo\u017een\u00ed: rooibos \u010daj (min.80%), kousky MANDL\u00cd, sn\u011bhov\u00e9 pusinky, p\u0159\u00edchu\u0165, kousky L\u00cdSKOV\u00ddCH O\u0158\u00cd\u0160K\u016e, vanilka (1%).<\/p>\n<p><p>\u010caj je mi l\u00e1skou, k\u00e1va v\u00e1\u0161n\u00ed<\/p>\n<p>(LEA)<\/p>\n<p><p><img decoding=\"async\" src=\"http:\/\/caj-a-kava.cz\/obrazky\/uvod\/dobalouhovani\/rooibos.jpg\" alt=\"Prodej rooibos \u010daj\u016f. P\u0159\u00edprava \u010daje od Zelen\u00fd Drak \u010daj a k\u00e1va\" \/><\/p>\n","protected":false},"excerpt":{"rendered":"<p><strong>V\u016fn\u011b a chu\u0165:<\/strong> vanilkov\u00e9ho croissantu.<\/p>\n<p> \u010cerstv\u011b upe\u010den\u00fd vanilkov\u00fd croissant je to co vystihuje n\u00e1\u0161 \u010daj, kter\u00fd um\u00ed vykouzlit pohodovou v\u00e1no\u010dn\u00ed atmosf\u00e9ru. Vyzkou\u0161ejte jej. Dobrou chu\u0165 a vesel\u00e9 V\u00e1noce.<\/p>\n","protected":false},"featured_media":91800,"comment_status":"open","ping_status":"closed","template":"","meta":[],"product_brand":[],"product_cat":[370,313],"product_tag":[],"class_list":{"0":"post-91764","1":"product","2":"type-product","3":"status-publish","4":"has-post-thumbnail","6":"product_cat-mikulas-vanoce","7":"product_cat-rooibos","9":"first","10":"instock","11":"product-type-variable","12":"has-default-attributes"},"_links":{"self":[{"href":"https:\/\/zelenydrak.cz\/velkoobchod\/wp-json\/wp\/v2\/product\/91764","targetHints":{"allow":["GET"]}}],"collection":[{"href":"https:\/\/zelenydrak.cz\/velkoobchod\/wp-json\/wp\/v2\/product"}],"about":[{"href":"https:\/\/zelenydrak.cz\/velkoobchod\/wp-json\/wp\/v2\/types\/product"}],"replies":[{"embeddable":true,"href":"https:\/\/zelenydrak.cz\/velkoobchod\/wp-json\/wp\/v2\/comments?post=91764"}],"wp:featuredmedia":[{"embeddable":true,"href":"https:\/\/zelenydrak.cz\/velkoobchod\/wp-json\/wp\/v2\/media\/91800"}],"wp:attachment":[{"href":"https:\/\/zelenydrak.cz\/velkoobchod\/wp-json\/wp\/v2\/media?parent=91764"}],"wp:term":[{"taxonomy":"product_brand","embeddable":true,"href":"https:\/\/zelenydrak.cz\/velkoobchod\/wp-json\/wp\/v2\/product_brand?post=91764"},{"taxonomy":"product_cat","embeddable":true,"href":"https:\/\/zelenydrak.cz\/velkoobchod\/wp-json\/wp\/v2\/product_cat?post=91764"},{"taxonomy":"product_tag","embeddable":true,"href":"https:\/\/zelenydrak.cz\/velkoobchod\/wp-json\/wp\/v2\/product_tag?post=91764"}],"curies":[{"name":"wp","href":"https:\/\/api.w.org\/{rel}","templated":true}]}}