{"id":91763,"date":"2025-03-05T08:09:13","date_gmt":"2025-03-05T08:09:13","guid":{"rendered":"https:\/\/zelenydrak.cz\/velkoobchod\/?post_type=product&#038;p=91763"},"modified":"2025-03-05T08:09:29","modified_gmt":"2025-03-05T08:09:29","slug":"vanocni-pernicek-rooibos-bylinny-caj","status":"publish","type":"product","link":"https:\/\/zelenydrak.cz\/velkoobchod\/produkt\/vanocni-pernicek-rooibos-bylinny-caj\/","title":{"rendered":"V\u00c1NO\u010cN\u00cd PERN\u00cd\u010cEK &#8211; rooibos bylinn\u00fd \u010daj"},"content":{"rendered":"<p>Slo\u017een\u00ed: rooibos \u010daj (min.80%), pomeran\u010dov\u00e1 k\u016fra, kousky MANDL\u00cd, pern\u00edkov\u00e9 aroma, PIST\u00c1CIE, koriandr, r\u016f\u017eov\u00fd pep\u0159.<\/p>\n<p><p>\u010caj je mi l\u00e1skou, k\u00e1va v\u00e1\u0161n\u00ed<\/p>\n<p>(LEA)<\/p>\n<p><p><img decoding=\"async\" src=\"http:\/\/caj-a-kava.cz\/obrazky\/uvod\/dobalouhovani\/rooibos.jpg\" alt=\"Prodej rooibos \u010daj\u016f. P\u0159\u00edprava \u010daje od Zelen\u00fd Drak \u010daj a k\u00e1va\" \/><\/p>\n","protected":false},"excerpt":{"rendered":"<p><strong>V\u016fn\u011b a chu\u0165:<\/strong> pomeran\u010d a pern\u00edk.<\/p>\n<p> V\u00e1no\u010dn\u00ed pern\u00ed\u010dek je neodolateln\u00fd \u010daj s podmanivou v\u016fn\u00ed. Vyzkou\u0161ejte jej. Dobrou chu\u0165 a vesel\u00e9 V\u00e1noce.<\/p>\n","protected":false},"featured_media":91797,"comment_status":"open","ping_status":"closed","template":"","meta":[],"product_brand":[],"product_cat":[370,313],"product_tag":[],"class_list":{"0":"post-91763","1":"product","2":"type-product","3":"status-publish","4":"has-post-thumbnail","6":"product_cat-mikulas-vanoce","7":"product_cat-rooibos","9":"first","10":"instock","11":"product-type-variable","12":"has-default-attributes"},"_links":{"self":[{"href":"https:\/\/zelenydrak.cz\/velkoobchod\/wp-json\/wp\/v2\/product\/91763","targetHints":{"allow":["GET"]}}],"collection":[{"href":"https:\/\/zelenydrak.cz\/velkoobchod\/wp-json\/wp\/v2\/product"}],"about":[{"href":"https:\/\/zelenydrak.cz\/velkoobchod\/wp-json\/wp\/v2\/types\/product"}],"replies":[{"embeddable":true,"href":"https:\/\/zelenydrak.cz\/velkoobchod\/wp-json\/wp\/v2\/comments?post=91763"}],"wp:featuredmedia":[{"embeddable":true,"href":"https:\/\/zelenydrak.cz\/velkoobchod\/wp-json\/wp\/v2\/media\/91797"}],"wp:attachment":[{"href":"https:\/\/zelenydrak.cz\/velkoobchod\/wp-json\/wp\/v2\/media?parent=91763"}],"wp:term":[{"taxonomy":"product_brand","embeddable":true,"href":"https:\/\/zelenydrak.cz\/velkoobchod\/wp-json\/wp\/v2\/product_brand?post=91763"},{"taxonomy":"product_cat","embeddable":true,"href":"https:\/\/zelenydrak.cz\/velkoobchod\/wp-json\/wp\/v2\/product_cat?post=91763"},{"taxonomy":"product_tag","embeddable":true,"href":"https:\/\/zelenydrak.cz\/velkoobchod\/wp-json\/wp\/v2\/product_tag?post=91763"}],"curies":[{"name":"wp","href":"https:\/\/api.w.org\/{rel}","templated":true}]}}