{"id":91762,"date":"2025-03-05T08:09:13","date_gmt":"2025-03-05T08:09:13","guid":{"rendered":"https:\/\/zelenydrak.cz\/velkoobchod\/?post_type=product&#038;p=91762"},"modified":"2025-03-05T08:09:29","modified_gmt":"2025-03-05T08:09:29","slug":"hvezdne-mango-ovocny-caj","status":"publish","type":"product","link":"https:\/\/zelenydrak.cz\/velkoobchod\/produkt\/hvezdne-mango-ovocny-caj\/","title":{"rendered":"HV\u011aZDN\u00c9 MANGO &#8211; ovocn\u00fd \u010daj"},"content":{"rendered":"<h2>HV\u011aZDN\u00c9 MANGO &#8211; ovocn\u00fd \u010daj<\/h2>\n<p>Slo\u017een\u00ed \u010daje: mango (mango, cukr) (64%), hroznov\u00e9 v\u00edno (hrozny, zeleninov\u00fd olej), pap\u00e1ja (pap\u00e1ja, cukr), ananas (ananas, cukr), p\u0159\u00edrodn\u00ed aroma, pomeran\u010dov\u00e9 kousky, kousky citronu.<\/p>\n<p><h2>P\u0159\u00edprava ovocn\u00e9ho \u010daje:<\/h2>\n<\/p>\n<p>Ovocn\u00fd \u010daj se p\u0159elije vrouc\u00ed vodou a nech\u00e1 se luhovat 10 minut.<\/p>\n<p>L\u00edb\u00e1n\u00ed \u2013 to je, jako kdyby \u010dlov\u011bk cht\u011bl p\u00edt ze s\u00edtka: nikdy toho nem\u00e1 dost.<\/p>\n<p>(\u010c\u00ednsk\u00e9 p\u0159\u00edslov\u00ed)<\/p>\n<p><img decoding=\"async\" src=\"https:\/\/caj-a-kava.cz\/obrazky\/uvod\/dobalouhovani\/ovocny_caj.jpg\" alt=\"Prodej ovocn\u00fdch \u010daj\u016f. P\u0159\u00edprava \u010daje od Zelen\u00fd Drak \u010daj a k\u00e1va\" \/>\u00a0<\/p>\n","protected":false},"excerpt":{"rendered":"<p><p><img loading=\"lazy\" decoding=\"async\" class=\"size-full wp-image-2970 alignleft\" src=\"https:\/\/zelenydrak.cz\/wp-content\/uploads\/2024\/08\/konvice-caj.png\" alt=\"\" width=\"48\" height=\"48\" \/>   V\u016fn\u011b a chu\u0165: mango a nic ne\u017e mango. A trochu citron. Hv\u011bzdn\u00e9 mango je na pohled velmi kr\u00e1sn\u00fd ovocn\u00fd \u010daj s ob\u0159\u00edmi kusy ovoce. Navzdory t\u011bmto ob\u0159\u00edm kus\u016fm ovoce, kter\u00e9 sv\u00e1d\u00ed k velk\u00e9mu d\u00e1vkov\u00e1n\u00ed je zde opak pavdou. Sta\u010d\u00ed m\u00e1lo a m\u00e1te b\u00e1je\u010dn\u00fd ovocn\u00fd \u010daj. Dobrou chu\u0165.   <\/p>\n","protected":false},"featured_media":91792,"comment_status":"open","ping_status":"closed","template":"","meta":[],"product_brand":[],"product_cat":[324],"product_tag":[],"class_list":{"0":"post-91762","1":"product","2":"type-product","3":"status-publish","4":"has-post-thumbnail","6":"product_cat-ovocny-caj-bez-ibisku","8":"first","9":"instock","10":"product-type-variable","11":"has-default-attributes"},"_links":{"self":[{"href":"https:\/\/zelenydrak.cz\/velkoobchod\/wp-json\/wp\/v2\/product\/91762","targetHints":{"allow":["GET"]}}],"collection":[{"href":"https:\/\/zelenydrak.cz\/velkoobchod\/wp-json\/wp\/v2\/product"}],"about":[{"href":"https:\/\/zelenydrak.cz\/velkoobchod\/wp-json\/wp\/v2\/types\/product"}],"replies":[{"embeddable":true,"href":"https:\/\/zelenydrak.cz\/velkoobchod\/wp-json\/wp\/v2\/comments?post=91762"}],"wp:featuredmedia":[{"embeddable":true,"href":"https:\/\/zelenydrak.cz\/velkoobchod\/wp-json\/wp\/v2\/media\/91792"}],"wp:attachment":[{"href":"https:\/\/zelenydrak.cz\/velkoobchod\/wp-json\/wp\/v2\/media?parent=91762"}],"wp:term":[{"taxonomy":"product_brand","embeddable":true,"href":"https:\/\/zelenydrak.cz\/velkoobchod\/wp-json\/wp\/v2\/product_brand?post=91762"},{"taxonomy":"product_cat","embeddable":true,"href":"https:\/\/zelenydrak.cz\/velkoobchod\/wp-json\/wp\/v2\/product_cat?post=91762"},{"taxonomy":"product_tag","embeddable":true,"href":"https:\/\/zelenydrak.cz\/velkoobchod\/wp-json\/wp\/v2\/product_tag?post=91762"}],"curies":[{"name":"wp","href":"https:\/\/api.w.org\/{rel}","templated":true}]}}