{"id":91761,"date":"2025-03-05T08:09:12","date_gmt":"2025-03-05T08:09:12","guid":{"rendered":"https:\/\/zelenydrak.cz\/velkoobchod\/?post_type=product&#038;p=91761"},"modified":"2025-03-05T08:09:29","modified_gmt":"2025-03-05T08:09:29","slug":"nahy-john-ovocny-caj","status":"publish","type":"product","link":"https:\/\/zelenydrak.cz\/velkoobchod\/produkt\/nahy-john-ovocny-caj\/","title":{"rendered":"NAH\u00dd JOHN &#8211; ovocn\u00fd \u010daj"},"content":{"rendered":"<h2>NAH\u00dd JOHN &#8211; ovocn\u00fd \u010daj<\/h2>\n<p>Slo\u017een\u00ed \u010daje: jablko, kokos (kokosov\u00fd o\u0159ech, kokosov\u00fd olej, cukr), p\u0159\u00edchu\u0165, pl\u00e1tky kiwi, vi\u0161n\u011b, brusinky<\/p>\n<p><h2>P\u0159\u00edprava ovocn\u00e9ho \u010daje:<\/h2>\n<\/p>\n<p>Ovocn\u00fd \u010daj se p\u0159elije vrouc\u00ed vodou a nech\u00e1 se luhovat 10 minut.<\/p>\n<p>L\u00edb\u00e1n\u00ed \u2013 to je, jako kdyby \u010dlov\u011bk cht\u011bl p\u00edt ze s\u00edtka: nikdy toho nem\u00e1 dost.<\/p>\n<p>(\u010c\u00ednsk\u00e9 p\u0159\u00edslov\u00ed)<\/p>\n<p><img decoding=\"async\" src=\"https:\/\/caj-a-kava.cz\/obrazky\/uvod\/dobalouhovani\/ovocny_caj.jpg\" alt=\"Prodej ovocn\u00fdch \u010daj\u016f. P\u0159\u00edprava \u010daje od Zelen\u00fd Drak \u010daj a k\u00e1va\" \/>\u00a0<\/p>\n","protected":false},"excerpt":{"rendered":"<p><p><img loading=\"lazy\" decoding=\"async\" class=\"size-full wp-image-2970 alignleft\" src=\"https:\/\/zelenydrak.cz\/wp-content\/uploads\/2024\/08\/konvice-caj.png\" alt=\"\" width=\"48\" height=\"48\" \/>   V\u016fn\u011b a chu\u0165: vi\u0161e\u0148 &#8211; kiwi &#8211; kokos Nah\u00fd John je prost\u011b tak sv\u00e9r\u00e1zn\u011b chutnaj\u00edc\u00ed modern\u00ed \u010daj, \u017ee nen\u00ed t\u0159eba jej jakkoli od\u00edvat do dal\u0161\u00edch chut\u00ed. Nepot\u0159ebuje tedy ani cukr, ani med. Je sv\u016fj a tak by m\u011bl z\u016fstat. <\/p>\n","protected":false},"featured_media":91788,"comment_status":"open","ping_status":"closed","template":"","meta":[],"product_brand":[],"product_cat":[324],"product_tag":[],"class_list":{"0":"post-91761","1":"product","2":"type-product","3":"status-publish","4":"has-post-thumbnail","6":"product_cat-ovocny-caj-bez-ibisku","8":"first","9":"instock","10":"product-type-variable","11":"has-default-attributes"},"_links":{"self":[{"href":"https:\/\/zelenydrak.cz\/velkoobchod\/wp-json\/wp\/v2\/product\/91761","targetHints":{"allow":["GET"]}}],"collection":[{"href":"https:\/\/zelenydrak.cz\/velkoobchod\/wp-json\/wp\/v2\/product"}],"about":[{"href":"https:\/\/zelenydrak.cz\/velkoobchod\/wp-json\/wp\/v2\/types\/product"}],"replies":[{"embeddable":true,"href":"https:\/\/zelenydrak.cz\/velkoobchod\/wp-json\/wp\/v2\/comments?post=91761"}],"wp:featuredmedia":[{"embeddable":true,"href":"https:\/\/zelenydrak.cz\/velkoobchod\/wp-json\/wp\/v2\/media\/91788"}],"wp:attachment":[{"href":"https:\/\/zelenydrak.cz\/velkoobchod\/wp-json\/wp\/v2\/media?parent=91761"}],"wp:term":[{"taxonomy":"product_brand","embeddable":true,"href":"https:\/\/zelenydrak.cz\/velkoobchod\/wp-json\/wp\/v2\/product_brand?post=91761"},{"taxonomy":"product_cat","embeddable":true,"href":"https:\/\/zelenydrak.cz\/velkoobchod\/wp-json\/wp\/v2\/product_cat?post=91761"},{"taxonomy":"product_tag","embeddable":true,"href":"https:\/\/zelenydrak.cz\/velkoobchod\/wp-json\/wp\/v2\/product_tag?post=91761"}],"curies":[{"name":"wp","href":"https:\/\/api.w.org\/{rel}","templated":true}]}}