{"id":91759,"date":"2025-03-05T08:09:12","date_gmt":"2025-03-05T08:09:12","guid":{"rendered":"https:\/\/zelenydrak.cz\/velkoobchod\/?post_type=product&#038;p=91759"},"modified":"2025-03-05T08:09:29","modified_gmt":"2025-03-05T08:09:29","slug":"seherezada-ovocny-caj","status":"publish","type":"product","link":"https:\/\/zelenydrak.cz\/velkoobchod\/produkt\/seherezada-ovocny-caj\/","title":{"rendered":"\u0160EHEREZ\u00c1DA &#8211; ovocn\u00fd \u010daj"},"content":{"rendered":"<h2>\u0160EHEREZ\u00c1DA &#8211; ovocn\u00fd \u010daj<\/h2>\n<p>Slo\u017een\u00ed \u010daje: jablko, hroznov\u00e9 v\u00edno (hrozny, rostlinn\u00fd olej), ananas (ananas, cukr), pap\u00e1ja (pap\u00e1ja, cukr), mrkev, \u010derven\u00e1 \u0159epa, MANDLE (5%), p\u0159\u00edchu\u0165, \u0161vestka (\u0161vestka, cukr) (3%), \u017elut\u00e9 okv\u011btn\u00ed l\u00edstky m\u011bs\u00ed\u010dku, poupata r\u016f\u017e\u00ed.<\/p>\n<p><h2><img decoding=\"async\" src=\"https:\/\/caj-a-kava.cz\/obrazky\/uvod\/dobalouhovani\/ovocny_caj.jpg\" alt=\"Prodej ovocn\u00fdch \u010daj\u016f. P\u0159\u00edprava \u010daje od Zelen\u00fd Drak \u010daj a k\u00e1va\" \/>\u00a0<\/h2>\n","protected":false},"excerpt":{"rendered":"<p><p><img loading=\"lazy\" decoding=\"async\" class=\"size-full wp-image-2970 alignleft\" src=\"https:\/\/zelenydrak.cz\/wp-content\/uploads\/2024\/08\/konvice-caj.png\" alt=\"\" width=\"48\" height=\"48\" \/>   V\u016fn\u011b a chu\u0165: \u0161vestka a marcip\u00e1n \u0160eherez\u00e1da je \u010daj, kter\u00fd vinik\u00e1 netradi\u010dn\u00edm spojen\u00edm marcip\u00e1nu a \u0161vestky. Kdo miluje marcip\u00e1n a netradi\u010dn\u00ed exotick\u00e9 chut\u011b, bude nad\u0161en. Dobrou chu\u0165. <\/p>\n","protected":false},"featured_media":91780,"comment_status":"open","ping_status":"closed","template":"","meta":[],"product_brand":[],"product_cat":[324],"product_tag":[],"class_list":{"0":"post-91759","1":"product","2":"type-product","3":"status-publish","4":"has-post-thumbnail","6":"product_cat-ovocny-caj-bez-ibisku","8":"first","9":"instock","10":"product-type-variable","11":"has-default-attributes"},"_links":{"self":[{"href":"https:\/\/zelenydrak.cz\/velkoobchod\/wp-json\/wp\/v2\/product\/91759","targetHints":{"allow":["GET"]}}],"collection":[{"href":"https:\/\/zelenydrak.cz\/velkoobchod\/wp-json\/wp\/v2\/product"}],"about":[{"href":"https:\/\/zelenydrak.cz\/velkoobchod\/wp-json\/wp\/v2\/types\/product"}],"replies":[{"embeddable":true,"href":"https:\/\/zelenydrak.cz\/velkoobchod\/wp-json\/wp\/v2\/comments?post=91759"}],"wp:featuredmedia":[{"embeddable":true,"href":"https:\/\/zelenydrak.cz\/velkoobchod\/wp-json\/wp\/v2\/media\/91780"}],"wp:attachment":[{"href":"https:\/\/zelenydrak.cz\/velkoobchod\/wp-json\/wp\/v2\/media?parent=91759"}],"wp:term":[{"taxonomy":"product_brand","embeddable":true,"href":"https:\/\/zelenydrak.cz\/velkoobchod\/wp-json\/wp\/v2\/product_brand?post=91759"},{"taxonomy":"product_cat","embeddable":true,"href":"https:\/\/zelenydrak.cz\/velkoobchod\/wp-json\/wp\/v2\/product_cat?post=91759"},{"taxonomy":"product_tag","embeddable":true,"href":"https:\/\/zelenydrak.cz\/velkoobchod\/wp-json\/wp\/v2\/product_tag?post=91759"}],"curies":[{"name":"wp","href":"https:\/\/api.w.org\/{rel}","templated":true}]}}