{"id":91758,"date":"2025-03-05T08:09:12","date_gmt":"2025-03-05T08:09:12","guid":{"rendered":"https:\/\/zelenydrak.cz\/velkoobchod\/?post_type=product&#038;p=91758"},"modified":"2025-03-05T08:09:29","modified_gmt":"2025-03-05T08:09:29","slug":"visen-a-banan-ovocny-caj","status":"publish","type":"product","link":"https:\/\/zelenydrak.cz\/velkoobchod\/produkt\/visen-a-banan-ovocny-caj\/","title":{"rendered":"VI\u0160E\u0147 A BAN\u00c1N &#8211; ovocn\u00fd \u010daj"},"content":{"rendered":"<p>Slo\u017een\u00ed: kousky jablek, ibi\u0161ek, ban\u00e1n (ban\u00e1n, kokosov\u00fd olej, t\u0159tinov\u00fd cukr, med) (21%), \u0161\u00edpek, hroznov\u00e9 v\u00edno (hrozny, rostlinn\u00fd olej), p\u0159\u00edchu\u0165, vi\u0161n\u011b (1%). <\/p>\n<p><p>L\u00edb\u00e1n\u00ed \u2013 to je, jako kdyby \u010dlov\u011bk cht\u011bl p\u00edt ze s\u00edtka, nikdy toho nem\u00e1 dost.<\/p>\n<p>(\u010c\u00ednsk\u00e9 p\u0159\u00edslov\u00ed)<\/p>\n<p><img decoding=\"async\" src=\"http:\/\/caj-a-kava.cz\/obrazky\/uvod\/dobalouhovani\/ovocny_caj.jpg\" alt=\"Prodej ovocn\u00fdch \u010daj\u016f. P\u0159\u00edprava \u010daje od Zelen\u00fd Drak \u010daj a k\u00e1va\" \/><\/p>\n","protected":false},"excerpt":{"rendered":"<p><strong>V\u016fn\u011b a chu\u0165:<\/strong> vi\u0161e\u0148 a ban\u00e1n. Hezky slad\u011bn\u00fd ovocn\u00fd \u010daj s ob\u0159\u00edmi kusy ban\u00e1nu a zral\u00fdmi, su\u0161en\u00fdmi vi\u0161n\u011bmi. Tuto ovocnou sm\u011bs je mo\u017en\u00e9 p\u0159ipravit tak\u00e9 jako ledov\u00fd \u010daj. V\u00fdborn\u011b se hod\u00ed s \u010derstv\u00fdm pomeran\u010dem a tro\u0161kou \u010derstv\u00e9ho z\u00e1zvoru. P\u0159ejeme p\u0159\u00edjemn\u00e9 osv\u011b\u017een\u00ed<\/p>\n","protected":false},"featured_media":91776,"comment_status":"open","ping_status":"closed","template":"","meta":[],"product_brand":[],"product_cat":[323],"product_tag":[],"class_list":{"0":"post-91758","1":"product","2":"type-product","3":"status-publish","4":"has-post-thumbnail","6":"product_cat-ovocny-caj-s-ibiskem","8":"first","9":"instock","10":"product-type-variable","11":"has-default-attributes"},"_links":{"self":[{"href":"https:\/\/zelenydrak.cz\/velkoobchod\/wp-json\/wp\/v2\/product\/91758","targetHints":{"allow":["GET"]}}],"collection":[{"href":"https:\/\/zelenydrak.cz\/velkoobchod\/wp-json\/wp\/v2\/product"}],"about":[{"href":"https:\/\/zelenydrak.cz\/velkoobchod\/wp-json\/wp\/v2\/types\/product"}],"replies":[{"embeddable":true,"href":"https:\/\/zelenydrak.cz\/velkoobchod\/wp-json\/wp\/v2\/comments?post=91758"}],"wp:featuredmedia":[{"embeddable":true,"href":"https:\/\/zelenydrak.cz\/velkoobchod\/wp-json\/wp\/v2\/media\/91776"}],"wp:attachment":[{"href":"https:\/\/zelenydrak.cz\/velkoobchod\/wp-json\/wp\/v2\/media?parent=91758"}],"wp:term":[{"taxonomy":"product_brand","embeddable":true,"href":"https:\/\/zelenydrak.cz\/velkoobchod\/wp-json\/wp\/v2\/product_brand?post=91758"},{"taxonomy":"product_cat","embeddable":true,"href":"https:\/\/zelenydrak.cz\/velkoobchod\/wp-json\/wp\/v2\/product_cat?post=91758"},{"taxonomy":"product_tag","embeddable":true,"href":"https:\/\/zelenydrak.cz\/velkoobchod\/wp-json\/wp\/v2\/product_tag?post=91758"}],"curies":[{"name":"wp","href":"https:\/\/api.w.org\/{rel}","templated":true}]}}