{"id":91757,"date":"2025-03-05T08:09:12","date_gmt":"2025-03-05T08:09:12","guid":{"rendered":"https:\/\/zelenydrak.cz\/velkoobchod\/?post_type=product&#038;p=91757"},"modified":"2025-03-05T08:09:28","modified_gmt":"2025-03-05T08:09:28","slug":"ceylon-white-sapphire-bily-safir-bio","status":"publish","type":"product","link":"https:\/\/zelenydrak.cz\/velkoobchod\/produkt\/ceylon-white-sapphire-bily-safir-bio\/","title":{"rendered":"CEYLON WHITE SAPPHIRE &#8211; B\u00cdL\u00dd SAF\u00cdR BIO"},"content":{"rendered":"<h2>CEYLON WHITE SAPPHIRE &#8211; B\u00cdL\u00dd SAF\u00cdR BIO<\/h2>\n<p>Slo\u017een\u00ed: prav\u00fd b\u00edl\u00fd \u010daj 100%. Rarita. \u010caj poch\u00e1z\u00ed z kontrolovan\u00e9ho ekologick\u00e9ho zem\u011bd\u011blstv\u00ed.<\/p>\n<p><img loading=\"lazy\" decoding=\"async\" style=\"float: left;\" title=\"konvice \u010caj-a-K\u00e1va.cz\" src=\"https:\/\/caj-a-kava.cz\/img\/cms\/konvice_zelenydrak.png\" alt=\"konvice \u010caj-a-K\u00e1va.cz\" width=\"100\" height=\"100\" \/><\/p>\n<p>B\u00edl\u00fd saf\u00edr V\u00e1s hned p\u0159i otev\u0159en\u00ed s\u00e1\u010dku nadchne omamuj\u00edc\u00ed v\u016fn\u00ed citrus\u016f. Tato v\u016fn\u011b se zn\u00e1sob\u00ed jakmile \u010daj zalijeme teplou kvalitn\u00ed vodou a nech\u00e1me vylouhovat. Po dvou a\u017e t\u0159ech minut\u00e1ch louhov\u00e1n\u00ed V\u00e1s \u010daj odm\u011bn\u00ed podmanivou v\u016fn\u00ed a n\u00e1dhernou jasn\u011b zlatav\u011b zelenou barvou n\u00e1levu. S ka\u017ed\u00fdm dal\u0161\u00edm n\u00e1levem se \u010daj st\u00e1v\u00e1 lahodn\u011b jemn\u00fdm. Doporu\u010dujeme t\u0159i a\u017e \u010dty\u0159i n\u00e1levy. Ceylonsk\u00fd \u010daj je zn\u00e1m\u00fd po cel\u00e9m sv\u011bt\u011b jako \u010daj \u010dern\u00fd. Jsme p\u0159esv\u011bd\u010deni, \u017ee tato variace brilantn\u00edho raritn\u00edho \u010daje je stejn\u011b vynikaj\u00edc\u00ed jako jeho vzne\u0161en\u00fd tmav\u00fd p\u0159\u00edbuzn\u00fd. Lehce oxidovan\u00e9 st\u0159\u00edbro-modr\u00e9 listy poskytuj\u00ed ji\u017e vizu\u00e1ln\u00ed n\u00e1znak, \u017ee jde o \u0161pi\u010dkovou kvalitu \u010daje. Jemn\u00e1 chu\u0165 p\u0159ipom\u00edn\u00e1 citrusov\u00e9 plody. Jeho sv\u011btl\u00e1 zlatav\u011b-zelen\u00e1 barva v \u0161\u00e1lku umoc\u0148uje celkov\u00fd dojem z \u010daje a vyvol\u00e1v\u00e1 p\u0159\u00edjemn\u00fd chu\u0165ov\u00fd z\u00e1\u017eitek.<\/p>\n<p><p>\u010caj je mi l\u00e1skou, k\u00e1va v\u00e1\u0161n\u00ed<\/p>\n<p><em>(LEA<\/em>)<\/p>\n<p><p><img decoding=\"async\" src=\"https:\/\/caj-a-kava.cz\/obrazky\/uvod\/dobalouhovani\/bily_caj.jpg\" alt=\"Prodej b\u00edl\u00e9ho, c\u00edsa\u0159sk\u00e9ho, exkluzivn\u00edho \u010daje. P\u0159\u00edprava \u010daje od Zelen\u00fd Drak \u010daj a k\u00e1va\"><\/p>\n","protected":false},"excerpt":{"rendered":"<p><img loading=\"lazy\" decoding=\"async\" class=\"size-full wp-image-2970 alignleft\" src=\"https:\/\/zelenydrak.cz\/wp-content\/uploads\/2024\/08\/konvice-caj.png\" alt=\"\" width=\"48\" height=\"48\" \/> p> Ceylonsk\u00fd \u010daj je zn\u00e1m\u00fd po cel\u00e9m sv\u011bt\u011b jako \u010daj \u010dern\u00fd. Jsme p\u0159esv\u011bd\u010deni, \u017ee tato variace brilantn\u00edho raritn\u00edho \u010daje je stejn\u011b vynikaj\u00edc\u00ed jako jeho vzne\u0161en\u00fd tmav\u00fd p\u0159\u00edbuzn\u00fd. Lehce oxidovan\u00e9 st\u0159\u00edbro-modr\u00e9 listy poskytuj\u00ed ji\u017e vizu\u00e1ln\u00ed n\u00e1znak, \u017ee jde o \u0161pi\u010dkovou kvalitu \u010daje. Jemn\u00e1 chu\u0165 p\u0159ipom\u00edn\u00e1 citrusov\u00e9 plody. Jeho sv\u011btl\u00e1 zlatav\u011b-zelen\u00e1 barva v \u0161\u00e1lku umoc\u0148uje celkov\u00fd dojem z \u010daje a vyvol\u00e1v\u00e1 p\u0159\u00edjemn\u00fd chu\u0165ov\u00fd z\u00e1\u017eitek.<\/p>\n","protected":false},"featured_media":91772,"comment_status":"open","ping_status":"closed","template":"","meta":[],"product_brand":[],"product_cat":[300,299,301],"product_tag":[],"class_list":{"0":"post-91757","1":"product","2":"type-product","3":"status-publish","4":"has-post-thumbnail","6":"product_cat-bily-caj","7":"product_cat-bily-caj-bio","8":"product_cat-rarity-a-premiove-caje","10":"first","11":"instock","12":"product-type-variable","13":"has-default-attributes"},"_links":{"self":[{"href":"https:\/\/zelenydrak.cz\/velkoobchod\/wp-json\/wp\/v2\/product\/91757","targetHints":{"allow":["GET"]}}],"collection":[{"href":"https:\/\/zelenydrak.cz\/velkoobchod\/wp-json\/wp\/v2\/product"}],"about":[{"href":"https:\/\/zelenydrak.cz\/velkoobchod\/wp-json\/wp\/v2\/types\/product"}],"replies":[{"embeddable":true,"href":"https:\/\/zelenydrak.cz\/velkoobchod\/wp-json\/wp\/v2\/comments?post=91757"}],"wp:featuredmedia":[{"embeddable":true,"href":"https:\/\/zelenydrak.cz\/velkoobchod\/wp-json\/wp\/v2\/media\/91772"}],"wp:attachment":[{"href":"https:\/\/zelenydrak.cz\/velkoobchod\/wp-json\/wp\/v2\/media?parent=91757"}],"wp:term":[{"taxonomy":"product_brand","embeddable":true,"href":"https:\/\/zelenydrak.cz\/velkoobchod\/wp-json\/wp\/v2\/product_brand?post=91757"},{"taxonomy":"product_cat","embeddable":true,"href":"https:\/\/zelenydrak.cz\/velkoobchod\/wp-json\/wp\/v2\/product_cat?post=91757"},{"taxonomy":"product_tag","embeddable":true,"href":"https:\/\/zelenydrak.cz\/velkoobchod\/wp-json\/wp\/v2\/product_tag?post=91757"}],"curies":[{"name":"wp","href":"https:\/\/api.w.org\/{rel}","templated":true}]}}