{"id":91699,"date":"2025-03-05T08:08:18","date_gmt":"2025-03-05T08:08:18","guid":{"rendered":"https:\/\/zelenydrak.cz\/velkoobchod\/?post_type=product&#038;p=91699"},"modified":"2025-03-05T08:08:32","modified_gmt":"2025-03-05T08:08:32","slug":"cerstva-kava-dominikanska-republika-finca-san-domingo","status":"publish","type":"product","link":"https:\/\/zelenydrak.cz\/velkoobchod\/produkt\/cerstva-kava-dominikanska-republika-finca-san-domingo\/","title":{"rendered":"\u010cERSTV\u00c1 K\u00c1VA DOMINIK\u00c1NSK\u00c1 REPUBLIKA FINCA SAN DOMINGO"},"content":{"rendered":"<h2>\u010cERSTV\u00c1 K\u00c1VA DOMINIK\u00c1NSK\u00c1 REPUBLIKA FINCA SAN DOMINGO <\/h2>\n<p>Slo\u017een\u00ed: \u010dern\u00e1  k\u00e1va 100% Arabika <\/p>\n<p> \u010cERSTV\u00c1  DOMINIK\u00c1NSK\u00c1 K\u00c1VA V\u00e1s ihned po otev\u0159en\u00ed s\u00e1\u010dku nadchne  \u00fa\u017easnou tab\u00e1kovou v\u016fn\u00ed  s t\u00f3ny l\u00e9ko\u0159ice a koriandru. Tato v\u016fn\u011b se zn\u00e1sob\u00ed jakmile k\u00e1vu zalijeme horkou vodou. Po spr\u00e1vn\u00e9 p\u0159\u00edprav\u011b   V\u00e1s k\u00e1va odm\u011bn\u00ed podmanivou v\u016fn\u00ed a delik\u00e1tn\u00ed chut\u00ed.<\/p>\n<p>\u010cERSTV\u00c1 K\u00c1VA DOMINIK\u00c1NSK\u00c1 REPUBLIKA FINCA SAN DOMINGO<\/p>\n<p>V Dominik\u00e1nsk\u00e9 republice se vyr\u00e1b\u00ed \u0159ada speci\u00e1ln\u00edch k\u00e1v.\u00a0Tato k\u00e1va, kter\u00e1 se \u010dasto prod\u00e1v\u00e1 pod n\u00e1zvem k\u00e1va Santo Domingo, se vyzna\u010duje pln\u00fdm t\u011blem, m\u00edrnou a\u017e lehkou kyselost\u00ed, bohatou v\u016fn\u00ed a zemit\u00fdmi t\u00f3ny.<\/p>\n<p><strong>CHARAKTERISTIKA DOMINIK\u00c1NSK\u00c9 K\u00c1VY<\/strong><\/p>\n<p>Vysoko rostouc\u00ed \u00a0dominik\u00e1nsk\u00e9 k\u00e1vy maj\u00ed vy\u0161\u0161\u00ed obsah kyselin ne\u017e n\u00ed\u017ee p\u011bstovan\u00e9 druhy k\u00e1v, kter\u00e9 maj\u00ed tendenci b\u00fdt m\u011bk\u010d\u00ed.<\/p>\n<p>P\u0159esto\u017ee je pova\u017eov\u00e1na   spolu s jamajskou\u00a0k\u00e1vou a\u00a0Puerto Rican k\u00e1vou za karibskou k\u00e1vu, je ve skute\u010dnosti nejm\u00e9n\u011b cen\u011bna. A\u010dkoli dob\u0159e rostl\u00e1 dominik\u00e1nsk\u00e1 k\u00e1va se spr\u00e1vn\u00fdm\u00a0zpracov\u00e1n\u00edm<\/a>\u00a0je vyv\u00e1\u017een\u00e1 a vyzna\u010duje se klasick\u00fdmi charakteristikami karibsk\u00e9 k\u00e1vy a to za cenu podstatn\u011b ni\u017e\u0161\u00ed ne\u017e nap\u0159\u00edklad Jamaica Blue Mountain.<\/p>\n<p>Dominik\u00e1nsk\u00e1 republika zalo\u017eila sedm v\u00fdznamn\u00fdch oblast\u00ed produkuj\u00edc\u00edch k\u00e1vu a to  Cibao, Barahona, Noroeste, Neyba, Sierra Sur, Sierra Occidental a Sierra Central.<\/p>\n<p>V r\u00e1mci t\u011bchto oblast\u00ed produkuj\u00edc\u00edch k\u00e1vu se vyskytuje \u0159ada mikroklimat, co\u017e m\u00e1 za n\u00e1sledek \u0159adu typ\u016f\u00a0k\u00e1vov\u00fdch zrn\u00a0s r\u016fzn\u00fdmi\u00a0aromatick\u00fdmi chu\u0165ov\u00fdmi\u00a0profily.\u00a0<\/p>\n<p><strong> P\u011aSTOV\u00c1N\u00cd K\u00c1VY <\/strong><\/p>\n<p> Dominik\u00e1nsk\u00e1 k\u00e1va m\u00e1 pom\u011brn\u011b dlouhou   dobu zr\u00e1n\u00ed, kterou ovliv\u0148uje  m\u00edrn\u00e9 podneb\u00ed, celoro\u010dn\u00ed de\u0161t\u011b, tepl\u00e9 oce\u00e1nsk\u00e9 proudy a m\u00edrn\u00e9 pas\u00e1ty. Pomal\u00e9 zr\u00e1n\u00ed se pod\u00edl\u00ed na produkci velmi kvalitn\u00edch k\u00e1vov\u00fdch zrn.<\/p>\n<p>Vzhledem k tomu, \u017ee v Dominik\u00e1nsk\u00e9 republice existuje pestrost nadmo\u0159sk\u00fdch v\u00fd\u0161ek, m\u016f\u017eou rostliny produkovat kvalitn\u00ed k\u00e1vu po cel\u00fd rok \u00a0Prvot\u0159\u00eddn\u00ed\u00a0k\u00e1vov\u00e1 zrna\u00a0se p\u011bstuj\u00ed ve v\u00fd\u0161ce 3500 metr\u016f nad mo\u0159em  na terasovit\u00fdch horsk\u00fdch svaz\u00edch.<\/p>\n<p>P\u0159evl\u00e1daj\u00edc\u00ed\u00a0obdob\u00ed\u00a0sklizn\u011b\u00a0je od \u0159\u00edjna do \u010dervna.\u00a0Farm\u00e1\u0159i se opakovan\u011b vracej\u00ed na pole, aby si vyb\u00edrali pouze nejvz\u00e1cn\u011bj\u0161\u00ed\u00a0k\u00e1vu\u00a0v pr\u016fb\u011bhu sklizn\u011b.\u00a0Nejlep\u0161\u00ed k\u00e1vy z Dominik\u00e1nsk\u00e9 republiky jsou ru\u010dn\u011b vyb\u00edr\u00e1ny  a pot\u00e9 jsou na velk\u00fdch teras\u00e1ch vysu\u0161eny na slunci.<\/p>\n<p>V\u011bt\u0161ina k\u00e1vov\u00fdch farem v Dominik\u00e1nsk\u00e9 republice je o rozm\u011brech men\u0161\u00edch ne\u017e osm akr\u016f a mnoho k\u00e1vy je\u00a0ekologicky\u00a0p\u011bstov\u00e1no a tak\u00e9\u00a0st\u00edn\u011bno\u00a0pod p\u0159\u00edrodn\u00edmi borovicemi, guavami a makadamov\u00fdmi o\u0159echy.<\/p>\n<p><strong>PRODUKCE<\/strong><\/p>\n<p>Odhaduje se, \u017ee 90% k\u00e1vy v Dominik\u00e1nsk\u00e9 republice je odr\u016fda k\u00e1vovn\u00edku Typica (k\u00e1va Arabika var. Typica), zat\u00edmco ostatn\u00ed 10% k\u00e1vy Dominik\u00e1nsk\u00e9 republiky je jednou z n\u011bkolika\u00a0odr\u016fd Arabica,\u00a0v\u010detn\u011b Bourbon (k\u00e1va Arabika var. Bourbon), Catuai Arabika var. Katuai), Caturra (k\u00e1va Arabika var. Caturra) a Mundo Novo (k\u00e1va Arabika\u00a0var. Mundo Novo), kter\u00e1 je hybridem Caturry.\u00a0<\/p>\n<p><img decoding=\"async\" src=\"https:\/\/www.zelenydrak.cz\/wp-content\/uploads\/2019\/09\/dom.rep-zelenydrak.cz_.jpg\" \/><\/p>\n<h4>V\u00edce o k\u00e1v\u011b:<\/h4>\n<table class=\"table table-bordered\" width=\"594\" border=\"1\" cellspacing=\"1\" cellpadding=\"1\">\n<tbody>\n<tr>\n<td width=\"115\"><strong>Oblast<\/strong><\/td>\n<td width=\"72\">Dominik\u00e1nsk\u00e1 republika<\/td>\n<\/tr>\n<tr>\n<td><strong>Nadmo\u0159sk\u00e1 v\u00fd\u0161ka<\/strong><\/td>\n<td>800-1500m<\/td>\n<\/tr>\n<tr>\n<td><strong>Zpracov\u00e1n\u00ed<\/strong><\/td>\n<td>promyta<\/td>\n<\/tr>\n<tr>\n<td><strong>P\u016fda<\/strong><\/td>\n<td> j\u00edlov\u00e1 p\u016fda<\/td>\n<\/tr>\n<tr>\n<td><strong>Detail kultivaru<\/strong><\/td>\n<td>Typica<\/td>\n<\/tr>\n<tr>\n<td><strong>St\u00edn strom\u016f<\/strong><\/td>\n<td>Ano<\/td>\n<\/tr>\n<tr>\n<td><strong>Kvalita<\/strong><\/td>\n<td>V\u00fdb\u011brov\u00e9 zrno<\/td>\n<\/tr>\n<\/tbody>\n<\/table>\n<h4>Chu\u0165ov\u00fd profil:<\/h4>\n<table class=\"table table-bordered\" width=\"596\" border=\"2\" cellspacing=\"2\" cellpadding=\"2\">\n<tbody>\n<tr>\n<th width=\"100\" scope=\"row\">Stupe\u0148 pra\u017een\u00ed<\/th>\n<td width=\"100\" bgcolor=\"#4B1211\"><\/td>\n<td width=\"100\" bgcolor=\"#4B1211\"><\/td>\n<td width=\"100\"><\/td>\n<td width=\"100\"><\/td>\n<td width=\"100\"><\/td>\n<\/tr>\n<tr>\n<th scope=\"row\">Aroma<\/th>\n<td bgcolor=\"#4B1211\"><\/td>\n<td bgcolor=\"#4B1211\"><\/td>\n<td bgcolor=\"#4B1211\"><\/td>\n<td bgcolor=\"#4B1211\"><\/td>\n<td><\/td>\n<\/tr>\n<tr>\n<th scope=\"row\">Komplexnost<\/th>\n<td bgcolor=\"#4B1211\"><\/td>\n<td bgcolor=\"#4B1211\"><\/td>\n<td bgcolor=\"#4B1211\"><\/td>\n<td><\/td>\n<td><\/td>\n<\/tr>\n<tr>\n<th scope=\"row\">T\u011blo<\/th>\n<td bgcolor=\"#4B1211\"><\/td>\n<td bgcolor=\"#4B1211\"><\/td>\n<td bgcolor=\"#4B1211\"><\/td>\n<td bgcolor=\"#4B1211\"><\/td>\n<td><\/td>\n<\/tr>\n<tr>\n<th scope=\"row\">Charakter<\/th>\n<td bgcolor=\"#4B1211\"><\/td>\n<td bgcolor=\"#4B1211\"><\/td>\n<td bgcolor=\"#4B1211\"><\/td>\n<td bgcolor=\"#4B1211\"><\/td>\n<td><\/td>\n<\/tr>\n<tr>\n<th scope=\"row\">Ovocnost<\/th>\n<td bgcolor=\"#4B1211\"><\/td>\n<td bgcolor=\"#4B1211\"><\/td>\n<td bgcolor=\"#4B1211\"><\/td>\n<td><\/td>\n<td><\/td>\n<\/tr>\n<tr>\n<th scope=\"row\">Vyv\u00e1\u017eenost<\/th>\n<td bgcolor=\"#4B1211\"><\/td>\n<td bgcolor=\"#4B1211\"><\/td>\n<td bgcolor=\"#4B1211\"><\/td>\n<td bgcolor=\"#4B1211\"><\/td>\n<td><\/td>\n<\/tr>\n<tr>\n<th scope=\"row\">Kr\u00e9ma<\/th>\n<td bgcolor=\"#4B1211\"><\/td>\n<td><\/td>\n<td><\/td>\n<td><\/td>\n<td><\/td>\n<\/tr>\n<\/tbody>\n<\/table>\n<p>\u00a0<\/p>\n<p>\u010caj je mi l\u00e1skou, k\u00e1va v\u00e1\u0161n\u00ed<\/p>\n<p>(LEA)<\/p>\n<h4><img decoding=\"async\" src=\"https:\/\/caj-a-kava.cz\/obrazky\/uvod\/dobalouhovani\/kava.jpg\" alt=\"Prodej prav\u00e9 zrnkov\u00e9 k\u00e1vy. P\u0159\u00edprava k\u00e1vy od Zelen\u00fd Drak\"><\/h4>\n","protected":false},"excerpt":{"rendered":"<p>Dominik\u00e1nsk\u00e1 k\u00e1va je sv\u00fdm charakterem  sladk\u00e1 s bohatou plnou chut\u00ed a velmi jemnou kyselost\u00ed. Skv\u011bl\u00e9 aroma dopln\u011bn\u00e9 zemit\u00fdmi t\u00f3ny vykouzl\u00ed \u00fasm\u011bv na tv\u00e1\u0159i. V\u011b\u0159te n\u00e1m a ochutnejte v\u0161emi a p\u0159edev\u0161\u00edm dominik\u00e1nci cen\u011bnou k\u00e1vu, kte\u0159\u00ed ji pova\u017euj\u00ed za elix\u00edr \u017eivota a tud\u00ed\u017e ji jen velmi m\u00e1lo exportuj\u00ed. Dobrou chu\u0165.<\/p>\n","protected":false},"featured_media":91749,"comment_status":"open","ping_status":"closed","template":"","meta":[],"product_brand":[],"product_cat":[327],"product_tag":[],"class_list":{"0":"post-91699","1":"product","2":"type-product","3":"status-publish","4":"has-post-thumbnail","6":"product_cat-kava-cista","8":"first","9":"outofstock","10":"product-type-variable","11":"has-default-attributes"},"_links":{"self":[{"href":"https:\/\/zelenydrak.cz\/velkoobchod\/wp-json\/wp\/v2\/product\/91699","targetHints":{"allow":["GET"]}}],"collection":[{"href":"https:\/\/zelenydrak.cz\/velkoobchod\/wp-json\/wp\/v2\/product"}],"about":[{"href":"https:\/\/zelenydrak.cz\/velkoobchod\/wp-json\/wp\/v2\/types\/product"}],"replies":[{"embeddable":true,"href":"https:\/\/zelenydrak.cz\/velkoobchod\/wp-json\/wp\/v2\/comments?post=91699"}],"wp:featuredmedia":[{"embeddable":true,"href":"https:\/\/zelenydrak.cz\/velkoobchod\/wp-json\/wp\/v2\/media\/91749"}],"wp:attachment":[{"href":"https:\/\/zelenydrak.cz\/velkoobchod\/wp-json\/wp\/v2\/media?parent=91699"}],"wp:term":[{"taxonomy":"product_brand","embeddable":true,"href":"https:\/\/zelenydrak.cz\/velkoobchod\/wp-json\/wp\/v2\/product_brand?post=91699"},{"taxonomy":"product_cat","embeddable":true,"href":"https:\/\/zelenydrak.cz\/velkoobchod\/wp-json\/wp\/v2\/product_cat?post=91699"},{"taxonomy":"product_tag","embeddable":true,"href":"https:\/\/zelenydrak.cz\/velkoobchod\/wp-json\/wp\/v2\/product_tag?post=91699"}],"curies":[{"name":"wp","href":"https:\/\/api.w.org\/{rel}","templated":true}]}}