{"id":91697,"date":"2025-03-05T08:08:18","date_gmt":"2025-03-05T08:08:18","guid":{"rendered":"https:\/\/zelenydrak.cz\/velkoobchod\/?post_type=product&#038;p=91697"},"modified":"2025-03-05T08:08:30","modified_gmt":"2025-03-05T08:08:30","slug":"kava-indicka-monzunova-aspin-wall-indicka-kava","status":"publish","type":"product","link":"https:\/\/zelenydrak.cz\/velkoobchod\/produkt\/kava-indicka-monzunova-aspin-wall-indicka-kava\/","title":{"rendered":"K\u00c1VA INDICK\u00c1 MONZUNOV\u00c1  ASPIN WALL &#8211; indick\u00e1  k\u00e1va"},"content":{"rendered":"<h2>K\u00c1VA INDICK\u00c1 MONZUNOV\u00c1 ASPIN WALL &#8211; indick\u00e1 k\u00e1va<\/h2>\n<p>Slo\u017een\u00ed: \u010dern\u00e1  k\u00e1va 100% Arabika <\/p>\n<p> Monzunov\u00e1 k\u00e1va V\u00e1s ihned po otev\u0159en\u00ed s\u00e1\u010dku nadchne  \u00fa\u017easnou tab\u00e1kovou v\u016fn\u00ed  s t\u00f3ny l\u00e9ko\u0159ice a koriandru. Tato v\u016fn\u011b se zn\u00e1sob\u00ed jakmile k\u00e1vu zalijeme horkou vodou. Po spr\u00e1vn\u00e9 p\u0159\u00edprav\u011b   V\u00e1s k\u00e1va odm\u011bn\u00ed podmanivou v\u016fn\u00ed a delik\u00e1tn\u00ed chut\u00ed.<\/p>\n<p><strong>O monzunov\u00e9 k\u00e1v\u011b<\/strong><\/p>\n<p>K\u00e1va Aspin Wall si pro\u0161la monzunovac\u00edm procesem. Bylo zji\u0161t\u011bno, \u017ee pod\u00e9l pob\u0159e\u017en\u00edho p\u00e1su jihoz\u00e1padn\u00ed Indie b\u011bhem monzunov\u00fdch m\u011bs\u00edc\u016f lze simulovat typick\u00e9 prost\u0159ed\u00ed, kter\u00e9 p\u0159in\u00e1\u0161\u00ed stejnou charakteristickou p\u0159em\u011bnu k\u00e1vov\u00fdch fazol\u00ed, kter\u00e1 prob\u00edhala na v\u00fd\u0161e zm\u00edn\u011bn\u00fdch lod\u00edch. T\u00edmto se zrodil ritu\u00e1l zvan\u00fd monzunov\u00e1n\u00ed. P\u0159i tomto procesu p\u011bstitel\u00e9 vystav\u00ed od \u010dervna do z\u00e1\u0159\u00ed pouze vybran\u00e9 k\u00e1vov\u00e9 fazole vlhk\u00e9mu monzunov\u00e9mu v\u011btru v dob\u0159e v\u011btran\u00fdch skladech, aby bylo dosa\u017eeno charakteristick\u00e9 v\u016fn\u011b monzunov\u00e9 k\u00e1vy. Monzunovac\u00ed proces zahrnuje pe\u010dliv\u00e9 zach\u00e1zen\u00ed, opakovan\u00e9 rozlo\u017een\u00ed, hrab\u00e1n\u00ed a ot\u00e1\u010den\u00ed v pravideln\u00fdch intervalech. Fazole absorbuj\u00ed vlhkost a z\u00edskaj\u00ed v\u00fdrazn\u011b na objemu. Barva se m\u011bn\u00ed na bled\u011b zlatou. Dal\u0161\u00ed mikro t\u0159\u00edd\u011bn\u00ed se prov\u00e1d\u00ed za \u00fa\u010delem odd\u011blov\u00e1n\u00ed pln\u011b monzun\u00edch fazol\u00ed, kter\u00e9 jsou pak ochutn\u00e1v\u00e1ny a schv\u00e1leny mezin\u00e1rodn\u011b uzn\u00e1vanou laborato\u0159\u00ed pro k\u00e1vu v Bangalore. Sv\u011bt pot\u00e9 ochutn\u00e1 ty nejjemn\u011bj\u0161\u00ed monzunov\u00e9 k\u00e1vy. Absolutn\u011b \u010dist\u00e9 a jemn\u00e9.\u00a0<\/p>\n<p><img decoding=\"async\" src=\"https:\/\/www.zelenydrak.cz\/wp-content\/uploads\/2019\/04\/indie-zelenydrak.cz_.jpg\" \/><\/p>\n<h4>V\u00edce o k\u00e1v\u011b:<\/h4>\n<table class=\"table table-bordered\" width=\"594\" border=\"1\" cellspacing=\"1\" cellpadding=\"1\">\n<tbody>\n<tr>\n<td width=\"115\"><strong>Oblast<\/strong><\/td>\n<td width=\"72\">Indie<\/td>\n<\/tr>\n<tr>\n<td><strong>Nadmo\u0159sk\u00e1 v\u00fd\u0161ka<\/strong><\/td>\n<td>1300 m<\/td>\n<\/tr>\n<tr>\n<td><strong>Zpracov\u00e1n\u00ed<\/strong><\/td>\n<td>monzunov\u00fd proces<\/td>\n<\/tr>\n<tr>\n<td><strong>P\u016fda<\/strong><\/td>\n<td>miner\u00e1ln\u00ed hl\u00edna<\/td>\n<\/tr>\n<tr>\n<td><strong>Detail kultivaru<\/strong><\/td>\n<td>Typica<\/td>\n<\/tr>\n<tr>\n<td><strong>St\u00edn strom\u016f<\/strong><\/td>\n<td>Ano<\/td>\n<\/tr>\n<tr>\n<td><strong>Kvalita<\/strong><\/td>\n<td>AA<\/td>\n<\/tr>\n<\/tbody>\n<\/table>\n<h4>Chu\u0165ov\u00fd profil:<\/h4>\n<table class=\"table table-bordered\" width=\"596\" border=\"2\" cellspacing=\"2\" cellpadding=\"2\">\n<tbody>\n<tr>\n<th width=\"100\" scope=\"row\">Stupe\u0148 pra\u017een\u00ed<\/th>\n<td width=\"100\" bgcolor=\"#4B1211\"><\/td>\n<td width=\"100\" bgcolor=\"#4B1211\"><\/td>\n<td width=\"100\"><\/td>\n<td width=\"100\"><\/td>\n<td width=\"100\"><\/td>\n<\/tr>\n<tr>\n<th scope=\"row\">Aroma<\/th>\n<td bgcolor=\"#4B1211\"><\/td>\n<td bgcolor=\"#4B1211\"><\/td>\n<td bgcolor=\"#4B1211\"><\/td>\n<td><\/td>\n<td><\/td>\n<\/tr>\n<tr>\n<th scope=\"row\">Komplexnost<\/th>\n<td bgcolor=\"#4B1211\"><\/td>\n<td><\/td>\n<td><\/td>\n<td><\/td>\n<td><\/td>\n<\/tr>\n<tr>\n<th scope=\"row\">T\u011blo<\/th>\n<td bgcolor=\"#4B1211\"><\/td>\n<td bgcolor=\"#4B1211\"><\/td>\n<td><\/td>\n<td><\/td>\n<td><\/td>\n<\/tr>\n<tr>\n<th scope=\"row\">Charakter<\/th>\n<td bgcolor=\"#4B1211\"><\/td>\n<td bgcolor=\"#4B1211\"><\/td>\n<td bgcolor=\"#4B1211\"><\/td>\n<td bgcolor=\"#4B1211\"><\/td>\n<td><\/td>\n<\/tr>\n<tr>\n<th scope=\"row\">Ovocnost<\/th>\n<td bgcolor=\"#4B1211\"><\/td>\n<td><\/td>\n<td><\/td>\n<td><\/td>\n<td><\/td>\n<\/tr>\n<tr>\n<th scope=\"row\">Vyv\u00e1\u017eenost<\/th>\n<td bgcolor=\"#4B1211\"><\/td>\n<td bgcolor=\"#4B1211\"><\/td>\n<td bgcolor=\"#4B1211\"><\/td>\n<td bgcolor=\"#4B1211\"><\/td>\n<td><\/td>\n<\/tr>\n<tr>\n<th scope=\"row\">Kr\u00e9ma<\/th>\n<td bgcolor=\"#4B1211\"><\/td>\n<td><\/td>\n<td><\/td>\n<td><\/td>\n<td><\/td>\n<\/tr>\n<\/tbody>\n<\/table>\n<p>\u00a0<\/p>\n<p>\u010caj je mi l\u00e1skou, k\u00e1va v\u00e1\u0161n\u00ed<\/p>\n<p>(LEA)<\/p>\n<h4><img decoding=\"async\" src=\"https:\/\/caj-a-kava.cz\/obrazky\/uvod\/dobalouhovani\/kava.jpg\" alt=\"Prodej prav\u00e9 zrnkov\u00e9 k\u00e1vy. P\u0159\u00edprava k\u00e1vy od Zelen\u00fd Drak\"><\/h4>\n","protected":false},"excerpt":{"rendered":"<p>Monzunov\u00e1 k\u00e1va? O co se vlastn\u011b jedn\u00e1? Legenda \u0159\u00edk\u00e1, \u017ee v d\u00e1vn\u00fdch dob\u00e1ch, kdy d\u0159ev\u011bn\u00e9 lod\u011b p\u0159ev\u00e1\u017eely surovou k\u00e1vu z Indie do Evropy, b\u011bhem monzunov\u00e9ho obdob\u00ed trvaj\u00edc\u00edho t\u00e9m\u011b\u0159 6 m\u011bs\u00edc\u016f, a ne\u017e obepluly mys Dobr\u00e9 nad\u011bje, tak k\u00e1vov\u00e1 zrna vystaven\u00e1 konstantn\u00edm vlhkostn\u00edm podm\u00ednk\u00e1m, pro\u0161la charakteristick\u00fdmi zm\u011bnami. K\u00e1vov\u00e9 fazole se zm\u011bnily co do velikosti, struktury, vzhledu a v p\u0159ipraven\u00e9m \u0161\u00e1lku byla takov\u00e1 jemnost, \u017ee si okam\u017eit\u011b upoutala obrovskou pozornost evropan\u016f. Tak jedine\u010dn\u00e1 m\u011bkkost a hladkost t\u011bla k\u00e1vy upoutala i n\u00e1s. Monzunovou k\u00e1vu Aspin Wall lze doporu\u010dit i milovn\u00edk\u016fm k\u00e1vy, kte\u0159\u00ed maj\u00ed probl\u00e9my s k\u00e1vou, kter\u00e1 se vyzna\u010duje vy\u0161\u0161\u00ed kyselost\u00ed. Dobrou chu\u0165.<\/p>\n","protected":false},"featured_media":91741,"comment_status":"open","ping_status":"closed","template":"","meta":[],"product_brand":[],"product_cat":[327],"product_tag":[],"class_list":{"0":"post-91697","1":"product","2":"type-product","3":"status-publish","4":"has-post-thumbnail","6":"product_cat-kava-cista","8":"first","9":"outofstock","10":"product-type-variable","11":"has-default-attributes"},"_links":{"self":[{"href":"https:\/\/zelenydrak.cz\/velkoobchod\/wp-json\/wp\/v2\/product\/91697","targetHints":{"allow":["GET"]}}],"collection":[{"href":"https:\/\/zelenydrak.cz\/velkoobchod\/wp-json\/wp\/v2\/product"}],"about":[{"href":"https:\/\/zelenydrak.cz\/velkoobchod\/wp-json\/wp\/v2\/types\/product"}],"replies":[{"embeddable":true,"href":"https:\/\/zelenydrak.cz\/velkoobchod\/wp-json\/wp\/v2\/comments?post=91697"}],"wp:featuredmedia":[{"embeddable":true,"href":"https:\/\/zelenydrak.cz\/velkoobchod\/wp-json\/wp\/v2\/media\/91741"}],"wp:attachment":[{"href":"https:\/\/zelenydrak.cz\/velkoobchod\/wp-json\/wp\/v2\/media?parent=91697"}],"wp:term":[{"taxonomy":"product_brand","embeddable":true,"href":"https:\/\/zelenydrak.cz\/velkoobchod\/wp-json\/wp\/v2\/product_brand?post=91697"},{"taxonomy":"product_cat","embeddable":true,"href":"https:\/\/zelenydrak.cz\/velkoobchod\/wp-json\/wp\/v2\/product_cat?post=91697"},{"taxonomy":"product_tag","embeddable":true,"href":"https:\/\/zelenydrak.cz\/velkoobchod\/wp-json\/wp\/v2\/product_tag?post=91697"}],"curies":[{"name":"wp","href":"https:\/\/api.w.org\/{rel}","templated":true}]}}