{"id":91696,"date":"2025-03-05T08:08:18","date_gmt":"2025-03-05T08:08:18","guid":{"rendered":"https:\/\/zelenydrak.cz\/velkoobchod\/?post_type=product&#038;p=91696"},"modified":"2025-03-05T08:08:29","modified_gmt":"2025-03-05T08:08:29","slug":"zahrivaci-caj-cerny-caj","status":"publish","type":"product","link":"https:\/\/zelenydrak.cz\/velkoobchod\/produkt\/zahrivaci-caj-cerny-caj\/","title":{"rendered":"ZAH\u0158\u00cdVAC\u00cd \u010cAJ &#8211; \u010dern\u00fd \u010daj"},"content":{"rendered":"<h2>ZAH\u0158\u00cdVAC\u00cd \u010cAJ &#8211; \u010dern\u00fd \u010daj<\/h2>\n<p>Slo\u017een\u00ed: \u010dern\u00fd \u010daj (47 %), kousky jablka, kousky sko\u0159ice, koriandr, aroma, cel\u00fd kardamom, m\u011bs\u00ed\u010dky pomeran\u010de, kuli\u010dky r\u016f\u017eov\u00e9ho pep\u0159e, h\u0159eb\u00ed\u010dek.<\/p>\n<p>Zah\u0159\u00edvac\u00ed \u010daj V\u00e1s ihned po otev\u0159en\u00ed s\u00e1\u010dku nadchne omamuj\u00edc\u00ed v\u016fn\u00ed sko\u0159ice, z\u00e1zvoru a n\u011b\u017en\u00e9 vanilky. Tato v\u016fn\u011b se zn\u00e1sob\u00ed jakmile \u010daj zalijeme horkou vodou a nech\u00e1me vylouhovat. Po t\u0159ech a\u017e p\u011bti minut\u00e1ch louhov\u00e1n\u00ed V\u00e1s \u010daj odm\u011bn\u00ed podmanivou v\u016fn\u00ed a n\u00e1dhernou m\u011bd\u011bno zlato jantarovou barvou n\u00e1levu<\/p>\n<h2><strong>Pos\u00edlen\u00ed imunity a dod\u00e1n\u00ed energie v dob\u011b l\u00e9taj\u00edc\u00edch drak\u016f<\/strong><\/h2>\n<p>Pt\u00e1te se, co maj\u00ed spole\u010dn\u00e9ho draci a \u010daj? P\u0159\u00edchoz\u00ed podzimn\u00ed obdob\u00ed s sebou nese obl\u00edbenou z\u00e1bavu nejen d\u011bt\u00ed ale i dosp\u011bl\u00fdch, a t\u00edm je &#8222;pou\u0161t\u011bn\u00ed drak\u016f&#8220;. V m\u00e9n\u011b \u010di v\u00edce chladn\u00e9m po\u010das\u00ed je pot\u00e9 p\u0159\u00edhodn\u00fdm po\u010dinem zah\u0159\u00e1t se tepl\u00fdm \u010dajov\u00fdm n\u00e1pojem, a neplat\u00ed to jen pro na\u0161e potomky s kter\u00fdmi z\u00e1bavn\u00e9 podzimn\u00ed akce po\u0159\u00e1d\u00e1me.<\/p>\n<p>Dodr\u017eov\u00e1n\u00ed pitn\u00e9ho re\u017eimu je n\u00e1m sice zn\u00e1m\u00e9, ale ka\u017ed\u00fd z n\u00e1s si opravdu dop\u0159ejeme v\u017edy n\u00e1poj, krom\u011b \u010dist\u00e9 pramenit\u00e9 vody, kter\u00fd n\u00e1m pro\u010dist\u00ed a pos\u00edl\u00ed organizmus? Pokud doraz\u00edte dom\u016f nebo na n\u00e1v\u0161t\u011bvu z vlhk\u00e9ho a sychrav\u00e9ho po\u010das\u00ed, jen\u017e je pro podzim velmi typick\u00e9, zapome\u0148te rad\u011bji na pit\u00ed limon\u00e1d nebo jin\u00e9ho chlazen\u00e9ho n\u00e1poje. Doporu\u010den\u00ed pramen\u00ed ji\u017e od na\u0161ich prarodi\u010d\u016f. Za star\u00fdch \u010das\u016f si d\u011bti v\u017edy pohr\u00e1valy venku a\u017e do pozdn\u00edch ve\u010dern\u00edch hodin, rodi\u010de pracovali kolem chalupy, \u010di na ciz\u00edm hospod\u00e1\u0159stv\u00ed a vraceli se dom\u016f za klek\u00e1nice. Babi\u010dky a maminky dob\u0159e znaly, jak\u00e9 posiluj\u00edc\u00ed j\u00eddlo a pit\u00ed, a\u010d mnohdy chud\u00fdch rodin, bylo rozhoduj\u00edc\u00ed pro udr\u017een\u00ed pevn\u00e9ho zdrav\u00ed.<\/p>\n<p>Doma byl v\u017edy nachyst\u00e1n p\u0159\u00edrodn\u00ed <a href=\"https:\/\/zelenydrak.cz\/velkoobchod\">\u010dajov\u00fd<\/a> nebo bylinkov\u00fd n\u00e1poj a i kdy\u017e onehd\u00e1 neexistovala \u017e\u00e1dn\u00e1 informatika po\u010d\u00edta\u010d\u016f a technologi\u00ed, ve\u0161ker\u00e9 roz\u0161\u00ed\u0159en\u00e9 znalosti se p\u0159ed\u00e1vali z generace na generaci. Jednalo se o velmi osv\u011bd\u010den\u00e9 a jednoduchou prax\u00ed prov\u011b\u0159en\u00e9 metody.<\/p>\n<p>Sou\u010dasnost n\u00e1s sice svazuje dogmaty zakotven\u00fdmi v komer\u010dn\u00edch sf\u00e9r\u00e1ch, marketingov\u00fdch boj\u00edch o to, co se na trhu nab\u00edz\u00ed nejlep\u0161\u00edho a co si m\u016f\u017eeme koupit. Ov\u0161em rozumn\u00e9 a svobodn\u00e9 rozhodnut\u00ed, je na ka\u017ed\u00e9m z n\u00e1s. Pro zdrav\u00e9 sebeuspokojen\u00ed si jdeme ven zab\u011bhat, zahr\u00e1t si s d\u011btmi fotbal nebo jak se ji\u017e uvedlo v\u00fd\u0161e: nyn\u00ed na podzim m\u016f\u017eete pou\u0161t\u011bt draka, vyven\u010dit ps\u00edho mil\u00e1\u010dka \u010di se sezn\u00e1mit s novou l\u00e1skou na proch\u00e1zce m\u011bstem nebo v parku. Bu\u010fme aktivn\u00ed a tak\u00e9 svobodn\u00ed ve sv\u00fdch volb\u00e1ch! A pokud chyb\u00ed motivace, sch\u00e1z\u00ed energie, je i docela mo\u017en\u00e9, \u017ee je na \u010dase zm\u011bnit n\u011bkterou slo\u017eku p\u0159\u00edsunu biologicky aktivn\u00edch l\u00e1tek. P\u0159ij\u00edmat v\u00edce antioxidant\u016f a vitam\u00edn\u016f.<\/p>\n<p>Zde nap\u0159\u00edklad m\u00edn\u011bno: oh\u0159\u00e1t si vodu na \u010daj, pokud je to mo\u017en\u00e9 pou\u017e\u00edt tradi\u010dn\u00ed metodu oh\u0159evu, usadit se v klidn\u00e9 poloze a rozhodn\u011b nep\u00edt \u010daj z plastov\u00e9ho poh\u00e1rku.<\/p>\n<p>Kter\u00fd \u010daj je vhodn\u00fd pro podzimn\u00ed \u010dasy a pos\u00edlen\u00ed imunity?<\/p>\n<p>Mezi nejobl\u00edben\u011bj\u0161\u00ed pat\u0159\u00ed <a href=\"\/produkt-kategorie\/caj\/cerny-caj\/\">\u010cERN\u00dd \u010cAJ<\/a>. Jeho zah\u0159\u00edvac\u00ed schopnost je \u00fa\u017easn\u00e1. Konzumace \u010dern\u00e9ho \u010daje m\u00e1 preventivn\u00ed \u00fa\u010dinky proti vzniku n\u011bkter\u00fdch v\u00e1\u017en\u00fdch onemocn\u011bn\u00ed, respira\u010dn\u00edch nemoc\u00ed. \u010cern\u00e9 \u010daje v sob\u011b obsahuj\u00ed toti\u017e jednu unik\u00e1n\u00ed kombinaci p\u0159\u00edrodn\u00edch antioxidant\u016f a spole\u010dn\u011b s vitaminy, miner\u00e1ln\u00edmi l\u00e1tkami, t\u0159\u00edslovinami a dal\u0161\u00edmi biologicky aktivn\u00edmi l\u00e1tkami, maj\u00ed ide\u00e1ln\u00ed propozice ochr\u00e1nit a zah\u0159\u00e1t t\u011blo konzumenta.<\/p>\n<p>D\u016fsledkem je, \u017ee se nemus\u00edme nechat nijak omezovat v \u017e\u00e1dn\u00e9m ro\u010dn\u00edm obdob\u00ed t\u00edm, \u017ee nastalo chladno, za\u010dalo pr\u0161et a je celkov\u011b t\u0159eba nevl\u00eddn\u011b. P\u00ed\u0161eme-li a p\u0159em\u00fd\u0161l\u00edme-li o \u010daji jako o n\u00e1poji na\u0161eho denn\u00edho re\u017eimu, jsme svobodn\u00ed v tom, co si m\u016f\u017eeme dovolit realizovat v na\u0161em voln\u00e9m \u010dase bez ohledu na po\u010das\u00ed.<\/p>\n<p>Na z\u00e1v\u011br nen\u00ed od v\u011bci si p\u0159ipomenout co prav\u00ed lidov\u00e9 l\u00e9\u010ditelstv\u00ed \u010di tradi\u010dn\u00ed bylink\u00e1\u0159stv\u00ed &#8211; proti pr\u016fjmu, p\u0159i nachlazen\u00ed a i p\u0159i ka\u0161li, u\u017e\u00edvejte tepl\u00fd \u010daj, lze u\u017e\u00edvat oslazen\u00fd medem nebo p\u0159\u00edrodn\u00edm sirupem. <\/p>\n<h4>\u010caj je mi l\u00e1skou, k\u00e1va v\u00e1\u0161n\u00ed<\/h4>\n<p>(LEA)<\/p>\n<p><img decoding=\"async\" src=\"https:\/\/caj-a-kava.cz\/obrazky\/uvod\/dobalouhovani\/cerny_caj.jpg\" alt=\"Prodej \u010dern\u00e9ho \u010daje. P\u0159\u00edprava \u010dern\u00e9ho \u010daje od Zelen\u00fd Drak \u010daj a k\u00e1va\" \/><\/p>\n","protected":false},"excerpt":{"rendered":"<p><p><img loading=\"lazy\" decoding=\"async\" class=\"size-full wp-image-2970 alignleft\" src=\"https:\/\/zelenydrak.cz\/wp-content\/uploads\/2024\/08\/konvice-caj.png\" alt=\"\" width=\"48\" height=\"48\" \/>   V\u016fn\u011b a chu\u0165: smetana a karamel Navzdory tomu, \u017ee tento \u010daj\u00edk obsahuje orient\u00e1ln\u00ed ko\u0159en\u00ed chutn\u00e1 lahodn\u011b karamelov\u011b. \u010caj je stvo\u0159en pro p\u0159id\u00e1n\u00ed ml\u00e9ka, d\u00edky kter\u00e9mu vznikne chu\u0165 p\u0159ipom\u00ednaj\u00edc\u00ed D\u00e1tu masalu. Ov\u0161em chu\u0165 je opravdu tak n\u011bjak lahodn\u011bj\u0161\u00ed ne\u017e u D\u00e1ty masaly. V\u00edce jsme si ji mohli u\u017e\u00edt. Obsa\u017een\u00e9 kvalitn\u00ed ko\u0159en\u00ed dod\u00e1v\u00e1 t\u011blu \u017e\u00e1r, d\u00edky kter\u00e9mu jsme chr\u00e1n\u011bni p\u0159ed nep\u0159\u00edzniv\u00e9mu po\u010das\u00ed. N\u011bkdy se tak\u00e9 tomuto \u010daj\u00edku \u0159\u00edk\u00e1 Goa chai. Je to pr\u00e1v\u011b d\u00edky jeho ko\u0159en\u00ed (obl\u00edben\u00e9m v indick\u00e9m m\u011bst\u011b Goa) a mo\u017enosti jej p\u0159ipravovat i jako masalu. U\u017eijte si tento \u010daj, a\u0165 u\u017e s ml\u00e9kem nebo \u010dist\u011b vyluhovan\u00fd. P\u0159ejeme dobrou chu\u0165.<\/p>\n","protected":false},"featured_media":91738,"comment_status":"open","ping_status":"closed","template":"","meta":[],"product_brand":[],"product_cat":[319,370],"product_tag":[],"class_list":{"0":"post-91696","1":"product","2":"type-product","3":"status-publish","4":"has-post-thumbnail","6":"product_cat-cerny-caj-ochuceny","7":"product_cat-mikulas-vanoce","9":"first","10":"outofstock","11":"product-type-variable","12":"has-default-attributes"},"_links":{"self":[{"href":"https:\/\/zelenydrak.cz\/velkoobchod\/wp-json\/wp\/v2\/product\/91696","targetHints":{"allow":["GET"]}}],"collection":[{"href":"https:\/\/zelenydrak.cz\/velkoobchod\/wp-json\/wp\/v2\/product"}],"about":[{"href":"https:\/\/zelenydrak.cz\/velkoobchod\/wp-json\/wp\/v2\/types\/product"}],"replies":[{"embeddable":true,"href":"https:\/\/zelenydrak.cz\/velkoobchod\/wp-json\/wp\/v2\/comments?post=91696"}],"wp:featuredmedia":[{"embeddable":true,"href":"https:\/\/zelenydrak.cz\/velkoobchod\/wp-json\/wp\/v2\/media\/91738"}],"wp:attachment":[{"href":"https:\/\/zelenydrak.cz\/velkoobchod\/wp-json\/wp\/v2\/media?parent=91696"}],"wp:term":[{"taxonomy":"product_brand","embeddable":true,"href":"https:\/\/zelenydrak.cz\/velkoobchod\/wp-json\/wp\/v2\/product_brand?post=91696"},{"taxonomy":"product_cat","embeddable":true,"href":"https:\/\/zelenydrak.cz\/velkoobchod\/wp-json\/wp\/v2\/product_cat?post=91696"},{"taxonomy":"product_tag","embeddable":true,"href":"https:\/\/zelenydrak.cz\/velkoobchod\/wp-json\/wp\/v2\/product_tag?post=91696"}],"curies":[{"name":"wp","href":"https:\/\/api.w.org\/{rel}","templated":true}]}}