{"id":91695,"date":"2025-03-05T08:08:18","date_gmt":"2025-03-05T08:08:18","guid":{"rendered":"https:\/\/zelenydrak.cz\/velkoobchod\/?post_type=product&#038;p=91695"},"modified":"2025-03-05T08:08:28","modified_gmt":"2025-03-05T08:08:28","slug":"milky-way-cerny-caj","status":"publish","type":"product","link":"https:\/\/zelenydrak.cz\/velkoobchod\/produkt\/milky-way-cerny-caj\/","title":{"rendered":"MILKY WAY &#8211; \u010dern\u00fd \u010daj"},"content":{"rendered":"<h2>MILKY WAY &#8211; \u010dern\u00fd \u010daj<\/h2>\n<p>Slo\u017een\u00ed: \u010dern\u00fd \u010daj (81%), karamelov\u00e9 kousky (7%) (KONDENZOVAN\u00c9 ML\u00c9KO, cukr, gluk\u00f3zov\u00fd sirup, ML\u00c9\u010cN\u00dd tuk, sorbitolov\u00fd sirup, mono- a diglyceridy mastn\u00fdch kyselin), jogurtov\u00e9 kousky (7%) (gluk\u00f3zov\u00fd sirup, JOGURT Z ODST\u0158ED\u011aN\u00c9HO ML\u00c9KA, cukr, kyselina citronov\u00e1), p\u0159\u00edchu\u0165. <\/p>\n<p> Milky WayV\u00e1s ihned po otev\u0159en\u00ed s\u00e1\u010dku nadchne omamuj\u00edc\u00ed v\u016fn\u00ed karamelu. Tato v\u016fn\u011b se zn\u00e1sob\u00ed jakmile \u010daj zalijeme horkou vodou a nech\u00e1me vylouhovat. Po t\u0159ech a\u017e p\u011bti minut\u00e1ch louhov\u00e1n\u00ed V\u00e1s \u010daj odm\u011bn\u00ed podmanivou v\u016fn\u00ed a n\u00e1dhernou m\u011bd\u011bno zlato jantarovou barvou n\u00e1levu.<\/p>\n<h4>\u010caj je mi l\u00e1skou, k\u00e1va v\u00e1\u0161n\u00ed<\/h4>\n<p>(LEA)<\/p>\n<p><p><img decoding=\"async\" src=\"https:\/\/caj-a-kava.cz\/obrazky\/uvod\/dobalouhovani\/cerny_caj.jpg\" alt=\"Prodej \u010dern\u00e9ho \u010daje. P\u0159\u00edprava \u010dern\u00e9ho \u010daje od Zelen\u00fd Drak \u010daj a k\u00e1va\" \/><\/p>\n","protected":false},"excerpt":{"rendered":"<p><p><img loading=\"lazy\" decoding=\"async\" class=\"size-full wp-image-2970 alignleft\" src=\"https:\/\/zelenydrak.cz\/wp-content\/uploads\/2024\/08\/konvice-caj.png\" alt=\"\" width=\"48\" height=\"48\" \/>   V\u016fn\u011b a chu\u0165: karamel a jogurt Tak jako je ml\u00e9\u010dn\u00e1 dr\u00e1ha pln\u00e1 hv\u011bzd, tak je tento \u010daj pln\u00fd kousk\u016f karamelu. \u010cern\u00fd \u010daj s karamelem je toti\u017e v\u017edy m\u0148amka. Aby chut\u00ed u\u010dinil za dost, doplnili jsme jej je\u0161t\u011b kousky jogurtu a pochoutka je na sv\u011bt\u011b. Vznikne lahodn\u011b nasl\u00e1dl\u00fd \u010daj, kter\u00fd nen\u00ed t\u0159eba doslazovat. <\/p>\n","protected":false},"featured_media":91735,"comment_status":"open","ping_status":"closed","template":"","meta":[],"product_brand":[],"product_cat":[319],"product_tag":[],"class_list":{"0":"post-91695","1":"product","2":"type-product","3":"status-publish","4":"has-post-thumbnail","6":"product_cat-cerny-caj-ochuceny","8":"first","9":"outofstock","10":"product-type-variable","11":"has-default-attributes"},"_links":{"self":[{"href":"https:\/\/zelenydrak.cz\/velkoobchod\/wp-json\/wp\/v2\/product\/91695","targetHints":{"allow":["GET"]}}],"collection":[{"href":"https:\/\/zelenydrak.cz\/velkoobchod\/wp-json\/wp\/v2\/product"}],"about":[{"href":"https:\/\/zelenydrak.cz\/velkoobchod\/wp-json\/wp\/v2\/types\/product"}],"replies":[{"embeddable":true,"href":"https:\/\/zelenydrak.cz\/velkoobchod\/wp-json\/wp\/v2\/comments?post=91695"}],"wp:featuredmedia":[{"embeddable":true,"href":"https:\/\/zelenydrak.cz\/velkoobchod\/wp-json\/wp\/v2\/media\/91735"}],"wp:attachment":[{"href":"https:\/\/zelenydrak.cz\/velkoobchod\/wp-json\/wp\/v2\/media?parent=91695"}],"wp:term":[{"taxonomy":"product_brand","embeddable":true,"href":"https:\/\/zelenydrak.cz\/velkoobchod\/wp-json\/wp\/v2\/product_brand?post=91695"},{"taxonomy":"product_cat","embeddable":true,"href":"https:\/\/zelenydrak.cz\/velkoobchod\/wp-json\/wp\/v2\/product_cat?post=91695"},{"taxonomy":"product_tag","embeddable":true,"href":"https:\/\/zelenydrak.cz\/velkoobchod\/wp-json\/wp\/v2\/product_tag?post=91695"}],"curies":[{"name":"wp","href":"https:\/\/api.w.org\/{rel}","templated":true}]}}