{"id":91694,"date":"2025-03-05T08:08:18","date_gmt":"2025-03-05T08:08:18","guid":{"rendered":"https:\/\/zelenydrak.cz\/velkoobchod\/?post_type=product&#038;p=91694"},"modified":"2025-03-05T08:08:28","modified_gmt":"2025-03-05T08:08:28","slug":"vanocni-caj-a-kava-pro-firmy","status":"publish","type":"product","link":"https:\/\/zelenydrak.cz\/velkoobchod\/produkt\/vanocni-caj-a-kava-pro-firmy\/","title":{"rendered":"V\u00c1NO\u010cN\u00cd \u010cAJ A K\u00c1VA PRO FIRMY"},"content":{"rendered":"","protected":false},"excerpt":{"rendered":"<h1><span style=\"color: #97aa23;\"><strong>Vytvo\u0159\u00edme pro Va\u0161e zam\u011bstnance, obchodn\u00ed partnery nebo kolegy v\u00e1no\u010dn\u00ed balen\u00ed \u010daj\u016f a k\u00e1vy.<\/strong><\/span><\/h1>\n<h2><strong><span style=\"color: #97aa23;\">Motiv:<\/span><\/strong><\/h2>\n<p><strong>dle domluvy na tel.: 608678888 nebo eMail.: info@zelenydrak.cz<\/strong><\/p>\n<h2><strong><span style=\"color: #97aa23;\">Text:<\/span>\u00a0<strong><\/strong><\/strong><\/h2>\n<p><strong>dle domluvy na tel.: 608678888 nebo eMail.: info@zelenydrak.cz<\/strong><\/p>\n<\/p>\n<h2><strong><span style=\"color: #97aa23;\">Hmotnost balen\u00ed:<\/span>\u00a0<\/strong><\/h2>\n<h2><strong>min. 40g<strong><\/strong><\/strong><\/h2>\n<p><strong>ostatn\u00ed gram\u00e1\u017e dle\u00a0domluvy na tel.: 608678888 nebo eMail.: info@zelenydrak.cz<\/strong><\/p>\n","protected":false},"featured_media":91715,"comment_status":"open","ping_status":"closed","template":"","meta":[],"product_brand":[],"product_cat":[370],"product_tag":[],"class_list":{"0":"post-91694","1":"product","2":"type-product","3":"status-publish","4":"has-post-thumbnail","6":"product_cat-mikulas-vanoce","8":"first","9":"instock","10":"product-type-variable"},"_links":{"self":[{"href":"https:\/\/zelenydrak.cz\/velkoobchod\/wp-json\/wp\/v2\/product\/91694","targetHints":{"allow":["GET"]}}],"collection":[{"href":"https:\/\/zelenydrak.cz\/velkoobchod\/wp-json\/wp\/v2\/product"}],"about":[{"href":"https:\/\/zelenydrak.cz\/velkoobchod\/wp-json\/wp\/v2\/types\/product"}],"replies":[{"embeddable":true,"href":"https:\/\/zelenydrak.cz\/velkoobchod\/wp-json\/wp\/v2\/comments?post=91694"}],"wp:featuredmedia":[{"embeddable":true,"href":"https:\/\/zelenydrak.cz\/velkoobchod\/wp-json\/wp\/v2\/media\/91715"}],"wp:attachment":[{"href":"https:\/\/zelenydrak.cz\/velkoobchod\/wp-json\/wp\/v2\/media?parent=91694"}],"wp:term":[{"taxonomy":"product_brand","embeddable":true,"href":"https:\/\/zelenydrak.cz\/velkoobchod\/wp-json\/wp\/v2\/product_brand?post=91694"},{"taxonomy":"product_cat","embeddable":true,"href":"https:\/\/zelenydrak.cz\/velkoobchod\/wp-json\/wp\/v2\/product_cat?post=91694"},{"taxonomy":"product_tag","embeddable":true,"href":"https:\/\/zelenydrak.cz\/velkoobchod\/wp-json\/wp\/v2\/product_tag?post=91694"}],"curies":[{"name":"wp","href":"https:\/\/api.w.org\/{rel}","templated":true}]}}