{"id":91693,"date":"2025-03-05T08:08:18","date_gmt":"2025-03-05T08:08:18","guid":{"rendered":"https:\/\/zelenydrak.cz\/velkoobchod\/?post_type=product&#038;p=91693"},"modified":"2025-03-05T08:08:25","modified_gmt":"2025-03-05T08:08:25","slug":"darjeeling-ftgfop-1-lucky-hill-pravy-cerny-caj-z-indickych-hor","status":"publish","type":"product","link":"https:\/\/zelenydrak.cz\/velkoobchod\/produkt\/darjeeling-ftgfop-1-lucky-hill-pravy-cerny-caj-z-indickych-hor\/","title":{"rendered":"DARJEELING FTGFOP 1 LUCKY HILL &#8211; prav\u00fd \u010dern\u00fd \u010daj z indick\u00fdch hor"},"content":{"rendered":"<h2>EARL GREY DELUX \u2013 KRVAV\u00dd POMERAN\u010c &#038; MANDARINKA &#8211; \u010dern\u00fd \u010daj<\/h2>\n<p>Slo\u017een\u00ed: \u010dern\u00fd \u010daj Ceylon, ji\u017en\u00ed Indie, \u010c\u00edna, p\u0159\u00edrodn\u00ed aroma, pomern\u010dov\u00e9 kousky (3%), bergamot, kousky mandarinky (2%). <\/p>\n<p> Vhodn\u00fd jako ledov\u00fd \u010daj s t\u0159tinov\u00fdm cukrem, pl\u00e1tkem limetky a kousky ledu.<\/p>\n<p><h2><img decoding=\"async\" src=\"https:\/\/caj-a-kava.cz\/obrazky\/uvod\/dobalouhovani\/cerny_caj.jpg\" alt=\"Prodej \u010dern\u00e9ho \u010daje. P\u0159\u00edprava \u010daje od Zelen\u00fd Drak \u010daj a k\u00e1va\" \/>\u00a0<\/h2>\n","protected":false},"excerpt":{"rendered":"<p><img loading=\"lazy\" decoding=\"async\" class=\"size-full wp-image-2970 alignleft\" src=\"https:\/\/zelenydrak.cz\/wp-content\/uploads\/2024\/08\/konvice-caj.png\" alt=\"\" width=\"48\" height=\"48\" \/>   V\u016fn\u011b a chu\u0165: velmi lahodn\u00fd \u010daj s chut\u00ed krvav\u00e9ho pomeran\u010de a mandarinky a to v\u0161e s prav\u00fdm bergamotov\u00fdm olejem. Jak zn\u00e1mo, je anglick\u00fd \u010daj Earl Grey (\u0160ed\u00fd lord) v\u017edy ochucen pouze bergamotovou silic\u00ed. My jsme \u0161li je\u0161t\u011b o kousek d\u00e1l a doplnili jsme jej ovocem a prav\u00fdm bergamotov\u00fdm olejem.<\/p>\n","protected":false},"featured_media":91712,"comment_status":"open","ping_status":"closed","template":"","meta":[],"product_brand":[],"product_cat":[292],"product_tag":[],"class_list":{"0":"post-91693","1":"product","2":"type-product","3":"status-publish","4":"has-post-thumbnail","6":"product_cat-cerny-caj-cisty","8":"first","9":"outofstock","10":"product-type-variable","11":"has-default-attributes"},"_links":{"self":[{"href":"https:\/\/zelenydrak.cz\/velkoobchod\/wp-json\/wp\/v2\/product\/91693","targetHints":{"allow":["GET"]}}],"collection":[{"href":"https:\/\/zelenydrak.cz\/velkoobchod\/wp-json\/wp\/v2\/product"}],"about":[{"href":"https:\/\/zelenydrak.cz\/velkoobchod\/wp-json\/wp\/v2\/types\/product"}],"replies":[{"embeddable":true,"href":"https:\/\/zelenydrak.cz\/velkoobchod\/wp-json\/wp\/v2\/comments?post=91693"}],"wp:featuredmedia":[{"embeddable":true,"href":"https:\/\/zelenydrak.cz\/velkoobchod\/wp-json\/wp\/v2\/media\/91712"}],"wp:attachment":[{"href":"https:\/\/zelenydrak.cz\/velkoobchod\/wp-json\/wp\/v2\/media?parent=91693"}],"wp:term":[{"taxonomy":"product_brand","embeddable":true,"href":"https:\/\/zelenydrak.cz\/velkoobchod\/wp-json\/wp\/v2\/product_brand?post=91693"},{"taxonomy":"product_cat","embeddable":true,"href":"https:\/\/zelenydrak.cz\/velkoobchod\/wp-json\/wp\/v2\/product_cat?post=91693"},{"taxonomy":"product_tag","embeddable":true,"href":"https:\/\/zelenydrak.cz\/velkoobchod\/wp-json\/wp\/v2\/product_tag?post=91693"}],"curies":[{"name":"wp","href":"https:\/\/api.w.org\/{rel}","templated":true}]}}