{"id":91692,"date":"2025-03-05T08:08:17","date_gmt":"2025-03-05T08:08:17","guid":{"rendered":"https:\/\/zelenydrak.cz\/velkoobchod\/?post_type=product&#038;p=91692"},"modified":"2025-03-05T08:08:23","modified_gmt":"2025-03-05T08:08:23","slug":"south-india-op-karakundah-bio-pravy-cerny-sypany-caj","status":"publish","type":"product","link":"https:\/\/zelenydrak.cz\/velkoobchod\/produkt\/south-india-op-karakundah-bio-pravy-cerny-sypany-caj\/","title":{"rendered":"SOUTH INDIA OP KARAKUNDAH BIO &#8211; prav\u00fd \u010dern\u00fd sypan\u00fd \u010daj"},"content":{"rendered":"<h2>SOUTH INDIA OP KARAKUNDAH BIO &#8211; prav\u00fd \u010dern\u00fd sypan\u00fd \u010daj<\/h2>\n<p>Slo\u017een\u00ed: prav\u00fd \u010dern\u00fd \u010daj 100% excelentn\u00ed kvality.<\/p>\n<p> KARAKUNDAH BIO  V\u00e1s ihned po otev\u0159en\u00ed s\u00e1\u010dku nadchne vysoce aromatickou v\u016fn\u00ed s ovocn\u00fdmi t\u00f3ny. Tato v\u016fn\u011b se zn\u00e1sob\u00ed jakmile \u010daj zalijeme horkou vodou a nech\u00e1me vylouhovat. Po t\u0159ech a\u017e p\u011bti minut\u00e1ch louhov\u00e1n\u00ed V\u00e1s \u010daj odm\u011bn\u00ed podmanivou v\u016fn\u00ed a atraktivn\u00ed  \u010dervenou zlatou barvou n\u00e1levu. <\/p>\n<p> O KARAKUNDAH BIO <\/p>\n<p>  Karakundah je vysoce aromatick\u00fd \u010dern\u00fd \u010daj s \u010derveno-zlatou barvou n\u00e1levu. Tento chu\u0165ov\u011b kyselej\u0161\u00ed \u010daj poch\u00e1z\u00ed z provincie Nilgiris v ji\u017en\u00ed Indii ze zahrady Karakundah. Zahrada Karakundah je velmi vz\u00e1cn\u00e1 \u010dajov\u00e1 Bio zahrada. Produkuje \u010daj, kter\u00fd se sb\u00edr\u00e1 na jedn\u011bch z nejvy\u0161\u0161\u00edch \u010dajov\u00fdch strom\u016f na sv\u011bt\u011b, co\u017e \u010din\u00ed z tohoto \u010daje opravdovou raritu! Pravdou je, \u017ee v nadmo\u0159sk\u00e9 v\u00fd\u0161ce 2500 metr\u016f, mezi lesy a p\u00e1sem modr\u00fdch hor tyto \u010dajov\u00e9 rostliny nikdy nepoznaly stopy jak\u00e9hokoli zne\u010di\u0161t\u011bn\u00ed. Je proto logick\u00e9, \u017ee se tato oblast stala velmi slavnou a produkuj\u00edc\u00ed opravdu 100% indick\u00fd bio \u010daj. \u010cajov\u00e9 rostliny jsou vysok\u00e9 d\u00edky p\u0159\u00edrodn\u00edmu zp\u016fsobu p\u011bstov\u00e1n\u00ed, kter\u00fd je v souladu s evropsk\u00fdmi normami ekologick\u00e9ho zem\u011bd\u011blstv\u00ed. \u010caj tedy poch\u00e1z\u00ed z kontrolovan\u00e9ho ekologick\u00e9ho zem\u011bd\u011blstv\u00ed.<\/p>\n<p>\u010caj je mi l\u00e1skou, k\u00e1va v\u00e1\u0161n\u00ed<\/p>\n<p>(LEA)<\/p>\n<p><img decoding=\"async\" src=\"https:\/\/caj-a-kava.cz\/obrazky\/uvod\/dobalouhovani\/cerny_caj.jpg\" alt=\"Prodej \u010dern\u00e9ho \u010daje. P\u0159\u00edprava \u010dern\u00e9ho \u010daje od Zelen\u00fd Drak \u010daj a k\u00e1va\" \/><\/p>\n","protected":false},"excerpt":{"rendered":"<p><img loading=\"lazy\" decoding=\"async\" class=\"size-full wp-image-2970 alignleft\" src=\"https:\/\/zelenydrak.cz\/wp-content\/uploads\/2024\/08\/konvice-caj.png\" alt=\"\" width=\"48\" height=\"48\" \/>   V\u016fn\u011b a chu\u0165:m\u00edrn\u00e1 aromatick\u00e1 chu\u0165 s t\u00f3ny ovoce.  Zahrada Karakundah je velmi vz\u00e1cn\u00e1 \u010dajov\u00e1 Bio zahrada. Produkuje \u010daj, kter\u00fd se sb\u00edr\u00e1 na jedn\u011bch z nejvy\u0161\u0161\u00edch \u010dajov\u00fdch strom\u016f na sv\u011bt\u011b, co\u017e \u010din\u00ed z tohoto \u010daje opravdovou raritu! Pravdou je, \u017ee v nadmo\u0159sk\u00e9 v\u00fd\u0161ce 2500 metr\u016f, mezi lesy a p\u00e1sem modr\u00fdch hor tyto \u010dajov\u00e9 rostliny nikdy nepoznaly stopy jak\u00e9hokoli zne\u010di\u0161t\u011bn\u00ed. Dobrou chu\u0165.<\/p>\n","protected":false},"featured_media":91709,"comment_status":"open","ping_status":"closed","template":"","meta":[],"product_brand":[],"product_cat":[292,318],"product_tag":[],"class_list":{"0":"post-91692","1":"product","2":"type-product","3":"status-publish","4":"has-post-thumbnail","6":"product_cat-cerny-caj-cisty","7":"product_cat-cerny-caj-cisty-bio","9":"first","10":"outofstock","11":"product-type-variable","12":"has-default-attributes"},"_links":{"self":[{"href":"https:\/\/zelenydrak.cz\/velkoobchod\/wp-json\/wp\/v2\/product\/91692","targetHints":{"allow":["GET"]}}],"collection":[{"href":"https:\/\/zelenydrak.cz\/velkoobchod\/wp-json\/wp\/v2\/product"}],"about":[{"href":"https:\/\/zelenydrak.cz\/velkoobchod\/wp-json\/wp\/v2\/types\/product"}],"replies":[{"embeddable":true,"href":"https:\/\/zelenydrak.cz\/velkoobchod\/wp-json\/wp\/v2\/comments?post=91692"}],"wp:featuredmedia":[{"embeddable":true,"href":"https:\/\/zelenydrak.cz\/velkoobchod\/wp-json\/wp\/v2\/media\/91709"}],"wp:attachment":[{"href":"https:\/\/zelenydrak.cz\/velkoobchod\/wp-json\/wp\/v2\/media?parent=91692"}],"wp:term":[{"taxonomy":"product_brand","embeddable":true,"href":"https:\/\/zelenydrak.cz\/velkoobchod\/wp-json\/wp\/v2\/product_brand?post=91692"},{"taxonomy":"product_cat","embeddable":true,"href":"https:\/\/zelenydrak.cz\/velkoobchod\/wp-json\/wp\/v2\/product_cat?post=91692"},{"taxonomy":"product_tag","embeddable":true,"href":"https:\/\/zelenydrak.cz\/velkoobchod\/wp-json\/wp\/v2\/product_tag?post=91692"}],"curies":[{"name":"wp","href":"https:\/\/api.w.org\/{rel}","templated":true}]}}