{"id":91691,"date":"2025-03-05T08:08:17","date_gmt":"2025-03-05T08:08:17","guid":{"rendered":"https:\/\/zelenydrak.cz\/velkoobchod\/?post_type=product&#038;p=91691"},"modified":"2025-03-05T08:08:20","modified_gmt":"2025-03-05T08:08:20","slug":"russian-blend-pravy-cerny-sypany-caj","status":"publish","type":"product","link":"https:\/\/zelenydrak.cz\/velkoobchod\/produkt\/russian-blend-pravy-cerny-sypany-caj\/","title":{"rendered":"RUSSIAN BLEND &#8211; prav\u00fd \u010dern\u00fd sypan\u00fd \u010daj"},"content":{"rendered":"<h2>RUSSIAN BLEND &#8211; prav\u00fd \u010dern\u00fd sypan\u00fd \u010daj<\/h2>\n<p>Slo\u017een\u00ed: prav\u00fd \u010dern\u00fd \u010daj 100%. Sm\u011bs \u010daj\u016f excelentn\u00ed kvality.<\/p>\n<p> Rusk\u00fd \u010daj V\u00e1s ihned po otev\u0159en\u00ed s\u00e1\u010dku nadchne m\u00edrnou aromatickou v\u016fn\u00ed s ovocn\u00fdmi t\u00f3ny. Tato v\u016fn\u011b se zn\u00e1sob\u00ed jakmile \u010daj zalijeme horkou vodou a nech\u00e1me vylouhovat. Po t\u0159ech a\u017e p\u011bti minut\u00e1ch louhov\u00e1n\u00ed V\u00e1s \u010daj odm\u011bn\u00ed podmanivou v\u016fn\u00ed a atraktivn\u00ed tmav\u011b \u010dervenou barvou n\u00e1levu. <\/p>\n<p> O rusk\u00e9m \u010daji<\/p>\n<p>  Rusk\u00fd \u010daj d\u00e1v\u00e1 m\u00edrnou aromatickou chu\u0165 a je vhodn\u00fd k p\u0159\u00edprav\u011b tradi\u010dn\u00edho rusk\u00e9ho n\u00e1poje. K p\u0159\u00edprav\u011b je mo\u017en\u00e9 vyu\u017e\u00edt samovar a \u010daj dochutit dle libosti marmel\u00e1dou. Rusov\u00e9 \u010daj v\u00e1\u017en\u011b miluj\u00ed.\u00a0Mezi ruskou kulturou pit\u00ed \u010daje a kulturami jin\u00fdch n\u00e1rod\u016f miluj\u00edc\u00edch \u010daj, jako je Velk\u00e1 Brit\u00e1nie nebo Irsko, existuj\u00ed ur\u010dit\u00e9 podobnosti a\u017e na to, \u017ee v Rusku m\u00e1 pit\u00ed \u010daje odu\u0161evn\u011bn\u011bj\u0161\u00ed podobu. \u010caj se v 17. stolet\u00ed choval jako aristokratick\u00fd n\u00e1poj a nad\u00e1le symbolizoval pohostinnost, pohodl\u00ed, p\u0159\u00edle\u017eitost k diskusi a relaxaci.<\/p>\n<p><img decoding=\"async\" src=\"https:\/\/caj-a-kava.cz\/obrazky\/uvod\/dobalouhovani\/cerny_caj.jpg\" alt=\"Prodej \u010dern\u00e9ho \u010daje. P\u0159\u00edprava \u010dern\u00e9ho \u010daje od Zelen\u00fd Drak \u010daj a k\u00e1va\" \/><\/p>\n","protected":false},"excerpt":{"rendered":"<p><img loading=\"lazy\" decoding=\"async\" class=\"size-full wp-image-2970 alignleft\" src=\"https:\/\/zelenydrak.cz\/wp-content\/uploads\/2024\/08\/konvice-caj.png\" alt=\"\" width=\"48\" height=\"48\" \/>   V\u016fn\u011b a chu\u0165:m\u00edrn\u00e1 aromatick\u00e1 chu\u0165 s t\u00f3ny ovoce.  Pod\u00e1vat v rusku tzv. Nah\u00fd \u010daj je pova\u017eov\u00e1no za spole\u010densk\u00e9 faux-pas. Podle rusk\u00e9ho kulin\u00e1\u0159sk\u00e9ho historika Williama Pokhlyobkina se \u010daj v Rusku nepova\u017euje za nez\u00e1visl\u00fd n\u00e1poj a proto jej mus\u00ed zdobit \u0159ada ob\u010derstven\u00ed. Nejobl\u00edben\u011bj\u0161\u00edmi pochutiny jsou su\u0161enky (obvykle pern\u00edk nebo baranki ), \u010dokol\u00e1dy nebo oplatky.<\/p>\n","protected":false},"featured_media":91706,"comment_status":"open","ping_status":"closed","template":"","meta":[],"product_brand":[],"product_cat":[292],"product_tag":[],"class_list":{"0":"post-91691","1":"product","2":"type-product","3":"status-publish","4":"has-post-thumbnail","6":"product_cat-cerny-caj-cisty","8":"first","9":"outofstock","10":"product-type-variable","11":"has-default-attributes"},"_links":{"self":[{"href":"https:\/\/zelenydrak.cz\/velkoobchod\/wp-json\/wp\/v2\/product\/91691","targetHints":{"allow":["GET"]}}],"collection":[{"href":"https:\/\/zelenydrak.cz\/velkoobchod\/wp-json\/wp\/v2\/product"}],"about":[{"href":"https:\/\/zelenydrak.cz\/velkoobchod\/wp-json\/wp\/v2\/types\/product"}],"replies":[{"embeddable":true,"href":"https:\/\/zelenydrak.cz\/velkoobchod\/wp-json\/wp\/v2\/comments?post=91691"}],"wp:featuredmedia":[{"embeddable":true,"href":"https:\/\/zelenydrak.cz\/velkoobchod\/wp-json\/wp\/v2\/media\/91706"}],"wp:attachment":[{"href":"https:\/\/zelenydrak.cz\/velkoobchod\/wp-json\/wp\/v2\/media?parent=91691"}],"wp:term":[{"taxonomy":"product_brand","embeddable":true,"href":"https:\/\/zelenydrak.cz\/velkoobchod\/wp-json\/wp\/v2\/product_brand?post=91691"},{"taxonomy":"product_cat","embeddable":true,"href":"https:\/\/zelenydrak.cz\/velkoobchod\/wp-json\/wp\/v2\/product_cat?post=91691"},{"taxonomy":"product_tag","embeddable":true,"href":"https:\/\/zelenydrak.cz\/velkoobchod\/wp-json\/wp\/v2\/product_tag?post=91691"}],"curies":[{"name":"wp","href":"https:\/\/api.w.org\/{rel}","templated":true}]}}