{"id":91688,"date":"2025-03-05T08:08:16","date_gmt":"2025-03-05T08:08:16","guid":{"rendered":"https:\/\/zelenydrak.cz\/velkoobchod\/produkt\/bila-plaz-bio-zeleny-ochuceny-caj\/"},"modified":"2025-03-05T08:08:33","modified_gmt":"2025-03-05T08:08:33","slug":"bila-plaz-bio-zeleny-ochuceny-caj","status":"publish","type":"product","link":"https:\/\/zelenydrak.cz\/velkoobchod\/produkt\/bila-plaz-bio-zeleny-ochuceny-caj\/","title":{"rendered":"B\u00cdL\u00c1 PL\u00c1\u017d BIO &#8211; zelen\u00fd ochucen\u00fd \u010daj"},"content":{"rendered":"<h2>B\u00cdL\u00c1 PL\u00c1\u017d BIO &#8211; zelen\u00fd ochucen\u00fd \u010daj<\/h2>\n<p>Slo\u017een\u00ed: zelen\u00fd \u010daj \u010c\u00edna Sencha (min. 50%) *, zelen\u00fd \u010daj Darjeeling OP *, mrkev *, p\u0159\u00edrodn\u00ed aroma, \u010derven\u00e1 \u0159epa *, bylinka kontryhel *, \u017elut\u00e9 kv\u011bty m\u011bs\u00ed\u010dku l\u00e9ka\u0159sk\u00e9ho *, kousky malin *, b\u00edl\u00fd \u010daj China White Dragon Silverneedle (min.20%) *, kousky jahod *. * ozna\u010den\u00e9 p\u0159\u00edsady poch\u00e1z\u00ed z kontrolovan\u00e9ho ekologick\u00e9ho zem\u011bd\u011blstv\u00ed. <\/p>\n<p><h2><img decoding=\"async\" src=\"https:\/\/caj-a-kava.cz\/obrazky\/uvod\/dobalouhovani\/zeleny_caj_ochuceny.jpg\" alt=\"Prodej zelen\u00e9ho, sypan\u00e9ho \u010daje. P\u0159\u00edprava \u010daje od Zelen\u00fd Drak \u010daj a k\u00e1va\" \/>\u00a0<\/h2>\n","protected":false},"excerpt":{"rendered":"<p><img loading=\"lazy\" decoding=\"async\" class=\"size-full wp-image-2970 alignleft\" src=\"https:\/\/zelenydrak.cz\/wp-content\/uploads\/2024\/08\/konvice-caj.png\" alt=\"\" width=\"48\" height=\"48\" \/>   V\u016fn\u011b a chu\u0165: jahoda, malina a broskev. P\u0159i pit\u00ed b\u00edl\u00e9 pl\u00e1\u017ee jsme se c\u00edtili jako na p\u0159ekr\u00e1sn\u00e9 pl\u00e1\u017ei. Tento pocit umoc\u0148oval fakt, \u017ee \u010daj\u00edk je v BIO kvalit\u011b a je dopln\u011bn o b\u00edl\u00fd u\u0161lechtil\u00fd \u010daj. Prost\u011b jahoda, malina a broskev je nep\u0159ekonateln\u00e1 kombinace.<\/p>\n","protected":false},"featured_media":91687,"comment_status":"open","ping_status":"closed","template":"","meta":[],"product_brand":[],"product_cat":[297,364],"product_tag":[],"class_list":{"0":"post-91688","1":"product","2":"type-product","3":"status-publish","4":"has-post-thumbnail","6":"product_cat-zeleny-caj-ochuceny","7":"product_cat-zeleny-caj-ochuceny-bio","9":"first","10":"instock","11":"product-type-variable","12":"has-default-attributes"},"_links":{"self":[{"href":"https:\/\/zelenydrak.cz\/velkoobchod\/wp-json\/wp\/v2\/product\/91688","targetHints":{"allow":["GET"]}}],"collection":[{"href":"https:\/\/zelenydrak.cz\/velkoobchod\/wp-json\/wp\/v2\/product"}],"about":[{"href":"https:\/\/zelenydrak.cz\/velkoobchod\/wp-json\/wp\/v2\/types\/product"}],"replies":[{"embeddable":true,"href":"https:\/\/zelenydrak.cz\/velkoobchod\/wp-json\/wp\/v2\/comments?post=91688"}],"wp:featuredmedia":[{"embeddable":true,"href":"https:\/\/zelenydrak.cz\/velkoobchod\/wp-json\/wp\/v2\/media\/91687"}],"wp:attachment":[{"href":"https:\/\/zelenydrak.cz\/velkoobchod\/wp-json\/wp\/v2\/media?parent=91688"}],"wp:term":[{"taxonomy":"product_brand","embeddable":true,"href":"https:\/\/zelenydrak.cz\/velkoobchod\/wp-json\/wp\/v2\/product_brand?post=91688"},{"taxonomy":"product_cat","embeddable":true,"href":"https:\/\/zelenydrak.cz\/velkoobchod\/wp-json\/wp\/v2\/product_cat?post=91688"},{"taxonomy":"product_tag","embeddable":true,"href":"https:\/\/zelenydrak.cz\/velkoobchod\/wp-json\/wp\/v2\/product_tag?post=91688"}],"curies":[{"name":"wp","href":"https:\/\/api.w.org\/{rel}","templated":true}]}}