{"id":91640,"date":"2025-03-05T08:08:06","date_gmt":"2025-03-05T08:08:06","guid":{"rendered":"https:\/\/zelenydrak.cz\/velkoobchod\/?post_type=product&#038;p=91640"},"modified":"2025-03-05T08:08:17","modified_gmt":"2025-03-05T08:08:17","slug":"south-korea-green-op-bio-pravy-zeleny-sypany-caj-bio","status":"publish","type":"product","link":"https:\/\/zelenydrak.cz\/velkoobchod\/produkt\/south-korea-green-op-bio-pravy-zeleny-sypany-caj-bio\/","title":{"rendered":"SOUTH KOREA GREEN OP BIO &#8211; prav\u00fd zelen\u00fd sypan\u00fd \u010daj BIO"},"content":{"rendered":"<h2>SOUTH KOREA GREEN OP BIO &#8211; prav\u00fd zelen\u00fd sypan\u00fd \u010daj BIO<\/h2>\n<p>Slo\u017een\u00ed: prav\u00fd zelen\u00fd \u010daj z Ji\u017en\u00ed Koreji 100%. Pr\u00e9miov\u00e1 kvalita. BIO \u010daj z kontrolovan\u00e9 ekologick\u00e9 oblasti.<\/p>\n<p><img loading=\"lazy\" decoding=\"async\" style=\"float: left;\" title=\"konvice \u010caj-a-K\u00e1va.cz\" src=\"https:\/\/caj-a-kava.cz\/img\/cms\/konvice_zelenydrak.png\" alt=\"konvice \u010caj-a-K\u00e1va.cz\" width=\"100\" height=\"100\" \/><\/p>\n<p>Tento luxusn\u00ed \u010daj V\u00e1s hned p\u0159i otev\u0159en\u00ed s\u00e1\u010dku nadchne  tr\u00e1vovou v\u016fn\u00ed. Tato v\u016fn\u011b se zn\u00e1sob\u00ed jakmile \u010daj zalijeme teplou kvalitn\u00ed vodou a nech\u00e1me vylouhovat. Po dvou a\u017e t\u0159ech minut\u00e1ch louhov\u00e1n\u00ed V\u00e1s \u010daj odm\u011bn\u00ed podmanivou v\u016fn\u00ed a n\u00e1dhernou  zelenou barvou n\u00e1levu.<\/p>\n<p>SOUTH KOREA GREEN OP BIO<\/p>\n<p> Je prav\u00fd zelen\u00fd \u010daj zpracov\u00e1van\u00fd tradi\u010dn\u00ed Korejskou metodou zvanou Ku-Jung-Ku-Po. V podstat\u011b se jedn\u00e1 o metodu, kdy korejci \u010daj dev\u011btkr\u00e1t pra\u017e\u00ed a dev\u011btkr\u00e1t ru\u010dn\u011b jakoby t\u0159ou. Touto metodou dok\u00e1\u017e\u00ed z \u010daje z\u00edskat tak velk\u00e9 mno\u017estv\u00ed t\u0159\u00edslovin jak je to jen mo\u017en\u00e9. <\/p>\n<p>Ji\u017en\u00ed Korea m\u00e1 tedy vlastn\u00ed origin\u00e1ln\u00ed zp\u016fsob zpracov\u00e1n\u00ed \u010daje jeho\u017e v\u00fdsledkem je p\u016fsobiv\u00e1 chu\u0165, mal\u00e9 ru\u010dn\u011b zavinovan\u00e9 listy, kter\u00e9 obsahuj\u00ed naprosto jedine\u010dnou, maxim\u00e1ln\u00ed chu\u0165 zelen\u00e9ho \u010daje.<\/p>\n<p><img decoding=\"async\" src=\"https:\/\/www.zelenydrak.cz\/wp-content\/uploads\/2019\/09\/ledov\u00fd-\u010daj-zelen\u00fd-drak.cz_.jpg\" alt=\"Prodej zelen\u00e9ho, sypan\u00e9ho BIO \u010daje.\" \/><\/p>\n<p>\u010caj je mi l\u00e1skou, k\u00e1va v\u00e1\u0161n\u00ed<\/p>\n<p>LEA<\/p>\n<p><p><img decoding=\"async\" src=\"https:\/\/caj-a-kava.cz\/obrazky\/uvod\/dobalouhovani\/zeleny_caj.jpg\" alt=\"Prodej zelen\u00e9ho, sypan\u00e9ho BIO \u010daje. P\u0159\u00edprava \u010daje od Zelen\u00fd Drak \u010daj a k\u00e1va\" \/><\/p>\n","protected":false},"excerpt":{"rendered":"<p><img loading=\"lazy\" decoding=\"async\" class=\"size-full wp-image-2970 alignleft\" src=\"https:\/\/zelenydrak.cz\/wp-content\/uploads\/2024\/08\/konvice-caj.png\" alt=\"\" width=\"48\" height=\"48\" \/>   V\u016fn\u011b a chu\u0165: siln\u00e9ho zelen\u00e9ho \u010daje s tr\u00e1vov\u00fdm akcentem. Ji\u017en\u00ed Korea m\u00e1 tedy vlastn\u00ed origin\u00e1ln\u00ed zp\u016fsob zpracov\u00e1n\u00ed \u010daje jeho\u017e v\u00fdsledkem je p\u016fsobiv\u00e1 siln\u00e1 chu\u0165 zelen\u00e9ho \u010daje.<\/p>\n","protected":false},"featured_media":91683,"comment_status":"open","ping_status":"closed","template":"","meta":[],"product_brand":[],"product_cat":[301,295,311],"product_tag":[],"class_list":{"0":"post-91640","1":"product","2":"type-product","3":"status-publish","4":"has-post-thumbnail","6":"product_cat-rarity-a-premiove-caje","7":"product_cat-zeleny-caj-cisty","8":"product_cat-zeleny-caj-cisty-bio","10":"first","11":"instock","12":"product-type-variable","13":"has-default-attributes"},"_links":{"self":[{"href":"https:\/\/zelenydrak.cz\/velkoobchod\/wp-json\/wp\/v2\/product\/91640","targetHints":{"allow":["GET"]}}],"collection":[{"href":"https:\/\/zelenydrak.cz\/velkoobchod\/wp-json\/wp\/v2\/product"}],"about":[{"href":"https:\/\/zelenydrak.cz\/velkoobchod\/wp-json\/wp\/v2\/types\/product"}],"replies":[{"embeddable":true,"href":"https:\/\/zelenydrak.cz\/velkoobchod\/wp-json\/wp\/v2\/comments?post=91640"}],"wp:featuredmedia":[{"embeddable":true,"href":"https:\/\/zelenydrak.cz\/velkoobchod\/wp-json\/wp\/v2\/media\/91683"}],"wp:attachment":[{"href":"https:\/\/zelenydrak.cz\/velkoobchod\/wp-json\/wp\/v2\/media?parent=91640"}],"wp:term":[{"taxonomy":"product_brand","embeddable":true,"href":"https:\/\/zelenydrak.cz\/velkoobchod\/wp-json\/wp\/v2\/product_brand?post=91640"},{"taxonomy":"product_cat","embeddable":true,"href":"https:\/\/zelenydrak.cz\/velkoobchod\/wp-json\/wp\/v2\/product_cat?post=91640"},{"taxonomy":"product_tag","embeddable":true,"href":"https:\/\/zelenydrak.cz\/velkoobchod\/wp-json\/wp\/v2\/product_tag?post=91640"}],"curies":[{"name":"wp","href":"https:\/\/api.w.org\/{rel}","templated":true}]}}