{"id":91638,"date":"2025-03-05T08:08:06","date_gmt":"2025-03-05T08:08:06","guid":{"rendered":"https:\/\/zelenydrak.cz\/velkoobchod\/?post_type=product&#038;p=91638"},"modified":"2025-03-05T08:08:17","modified_gmt":"2025-03-05T08:08:17","slug":"fitness-tea-bio-wellness-caj-bio","status":"publish","type":"product","link":"https:\/\/zelenydrak.cz\/velkoobchod\/produkt\/fitness-tea-bio-wellness-caj-bio\/","title":{"rendered":"FITNESS TEA BIO &#8211; wellness \u010daj BIO"},"content":{"rendered":"<p>Slo\u017een\u00ed:  rooibos natural *, citronov\u00e1 tr\u00e1va *, z\u00e1zvor (11%) *, zelen\u00fd \u010daj China Chun Mee *, tulsi *, b\u00edl\u00fd \u010daj Pai Mu Tan *, p\u0159\u00edrodn\u00ed aroma, m\u011bs\u00ed\u010dek l\u00e9ka\u0159sk\u00fd *, zelen\u00fd \u010daj Darjeeling OP *, mango (1%) *, r\u016f\u017eov\u00fd pep\u0159 *, guarana *. * ozna\u010den\u00e9 produkty poch\u00e1zej\u00ed z ekologicky kontrolovan\u00e9 oblasti.<\/p>\n<p><p>\u010caj je mi l\u00e1skou, k\u00e1va v\u00e1\u0161n\u00ed<\/p>\n<p>(LEA)<\/p>\n<p><p><img decoding=\"async\" src=\"http:\/\/caj-a-kava.cz\/obrazky\/uvod\/dobalouhovani\/rooibos.jpg\" alt=\"Prodej rooibos \u010daj\u016f. P\u0159\u00edprava \u010daje od Zelen\u00fd Drak \u010daj a k\u00e1va\" \/><\/p>\n","protected":false},"excerpt":{"rendered":"<p><strong>V\u016fn\u011b a chu\u0165:<\/strong> mango &#8211; z\u00e1zvor.<\/p>\n","protected":false},"featured_media":91677,"comment_status":"open","ping_status":"closed","template":"","meta":[],"product_brand":[],"product_cat":[304,307,309],"product_tag":[],"class_list":{"0":"post-91638","1":"product","2":"type-product","3":"status-publish","4":"has-post-thumbnail","6":"product_cat-bylinny-caj-a-smesi","7":"product_cat-wellness-caj-stihla-linie","8":"product_cat-wellness-caj-stihla-linie-bio","10":"first","11":"instock","12":"product-type-variable","13":"has-default-attributes"},"_links":{"self":[{"href":"https:\/\/zelenydrak.cz\/velkoobchod\/wp-json\/wp\/v2\/product\/91638","targetHints":{"allow":["GET"]}}],"collection":[{"href":"https:\/\/zelenydrak.cz\/velkoobchod\/wp-json\/wp\/v2\/product"}],"about":[{"href":"https:\/\/zelenydrak.cz\/velkoobchod\/wp-json\/wp\/v2\/types\/product"}],"replies":[{"embeddable":true,"href":"https:\/\/zelenydrak.cz\/velkoobchod\/wp-json\/wp\/v2\/comments?post=91638"}],"wp:featuredmedia":[{"embeddable":true,"href":"https:\/\/zelenydrak.cz\/velkoobchod\/wp-json\/wp\/v2\/media\/91677"}],"wp:attachment":[{"href":"https:\/\/zelenydrak.cz\/velkoobchod\/wp-json\/wp\/v2\/media?parent=91638"}],"wp:term":[{"taxonomy":"product_brand","embeddable":true,"href":"https:\/\/zelenydrak.cz\/velkoobchod\/wp-json\/wp\/v2\/product_brand?post=91638"},{"taxonomy":"product_cat","embeddable":true,"href":"https:\/\/zelenydrak.cz\/velkoobchod\/wp-json\/wp\/v2\/product_cat?post=91638"},{"taxonomy":"product_tag","embeddable":true,"href":"https:\/\/zelenydrak.cz\/velkoobchod\/wp-json\/wp\/v2\/product_tag?post=91638"}],"curies":[{"name":"wp","href":"https:\/\/api.w.org\/{rel}","templated":true}]}}