{"id":91635,"date":"2025-03-05T08:08:06","date_gmt":"2025-03-05T08:08:06","guid":{"rendered":"https:\/\/zelenydrak.cz\/velkoobchod\/?post_type=product&#038;p=91635"},"modified":"2025-03-05T08:08:17","modified_gmt":"2025-03-05T08:08:17","slug":"klidna-noc-bio-rooibos-bylinny-caj","status":"publish","type":"product","link":"https:\/\/zelenydrak.cz\/velkoobchod\/produkt\/klidna-noc-bio-rooibos-bylinny-caj\/","title":{"rendered":"KLIDN\u00c1 NOC BIO &#8211; rooibos bylinn\u00fd \u010daj"},"content":{"rendered":"<h2>KLIDN\u00c1 NOC BIO &#8211; rooibos, bylinn\u00fd \u010daj<\/h2>\n<p>Slo\u017een\u00ed \u010daje: rooibos *, citronov\u00e1 tr\u00e1va *, z\u00e1zvor * (9%), p\u0159\u00edrodn\u00ed p\u0159\u00edchu\u0165 brusinka a z\u00e1zvor, brusinka * (2%), chrpa modr\u00e1 *.  * ozna\u010den\u00e9 produkty poch\u00e1zej\u00ed z ekologicky kontrolovan\u00e9 oblasti.<\/p>\n<p><h2><img decoding=\"async\" src=\"https:\/\/caj-a-kava.cz\/obrazky\/uvod\/dobalouhovani\/rooibos.jpg\" alt=\"Prodej rooibos \u010daj\u016f. P\u0159\u00edprava \u010daje od Zelen\u00fd Drak \u010daj a k\u00e1va\" \/>\u00a0<\/h2>\n","protected":false},"excerpt":{"rendered":"<p><img loading=\"lazy\" decoding=\"async\" class=\"size-full wp-image-2970 alignleft\" src=\"https:\/\/zelenydrak.cz\/wp-content\/uploads\/2024\/08\/konvice-caj.png\" alt=\"\" width=\"48\" height=\"48\" \/>   V\u016fn\u011b a chu\u0165: brusinky a \u010derstv\u00e9ho z\u00e1zvoru.  Vychutnejte si no\u010dn\u00ed pohodu s na\u0161\u00edm jedine\u010dn\u00fdm rooibosem. <\/p>\n","protected":false},"featured_media":91668,"comment_status":"open","ping_status":"closed","template":"","meta":[],"product_brand":[],"product_cat":[313,312],"product_tag":[],"class_list":{"0":"post-91635","1":"product","2":"type-product","3":"status-publish","4":"has-post-thumbnail","6":"product_cat-rooibos","7":"product_cat-rooibos-bio","9":"first","10":"instock","11":"product-type-variable","12":"has-default-attributes"},"_links":{"self":[{"href":"https:\/\/zelenydrak.cz\/velkoobchod\/wp-json\/wp\/v2\/product\/91635","targetHints":{"allow":["GET"]}}],"collection":[{"href":"https:\/\/zelenydrak.cz\/velkoobchod\/wp-json\/wp\/v2\/product"}],"about":[{"href":"https:\/\/zelenydrak.cz\/velkoobchod\/wp-json\/wp\/v2\/types\/product"}],"replies":[{"embeddable":true,"href":"https:\/\/zelenydrak.cz\/velkoobchod\/wp-json\/wp\/v2\/comments?post=91635"}],"wp:featuredmedia":[{"embeddable":true,"href":"https:\/\/zelenydrak.cz\/velkoobchod\/wp-json\/wp\/v2\/media\/91668"}],"wp:attachment":[{"href":"https:\/\/zelenydrak.cz\/velkoobchod\/wp-json\/wp\/v2\/media?parent=91635"}],"wp:term":[{"taxonomy":"product_brand","embeddable":true,"href":"https:\/\/zelenydrak.cz\/velkoobchod\/wp-json\/wp\/v2\/product_brand?post=91635"},{"taxonomy":"product_cat","embeddable":true,"href":"https:\/\/zelenydrak.cz\/velkoobchod\/wp-json\/wp\/v2\/product_cat?post=91635"},{"taxonomy":"product_tag","embeddable":true,"href":"https:\/\/zelenydrak.cz\/velkoobchod\/wp-json\/wp\/v2\/product_tag?post=91635"}],"curies":[{"name":"wp","href":"https:\/\/api.w.org\/{rel}","templated":true}]}}