{"id":91633,"date":"2025-03-05T08:08:05","date_gmt":"2025-03-05T08:08:05","guid":{"rendered":"https:\/\/zelenydrak.cz\/velkoobchod\/?post_type=product&#038;p=91633"},"modified":"2025-03-05T08:08:17","modified_gmt":"2025-03-05T08:08:17","slug":"java-halimun-jade-oolong-organic-pravy-polofermentovany-oolong-caj","status":"publish","type":"product","link":"https:\/\/zelenydrak.cz\/velkoobchod\/produkt\/java-halimun-jade-oolong-organic-pravy-polofermentovany-oolong-caj\/","title":{"rendered":"JAVA HALIMUN JADE OOLONG ORGANIC &#8211; prav\u00fd polofermentovan\u00fd oolong \u010daj"},"content":{"rendered":"<h2>JAVA HALIMUN JADE OOLONG ORGANIC &#8211; prav\u00fd polofermentovan\u00fd oolong \u010daj<\/h2>\n<p>Slo\u017een\u00ed: prav\u00fd polofermentovan\u00fd \u010daj z Indon\u00e9sie 100%. <\/p>\n<p><img loading=\"lazy\" decoding=\"async\" style=\"float: left;\" title=\"konvice \u010caj-a-K\u00e1va.cz\" src=\"https:\/\/caj-a-kava.cz\/img\/cms\/konvice_zelenydrak.png\" alt=\"konvice \u010caj-a-K\u00e1va.cz\" width=\"100\" height=\"100\" \/><\/p>\n<p>Oolong V\u00e1s hned p\u0159i otev\u0159en\u00ed s\u00e1\u010dku nadchne omamuj\u00edc\u00ed sladce ml\u00e9\u010dnou v\u016fn\u00ed. Tato v\u016fn\u011b se zn\u00e1sob\u00ed jakmile \u010daj zalijeme teplou kvalitn\u00ed vodou a nech\u00e1me vylouhovat. Po dvou a\u017e t\u0159ech minut\u00e1ch louhov\u00e1n\u00ed V\u00e1s \u010daj odm\u011bn\u00ed podmanivou v\u016fn\u00ed a n\u00e1dhernou \u017elutou barvou n\u00e1levu. S ka\u017ed\u00fdm dal\u0161\u00edm n\u00e1levem se \u010daj st\u00e1v\u00e1 lahodn\u011b jemn\u00fdm. Doporu\u010dujeme t\u0159i a\u017e \u010dty\u0159i n\u00e1levy. <\/p>\n<p>Na z\u00e1padn\u00edm pob\u0159e\u017e\u00ed indon\u00e9sk\u00e9ho ostrova J\u00e1va, uprost\u0159ed chr\u00e1n\u011bn\u00e9ho n\u00e1rodn\u00edho parku Gunung Halimun, vznik\u00e1 neobvykle jemn\u00fd, ml\u00e9\u010dn\u011b \u010derstv\u00fd oolong, kter\u00e9mu se da\u0159\u00ed takto r\u016fst d\u00edky sope\u010dn\u00e9 p\u016fd\u011b. \u010caj Java Halimun Jade Oolong ORGANIC se p\u011bstuje podle ekologick\u00fdch norem. Plant\u00e1\u017e se zavla\u017euje  \u010derstvou horskou pramenitou vodou b\u011bhem such\u00e9 sez\u00f3ny a toto seskupen\u00ed vytv\u00e1\u0159\u00ed \u0161\u0165avnat\u00fd, zelen\u00fd perlov\u00fd \u010daj.  Perlov\u00e9 l\u00edstky jsou ru\u010dn\u011b zpracov\u00e1van\u00e9 a p\u0159i zalit\u00ed teplou vodou vytvo\u0159\u00ed v \u0161\u00e1lku sladkou omamnou chu\u0165. \u010caj\u00edk poch\u00e1z\u00ed z kontrolovan\u00e9ho ekologick\u00e9ho zem\u011bd\u011blstv\u00ed.<\/p>\n<p>\u010caj je mi l\u00e1skou, k\u00e1va v\u00e1\u0161n\u00ed<\/p>\n<p><em>(LEA<\/em>)<\/p>\n<p><img decoding=\"async\" src=\"https:\/\/caj-a-kava.cz\/obrazky\/uvod\/dobalouhovani\/oolong.jpg\" alt=\"Prodej \u017elut\u00e9ho (oolong) \u010daje. P\u0159\u00edprava \u010daje od Zelen\u00fd Drak \u010daj a k\u00e1va\" \/><\/p>\n","protected":false},"excerpt":{"rendered":"<p><img loading=\"lazy\" decoding=\"async\" class=\"size-full wp-image-2970 alignleft\" src=\"https:\/\/zelenydrak.cz\/wp-content\/uploads\/2024\/08\/konvice-caj.png\" alt=\"\" width=\"48\" height=\"48\" \/>   V\u016fn\u011b a chu\u0165: sladk\u00e1 omamn\u00e1 chu\u0165.<\/p>\n","protected":false},"featured_media":91660,"comment_status":"open","ping_status":"closed","template":"","meta":[],"product_brand":[],"product_cat":[343,342,301],"product_tag":[],"class_list":{"0":"post-91633","1":"product","2":"type-product","3":"status-publish","4":"has-post-thumbnail","6":"product_cat-oolong-caj-cisty","7":"product_cat-oolong-caj-cisty-bio","8":"product_cat-rarity-a-premiove-caje","10":"first","11":"instock","12":"product-type-variable","13":"has-default-attributes"},"_links":{"self":[{"href":"https:\/\/zelenydrak.cz\/velkoobchod\/wp-json\/wp\/v2\/product\/91633","targetHints":{"allow":["GET"]}}],"collection":[{"href":"https:\/\/zelenydrak.cz\/velkoobchod\/wp-json\/wp\/v2\/product"}],"about":[{"href":"https:\/\/zelenydrak.cz\/velkoobchod\/wp-json\/wp\/v2\/types\/product"}],"replies":[{"embeddable":true,"href":"https:\/\/zelenydrak.cz\/velkoobchod\/wp-json\/wp\/v2\/comments?post=91633"}],"wp:featuredmedia":[{"embeddable":true,"href":"https:\/\/zelenydrak.cz\/velkoobchod\/wp-json\/wp\/v2\/media\/91660"}],"wp:attachment":[{"href":"https:\/\/zelenydrak.cz\/velkoobchod\/wp-json\/wp\/v2\/media?parent=91633"}],"wp:term":[{"taxonomy":"product_brand","embeddable":true,"href":"https:\/\/zelenydrak.cz\/velkoobchod\/wp-json\/wp\/v2\/product_brand?post=91633"},{"taxonomy":"product_cat","embeddable":true,"href":"https:\/\/zelenydrak.cz\/velkoobchod\/wp-json\/wp\/v2\/product_cat?post=91633"},{"taxonomy":"product_tag","embeddable":true,"href":"https:\/\/zelenydrak.cz\/velkoobchod\/wp-json\/wp\/v2\/product_tag?post=91633"}],"curies":[{"name":"wp","href":"https:\/\/api.w.org\/{rel}","templated":true}]}}