{"id":91632,"date":"2025-03-05T08:08:05","date_gmt":"2025-03-05T08:08:05","guid":{"rendered":"https:\/\/zelenydrak.cz\/velkoobchod\/?post_type=product&#038;p=91632"},"modified":"2025-03-05T08:08:17","modified_gmt":"2025-03-05T08:08:17","slug":"nepal-himalayan-1st-flush-jun-chyiabary-forbidden-kingdom-organic","status":"publish","type":"product","link":"https:\/\/zelenydrak.cz\/velkoobchod\/produkt\/nepal-himalayan-1st-flush-jun-chyiabary-forbidden-kingdom-organic\/","title":{"rendered":"NEPAL HIMALAYAN 1st FLUSH JUN CHYIABARY FORBIDDEN KINGDOM ORGANIC"},"content":{"rendered":"<h2>NEPAL HIMALAYAN 1st FLUSH JUN CHYIABARY FORBIDDEN KINGDOM ORGANIC<\/h2>\n<p>Slo\u017een\u00ed: prav\u00fd polofermentovan\u00fd \u010daj oolong z Nep\u00e1lu 100%. <\/p>\n<p><img loading=\"lazy\" decoding=\"async\" style=\"float: left;\" title=\"konvice \u010caj-a-K\u00e1va.cz\" src=\"https:\/\/caj-a-kava.cz\/img\/cms\/konvice_zelenydrak.png\" alt=\"konvice \u010caj-a-K\u00e1va.cz\" width=\"100\" height=\"100\" \/><\/p>\n<p>Nep\u00e1lsk\u00fd \u010daj V\u00e1s hned p\u0159i otev\u0159en\u00ed s\u00e1\u010dku nadchne omamuj\u00edc\u00ed v\u016fn\u00ed s \u010dokol\u00e1dov\u00fdmi t\u00f3ny. Tato v\u016fn\u011b se zn\u00e1sob\u00ed jakmile \u010daj zalijeme teplou kvalitn\u00ed vodou a nech\u00e1me vylouhovat. Po dvou a\u017e t\u0159ech minut\u00e1ch louhov\u00e1n\u00ed V\u00e1s \u010daj odm\u011bn\u00ed podmanivou v\u016fn\u00ed a n\u00e1dhernou \u017elutou barvou n\u00e1levu. S ka\u017ed\u00fdm dal\u0161\u00edm n\u00e1levem se \u010daj st\u00e1v\u00e1 lahodn\u011b jemn\u00fdm. Doporu\u010dujeme t\u0159i a\u017e \u010dty\u0159i n\u00e1levy. <\/p>\n<p>V hor\u00e1ch nep\u00e1lsk\u00fdch Himal\u00e1j\u00ed se nal\u00e9z\u00e1 mal\u00e1, malebn\u00e1 \u010dajov\u00e1 plant\u00e1\u017e Jun Chinyabari. Zde v nadmo\u0159sk\u00e9 v\u00fd\u0161ce vy\u0161\u0161\u00ed ne\u017e 1835 m rostou \u010dajov\u00e9 l\u00edstky velmi pomalu, co\u017e jim d\u00e1v\u00e1 obvzl\u00e1\u0161t\u011b intenzivn\u00ed \u010dokol\u00e1dov\u011b l\u00edbezn\u00e9 aroma. Polofermentovan\u00e9 l\u00edstky vytv\u00e1\u0159ej\u00ed prvot\u0159\u00eddn\u00ed oolong s pikantn\u00ed p\u0159\u00edchut\u00ed. Zkroucen\u00e1 struktura \u010dajov\u00e9ho l\u00edstku je vybavena jemn\u00fdmi, b\u00edl\u00fdmi, \u010dajov\u00fdmi kv\u011bty, kter\u00e9 jsou pokryt\u00e9 jemn\u00fdm chm\u00ed\u0159\u00edm. \u010caj\u00edk poch\u00e1z\u00ed z kontrolovan\u00e9ho ekologick\u00e9ho zem\u011bd\u011blstv\u00ed.<\/p>\n<p><p>\u010caj je mi l\u00e1skou, k\u00e1va v\u00e1\u0161n\u00ed<\/p>\n<p><em>(LEA<\/em>)<\/p>\n<p><img decoding=\"async\" src=\"https:\/\/caj-a-kava.cz\/obrazky\/uvod\/dobalouhovani\/oolong.jpg\" alt=\"Prodej \u017elut\u00e9ho (oolong) \u010daje. P\u0159\u00edprava \u010daje od Zelen\u00fd Drak \u010daj a k\u00e1va\" \/><\/p>\n","protected":false},"excerpt":{"rendered":"<p><img loading=\"lazy\" decoding=\"async\" class=\"size-full wp-image-2970 alignleft\" src=\"https:\/\/zelenydrak.cz\/wp-content\/uploads\/2024\/08\/konvice-caj.png\" alt=\"\" width=\"48\" height=\"48\" \/>   V\u016fn\u011b a chu\u0165: jemn\u00e1, \u010dist\u00e1 v\u016fn\u011b s \u010dokol\u00e1dov\u00fdmi t\u00f3ny. V hor\u00e1ch nep\u00e1lsk\u00fdch Himal\u00e1j\u00ed se nal\u00e9z\u00e1 mal\u00e1, malebn\u00e1 \u010dajov\u00e1 plant\u00e1\u017e Jun Chinyabari. Zde v nadmo\u0159sk\u00e9 v\u00fd\u0161ce vy\u0161\u0161\u00ed ne\u017e 1835 m rostou \u010dajov\u00e9 l\u00edstky velmi pomalu, co\u017e jim d\u00e1v\u00e1 obvzl\u00e1\u0161t\u011b intenzivn\u00ed \u010dokol\u00e1dov\u011b l\u00edbezn\u00e9 aroma. <\/p>\n","protected":false},"featured_media":91657,"comment_status":"open","ping_status":"closed","template":"","meta":[],"product_brand":[],"product_cat":[343,342,301],"product_tag":[],"class_list":{"0":"post-91632","1":"product","2":"type-product","3":"status-publish","4":"has-post-thumbnail","6":"product_cat-oolong-caj-cisty","7":"product_cat-oolong-caj-cisty-bio","8":"product_cat-rarity-a-premiove-caje","10":"first","11":"instock","12":"product-type-variable","13":"has-default-attributes"},"_links":{"self":[{"href":"https:\/\/zelenydrak.cz\/velkoobchod\/wp-json\/wp\/v2\/product\/91632","targetHints":{"allow":["GET"]}}],"collection":[{"href":"https:\/\/zelenydrak.cz\/velkoobchod\/wp-json\/wp\/v2\/product"}],"about":[{"href":"https:\/\/zelenydrak.cz\/velkoobchod\/wp-json\/wp\/v2\/types\/product"}],"replies":[{"embeddable":true,"href":"https:\/\/zelenydrak.cz\/velkoobchod\/wp-json\/wp\/v2\/comments?post=91632"}],"wp:featuredmedia":[{"embeddable":true,"href":"https:\/\/zelenydrak.cz\/velkoobchod\/wp-json\/wp\/v2\/media\/91657"}],"wp:attachment":[{"href":"https:\/\/zelenydrak.cz\/velkoobchod\/wp-json\/wp\/v2\/media?parent=91632"}],"wp:term":[{"taxonomy":"product_brand","embeddable":true,"href":"https:\/\/zelenydrak.cz\/velkoobchod\/wp-json\/wp\/v2\/product_brand?post=91632"},{"taxonomy":"product_cat","embeddable":true,"href":"https:\/\/zelenydrak.cz\/velkoobchod\/wp-json\/wp\/v2\/product_cat?post=91632"},{"taxonomy":"product_tag","embeddable":true,"href":"https:\/\/zelenydrak.cz\/velkoobchod\/wp-json\/wp\/v2\/product_tag?post=91632"}],"curies":[{"name":"wp","href":"https:\/\/api.w.org\/{rel}","templated":true}]}}