{"id":91630,"date":"2025-03-05T08:08:05","date_gmt":"2025-03-05T08:08:05","guid":{"rendered":"https:\/\/zelenydrak.cz\/velkoobchod\/?post_type=product&#038;p=91630"},"modified":"2025-03-05T08:08:17","modified_gmt":"2025-03-05T08:08:17","slug":"kava-mexiko-maragogype-finca-liquidambar","status":"publish","type":"product","link":"https:\/\/zelenydrak.cz\/velkoobchod\/produkt\/kava-mexiko-maragogype-finca-liquidambar\/","title":{"rendered":"K\u00c1VA MEXIKO MARAGOGYPE FINCA LIQUIDAMBAR"},"content":{"rendered":"<h2> MEXICO MARAGOGYPE FINCA LIQUIDAMBAR &#8211; \u010derstv\u00e1 k\u00e1va<\/h2>\n<p>Slo\u017een\u00ed: \u010dern\u00e1  k\u00e1va 100% Arabika <\/p>\n<p> K\u00e1va V\u00e1s ihned po otev\u0159en\u00ed s\u00e1\u010dku nadchne  \u00fa\u017easnou k\u00e1vovou v\u016fn\u00ed,  sofistikovanou chut\u00ed, zd\u016frazn\u011bnou jemnou kyselost\u00ed a lehk\u00fdmi ovocn\u00fdmi t\u00f3ny. D\u00e1le je mo\u017en\u00e9 c\u00edtit slad, pomeran\u010dovou k\u016fru a cedrov\u00e9 d\u0159evo. Tato v\u016fn\u011b se zn\u00e1sob\u00ed jakmile k\u00e1vu zalijeme horkou vodou. Po spr\u00e1vn\u00e9 p\u0159\u00edprav\u011b   V\u00e1s k\u00e1va odm\u011bn\u00ed podmanivou v\u016fn\u00ed a delik\u00e1tn\u00ed chut\u00ed.<\/p>\n<p><strong>O mexick\u00e9 k\u00e1v\u011b<\/strong><\/p>\n<p>Tato odr\u016fda mexick\u00e9 k\u00e1vy je pojmenovan\u00e1 po brazilsk\u00e9m m\u011bst\u011b Maragogype. Maragogype je velk\u00fd k\u00e1vov\u00fd poddruh Arabiky, kter\u00e1 m\u00e1 velmi jemnou chu\u0165, u\u0161lechtile obohacenou o jemnou kyselinku a lehk\u00e9 ovocn\u00e9 t\u00f3ny. O\u0159echovo \u010dokol\u00e1dov\u00e9 aroma d\u00e1v\u00e1 vyniknout odr\u016fd\u011b, kter\u00e1 se py\u0161n\u00ed nejv\u011bt\u0161\u00edma k\u00e1vov\u00fdma zrnkama. N\u011bkdy se jim t\u00e9\u017e p\u0159ezd\u00edv\u00e1 slon\u00ed fazole.\u00a0<\/p>\n<p><img decoding=\"async\" src=\"https:\/\/www.zelenydrak.cz\/wp-content\/uploads\/2019\/04\/MEXIKO-ZELENYDRAK.CZ_.jpg\" \/><\/p>\n<h4>V\u00edce o k\u00e1v\u011b:<\/h4>\n<table class=\"table table-bordered\" width=\"594\" border=\"1\" cellspacing=\"1\" cellpadding=\"1\">\n<tbody>\n<tr>\n<td width=\"115\"><strong>Oblast<\/strong><\/td>\n<td width=\"72\">Chiapas [\u010diapas] je nejji\u017en\u011bj\u0161\u00ed mexick\u00fd st\u00e1t a tak\u00e9 nejchud\u0161\u00ed oblast Mexika. Na z\u00e1pad\u011b hrani\u010d\u00ed s Oaxakou, na severoz\u00e1pad\u011b s Veracruzem, na severu s Tabaskem, na severov\u00fdchod\u011b s Campeche a na v\u00fdchod\u011b s Guatemalou. Z jihu ho om\u00fdvaj\u00ed vody Tich\u00e9ho oce\u00e1nu.<\/td>\n<\/tr>\n<tr>\n<td><strong>Nadmo\u0159sk\u00e1 v\u00fd\u0161ka<\/strong><\/td>\n<td>1250 m<\/td>\n<\/tr>\n<tr>\n<td><strong>Zpracov\u00e1n\u00ed<\/strong><\/td>\n<td>Mokr\u00e9<\/td>\n<\/tr>\n<tr>\n<td><strong>P\u016fda<\/strong><\/td>\n<td>\u00darodn\u00e1 de\u0161tn\u00e9ho pralesa<\/td>\n<\/tr>\n<tr>\n<td><strong>Detail kultivaru<\/strong><\/td>\n<td>Maragogype<\/td>\n<\/tr>\n<tr>\n<td><strong>St\u00edn strom\u016f<\/strong><\/td>\n<td>Ano<\/td>\n<\/tr>\n<tr>\n<td><strong>Kvalita<\/strong><\/td>\n<td>Superior EP Screen 19<\/td>\n<\/tr>\n<\/tbody>\n<\/table>\n<h4>Chu\u0165ov\u00fd profil:<\/h4>\n<table class=\"table table-bordered\" width=\"596\" border=\"2\" cellspacing=\"2\" cellpadding=\"2\">\n<tbody>\n<tr>\n<th width=\"100\" scope=\"row\">Stupe\u0148 pra\u017een\u00ed<\/th>\n<td width=\"100\" bgcolor=\"#4B1211\"><\/td>\n<td width=\"100\" bgcolor=\"#4B1211\"><\/td>\n<td width=\"100\"><\/td>\n<td width=\"100\"><\/td>\n<td width=\"100\"><\/td>\n<\/tr>\n<tr>\n<th scope=\"row\">Aroma<\/th>\n<td bgcolor=\"#4B1211\"><\/td>\n<td bgcolor=\"#4B1211\"><\/td>\n<td bgcolor=\"#4B1211\"><\/td>\n<td><\/td>\n<td><\/td>\n<\/tr>\n<tr>\n<th scope=\"row\">Komplexnost<\/th>\n<td bgcolor=\"#4B1211\"><\/td>\n<td bgcolor=\"#4B1211\"><\/td>\n<td><\/td>\n<td><\/td>\n<td><\/td>\n<\/tr>\n<tr>\n<th scope=\"row\">T\u011blo<\/th>\n<td bgcolor=\"#4B1211\"><\/td>\n<td bgcolor=\"#4B1211\"><\/td>\n<td bgcolor=\"#4B1211\"><\/td>\n<td bgcolor=\"#4B1211\"><\/td>\n<td><\/td>\n<\/tr>\n<tr>\n<th scope=\"row\">Charakter<\/th>\n<td bgcolor=\"#4B1211\"><\/td>\n<td bgcolor=\"#4B1211\"><\/td>\n<td bgcolor=\"#4B1211\"><\/td>\n<td bgcolor=\"#4B1211\"><\/td>\n<td bgcolor=\"#4B1211\"><\/td>\n<\/tr>\n<tr>\n<th scope=\"row\">Ovocnost<\/th>\n<td bgcolor=\"#4B1211\"><\/td>\n<td bgcolor=\"#4B1211\"><\/td>\n<td><\/td>\n<td><\/td>\n<td><\/td>\n<\/tr>\n<tr>\n<th scope=\"row\">Vyv\u00e1\u017eenost<\/th>\n<td bgcolor=\"#4B1211\"><\/td>\n<td bgcolor=\"#4B1211\"><\/td>\n<td><\/td>\n<td><\/td>\n<td><\/td>\n<\/tr>\n<tr>\n<th scope=\"row\">Kr\u00e9ma<\/th>\n<td bgcolor=\"#4B1211\"><\/td>\n<td><\/td>\n<td><\/td>\n<td><\/td>\n<td><\/td>\n<\/tr>\n<\/tbody>\n<\/table>\n<p>\u00a0<\/p>\n<p>\u00a0\u010caj je mi l\u00e1skou, k\u00e1va v\u00e1\u0161n\u00ed<\/p>\n<p>(LEA)<\/p>\n<p><img decoding=\"async\" src=\"https:\/\/caj-a-kava.cz\/obrazky\/uvod\/dobalouhovani\/kava.jpg\" alt=\"Prodej prav\u00e9 zrnkov\u00e9 k\u00e1vy. P\u0159\u00edprava k\u00e1vy od Zelen\u00fd Drak\"><\/p>\n","protected":false},"excerpt":{"rendered":"<p>Maragogype je velkoplod\u00fd podtyp Arabiky s jemnou, sofistikovanou chut\u00ed, zd\u016frazn\u011bnou jemnou kyselost\u00ed a lehk\u00fdmi ovocn\u00fdmi t\u00f3ny. Dobrou chu\u0165.<\/p>\n","protected":false},"featured_media":91651,"comment_status":"open","ping_status":"closed","template":"","meta":[],"product_brand":[],"product_cat":[327],"product_tag":[],"class_list":{"0":"post-91630","1":"product","2":"type-product","3":"status-publish","4":"has-post-thumbnail","6":"product_cat-kava-cista","8":"first","9":"instock","10":"product-type-variable","11":"has-default-attributes"},"_links":{"self":[{"href":"https:\/\/zelenydrak.cz\/velkoobchod\/wp-json\/wp\/v2\/product\/91630","targetHints":{"allow":["GET"]}}],"collection":[{"href":"https:\/\/zelenydrak.cz\/velkoobchod\/wp-json\/wp\/v2\/product"}],"about":[{"href":"https:\/\/zelenydrak.cz\/velkoobchod\/wp-json\/wp\/v2\/types\/product"}],"replies":[{"embeddable":true,"href":"https:\/\/zelenydrak.cz\/velkoobchod\/wp-json\/wp\/v2\/comments?post=91630"}],"wp:featuredmedia":[{"embeddable":true,"href":"https:\/\/zelenydrak.cz\/velkoobchod\/wp-json\/wp\/v2\/media\/91651"}],"wp:attachment":[{"href":"https:\/\/zelenydrak.cz\/velkoobchod\/wp-json\/wp\/v2\/media?parent=91630"}],"wp:term":[{"taxonomy":"product_brand","embeddable":true,"href":"https:\/\/zelenydrak.cz\/velkoobchod\/wp-json\/wp\/v2\/product_brand?post=91630"},{"taxonomy":"product_cat","embeddable":true,"href":"https:\/\/zelenydrak.cz\/velkoobchod\/wp-json\/wp\/v2\/product_cat?post=91630"},{"taxonomy":"product_tag","embeddable":true,"href":"https:\/\/zelenydrak.cz\/velkoobchod\/wp-json\/wp\/v2\/product_tag?post=91630"}],"curies":[{"name":"wp","href":"https:\/\/api.w.org\/{rel}","templated":true}]}}