{"id":91629,"date":"2025-03-05T08:08:05","date_gmt":"2025-03-05T08:08:05","guid":{"rendered":"https:\/\/zelenydrak.cz\/velkoobchod\/?post_type=product&#038;p=91629"},"modified":"2025-03-05T08:08:17","modified_gmt":"2025-03-05T08:08:17","slug":"espresso-supremo-bio-80-arabika-20-robusta","status":"publish","type":"product","link":"https:\/\/zelenydrak.cz\/velkoobchod\/produkt\/espresso-supremo-bio-80-arabika-20-robusta\/","title":{"rendered":"ESPRESSO SUPREMO BIO &#8211; 80% ARABIKA 20% ROBUSTA"},"content":{"rendered":"<h2>ESPRESSO SUPREMO BIO &#8211; 80% ARABIKA, 20% ROBUSTA <\/h2>\n<p>Slo\u017een\u00ed: pra\u017een\u00e1 k\u00e1va 80% Arabika a 20% Robusta. Espresso Supremo se vyzna\u010duje velmi dobrou karamelovou interakc\u00ed s ml\u00e9kem. P\u0159i p\u0159\u00edprav\u011b kapu\u010d\u00edna bude chu\u0165 k\u00e1vy v\u017edy v\u00fdrazn\u00e1, d\u00edky jej\u00ed siln\u00e9 pikantnosti. Po spojen\u00ed s ml\u00e9kem vytvo\u0159\u00ed velmi harmonickou chu\u0165. V latte macchiato, vytvo\u0159\u00ed n\u00e1dhernou, zaoblenou moka p\u0159\u00edchu\u0165. Kombinace pouze dvou \u010dist\u00fdch organick\u00fdch k\u00e1v (z nich\u017e ka\u017ed\u00e1 je individu\u00e1ln\u011b pra\u017een\u00e1), d\u011bl\u00e1 toto espresso opravdu jedine\u010dn\u00e9.<\/p>\n<p>Sm\u011bs odr\u016fd: Indon\u00e9sie Flores Bajawa, Tanzanie Bokuba Robusta<\/p>\n<p>Vhodn\u00e1 pro p\u0159\u00edpravu: espresso, espresso macchiato, cappuccino, caff\u00e9 latt\u00e9<\/p>\n<p><img decoding=\"async\" src=\"https:\/\/caj-a-kava.cz\/obrazky\/uvod\/dobalouhovani\/kava.jpg\" alt=\"Prodej prav\u00e9 zrnkov\u00e9 k\u00e1vy. P\u0159\u00edprava k\u00e1vy od Zelen\u00fd Drak\"><\/p>\n","protected":false},"excerpt":{"rendered":"<p>Espresso Supremo se vyzna\u010duje velmi dobrou karamelovou interakc\u00ed s ml\u00e9kem. P\u0159i p\u0159\u00edprav\u011b kapu\u010d\u00edna bude chu\u0165 k\u00e1vy v\u017edy v\u00fdrazn\u00e1, d\u00edky jej\u00ed siln\u00e9 pikantnosti. Po spojen\u00ed s ml\u00e9kem vytvo\u0159\u00ed velmi harmonickou chu\u0165.<\/p>\n","protected":false},"featured_media":91648,"comment_status":"open","ping_status":"closed","template":"","meta":[],"product_brand":[],"product_cat":[344,327],"product_tag":[],"class_list":{"0":"post-91629","1":"product","2":"type-product","3":"status-publish","4":"has-post-thumbnail","6":"product_cat-kava-bio","7":"product_cat-kava-cista","9":"first","10":"instock","11":"product-type-variable","12":"has-default-attributes"},"_links":{"self":[{"href":"https:\/\/zelenydrak.cz\/velkoobchod\/wp-json\/wp\/v2\/product\/91629","targetHints":{"allow":["GET"]}}],"collection":[{"href":"https:\/\/zelenydrak.cz\/velkoobchod\/wp-json\/wp\/v2\/product"}],"about":[{"href":"https:\/\/zelenydrak.cz\/velkoobchod\/wp-json\/wp\/v2\/types\/product"}],"replies":[{"embeddable":true,"href":"https:\/\/zelenydrak.cz\/velkoobchod\/wp-json\/wp\/v2\/comments?post=91629"}],"wp:featuredmedia":[{"embeddable":true,"href":"https:\/\/zelenydrak.cz\/velkoobchod\/wp-json\/wp\/v2\/media\/91648"}],"wp:attachment":[{"href":"https:\/\/zelenydrak.cz\/velkoobchod\/wp-json\/wp\/v2\/media?parent=91629"}],"wp:term":[{"taxonomy":"product_brand","embeddable":true,"href":"https:\/\/zelenydrak.cz\/velkoobchod\/wp-json\/wp\/v2\/product_brand?post=91629"},{"taxonomy":"product_cat","embeddable":true,"href":"https:\/\/zelenydrak.cz\/velkoobchod\/wp-json\/wp\/v2\/product_cat?post=91629"},{"taxonomy":"product_tag","embeddable":true,"href":"https:\/\/zelenydrak.cz\/velkoobchod\/wp-json\/wp\/v2\/product_tag?post=91629"}],"curies":[{"name":"wp","href":"https:\/\/api.w.org\/{rel}","templated":true}]}}